{"id":959,"date":"2023-07-03T16:57:23","date_gmt":"2023-07-03T16:57:23","guid":{"rendered":"https:\/\/apocalipsis.pe\/?post_type=product&#038;p=959"},"modified":"2024-09-04T21:07:39","modified_gmt":"2024-09-04T21:07:39","slug":"mutant-mass-15lb","status":"publish","type":"product","link":"https:\/\/apocalipsis.pe\/?product=mutant-mass-15lb","title":{"rendered":"Mutant Mass 5Lb"},"content":{"rendered":"<p><strong>1,100 calor\u00edas por servicio.<\/strong><\/p>\n<p>Hecho con carbohidratos complejos de grano entero (cebada, batata, avena tostada, palta, aceite de coco, semilla de linaza y de zapallo, aceite de girasol)<\/p>\n<ul>\n<li>56 g de pura prote\u00edna<\/li>\n<li>192 gramos de carbohidratos limpios<\/li>\n<li>12 g de grasa<\/li>\n<li>26.1 g de EEAs<\/li>\n<li>12.2g de BCAAs<\/li>\n<li>Acidos grasos escenciales.<\/li>\n<li>Aceites naturales de coco, aguacate, linaza, zapallo, girasol<\/li>\n<li>Sabor Gourmet<\/li>\n<\/ul>\n<p>Dise\u00f1ado espec\u00edficamente para los f\u00edsico-culturistas m\u00e1s fuertes y los Ectomorfos que disfrutan el ejercicio y desean ganar masa. Mutant Mass est\u00e1 en el mercado en m\u00e1s de 100 pa\u00edses. Este ganador de peso fue descubierto por atletas buscando los gainers m\u00e1s poderosos del mercado.<br \/>\nCada servicio alimenta tus m\u00fasculos con 1100 calor\u00edas, 56 gramos de prote\u00edna pura, 192 gramos de carbohidratos limpios y 12 gramos de grasa. Bebe un batido de Mutant post entrenamiento, entre comidas o antes de dormir para maximizar los resultados.<\/p>\n<p><strong>FORMA DE CONSUMO:\u00a0<\/strong><br \/>\nA\u00f1ade 12 a 20 onzas fluidas (360ml a 600ml) de agua a un shaker o tomatodo, y a\u00f1ade un servicio de Mutant Mass; batir o licuar por 15 \u2013 20 minutos (o hasta que el polvo de diluya por completo) y consume dos veces al d\u00eda. Ajusta la cantidad de agua para conseguir el sabor y espesor de tu preferencia.<\/p>\n","protected":false},"excerpt":{"rendered":"<ul>\n<li>\u00a1El ganador de peso n\u00famero uno en ventas de MUTANT!<\/li>\n<li>1.100 calor\u00edas por porci\u00f3n<\/li>\n<li>Elaborado con alimentos integrales naturales (cebada, batata, avena arrollada, aguacate, aceite de coco, linaza, semilla de calabaza y aceite de girasol)<\/li>\n<li>56 g de prote\u00edna pura, 192 g de carbohidratos limpios, 12 g de grasa<\/li>\n<li>26,1 g de EAA y 12,2 g de BCAA (presentes de forma natural)<\/li>\n<li>\u00c1cidos grasos esenciales (AGE) y aceites naturales de coco, aguacate, linaza, semilla de calabaza y girasol.<\/li>\n<li>Dise\u00f1ado en nuestras propias instalaciones de fabricaci\u00f3n de \u00faltima generaci\u00f3n para mantener la calidad de primer nivel.<\/li>\n<li>\u00a1Sabor gourmet!<\/li>\n<\/ul>\n","protected":false},"featured_media":28542,"comment_status":"open","ping_status":"closed","template":"","meta":[],"product_cat":[33,53],"product_tag":[],"aioseo_notices":[],"_links":{"self":[{"href":"https:\/\/apocalipsis.pe\/index.php?rest_route=\/wp\/v2\/product\/959"}],"collection":[{"href":"https:\/\/apocalipsis.pe\/index.php?rest_route=\/wp\/v2\/product"}],"about":[{"href":"https:\/\/apocalipsis.pe\/index.php?rest_route=\/wp\/v2\/types\/product"}],"replies":[{"embeddable":true,"href":"https:\/\/apocalipsis.pe\/index.php?rest_route=%2Fwp%2Fv2%2Fcomments&post=959"}],"version-history":[{"count":5,"href":"https:\/\/apocalipsis.pe\/index.php?rest_route=\/wp\/v2\/product\/959\/revisions"}],"predecessor-version":[{"id":28676,"href":"https:\/\/apocalipsis.pe\/index.php?rest_route=\/wp\/v2\/product\/959\/revisions\/28676"}],"wp:featuredmedia":[{"embeddable":true,"href":"https:\/\/apocalipsis.pe\/index.php?rest_route=\/wp\/v2\/media\/28542"}],"wp:attachment":[{"href":"https:\/\/apocalipsis.pe\/index.php?rest_route=%2Fwp%2Fv2%2Fmedia&parent=959"}],"wp:term":[{"taxonomy":"product_cat","embeddable":true,"href":"https:\/\/apocalipsis.pe\/index.php?rest_route=%2Fwp%2Fv2%2Fproduct_cat&post=959"},{"taxonomy":"product_tag","embeddable":true,"href":"https:\/\/apocalipsis.pe\/index.php?rest_route=%2Fwp%2Fv2%2Fproduct_tag&post=959"}],"curies":[{"name":"wp","href":"https:\/\/api.w.org\/{rel}","templated":true}]}}