{"id":949,"date":"2023-07-03T16:45:10","date_gmt":"2023-07-03T16:45:10","guid":{"rendered":"https:\/\/apocalipsis.pe\/?post_type=product&#038;p=949"},"modified":"2024-09-04T22:07:25","modified_gmt":"2024-09-04T22:07:25","slug":"mutant-whey-5lb","status":"publish","type":"product","link":"https:\/\/apocalipsis.pe\/?product=mutant-whey-5lb","title":{"rendered":"Mutant Whey 5LB"},"content":{"rendered":"<p>La \u00fanica prote\u00edna de suero de 5 etapas que desencadena un crecimiento muscular notable y aumenta la retenci\u00f3n de nitr\u00f3geno. Esta proteina eriquecida con enzimas digestivas, es de facil digestion e ideal para aqueyas personas que quieren aumentar su masa muscular.<\/p>\n<h4><strong>Caracter\u00edsticas:<\/strong><\/h4>\n<ul>\n<li>5 mezclas de suero que desencadenan una mayor s\u00edntesis de prote\u00ednas musculares<\/li>\n<li>Fortificado con glutamina<\/li>\n<li>Endulzado con sucralosa<\/li>\n<li>Sabor adictivo- prefecto para el uso diario<\/li>\n<li>Tiene la mitad de colesterol que otras marcas de suero de leche<\/li>\n<li>Lactosa reducida debido a las enzimas digestivas.<\/li>\n<li>Diluci\u00f3n f\u00e1cil<\/li>\n<\/ul>\n<h4>Forma de Consumo:<\/h4>\n<p>Mezcla 2 cucharadas medidoras en 340-454 ml (12-16 onzas) de agua fr\u00eda en un vaso mezclador, agitar hasta que se disuelva por completo.<\/p>\n<p><strong>DOSIS MUTANTE:<\/strong>\u00a0Mezclar 3 cucharadas medidoras en 800ml (28 oz) de agua fr\u00eda en un vaso mezclador, agitar y consumir.<\/p>\n","protected":false},"excerpt":{"rendered":"<p><strong>MUTANT WHEY<\/strong>\u00a0es la unica proteina de suero de 5 etapas que desencadena un crecimiento muscular notable y aumenta la retencion de nitrogeno. Si bien la proteina de suero de leche ayuda a crecer, MUTANT WHEY te ayuda a crecer m\u00e1s grande y rapido.<\/p>\n","protected":false},"featured_media":950,"comment_status":"open","ping_status":"closed","template":"","meta":[],"product_cat":[53,36],"product_tag":[],"aioseo_notices":[],"_links":{"self":[{"href":"https:\/\/apocalipsis.pe\/index.php?rest_route=\/wp\/v2\/product\/949"}],"collection":[{"href":"https:\/\/apocalipsis.pe\/index.php?rest_route=\/wp\/v2\/product"}],"about":[{"href":"https:\/\/apocalipsis.pe\/index.php?rest_route=\/wp\/v2\/types\/product"}],"replies":[{"embeddable":true,"href":"https:\/\/apocalipsis.pe\/index.php?rest_route=%2Fwp%2Fv2%2Fcomments&post=949"}],"version-history":[{"count":2,"href":"https:\/\/apocalipsis.pe\/index.php?rest_route=\/wp\/v2\/product\/949\/revisions"}],"predecessor-version":[{"id":28710,"href":"https:\/\/apocalipsis.pe\/index.php?rest_route=\/wp\/v2\/product\/949\/revisions\/28710"}],"wp:featuredmedia":[{"embeddable":true,"href":"https:\/\/apocalipsis.pe\/index.php?rest_route=\/wp\/v2\/media\/950"}],"wp:attachment":[{"href":"https:\/\/apocalipsis.pe\/index.php?rest_route=%2Fwp%2Fv2%2Fmedia&parent=949"}],"wp:term":[{"taxonomy":"product_cat","embeddable":true,"href":"https:\/\/apocalipsis.pe\/index.php?rest_route=%2Fwp%2Fv2%2Fproduct_cat&post=949"},{"taxonomy":"product_tag","embeddable":true,"href":"https:\/\/apocalipsis.pe\/index.php?rest_route=%2Fwp%2Fv2%2Fproduct_tag&post=949"}],"curies":[{"name":"wp","href":"https:\/\/api.w.org\/{rel}","templated":true}]}}