{"id":945,"date":"2023-07-03T16:35:47","date_gmt":"2023-07-03T16:35:47","guid":{"rendered":"https:\/\/apocalipsis.pe\/?post_type=product&#038;p=945"},"modified":"2024-09-05T04:02:53","modified_gmt":"2024-09-05T04:02:53","slug":"c4-original","status":"publish","type":"product","link":"https:\/\/apocalipsis.pe\/?product=c4-original","title":{"rendered":"C4 Original 30 servicios"},"content":{"rendered":"<h4><strong>\u00bfC\u00f3mo funciona\u00a0<\/strong><strong>C4\u00a0Original\u00a0<\/strong>de\u00a0<strong>Cellucor?<\/strong><\/h4>\n<pre><strong>- Intensa energ\u00eda y concentraci\u00f3n mental.<\/strong><\/pre>\n<p><strong>C4\u00a0\u00a0Original<\/strong>\u00a0te ofrece una formidable f\u00f3rmula para mejorar la atenci\u00f3n y la concentraci\u00f3n mental adem\u00e1s de proporcionar una extraordinaria dosis de energ\u00eda. Contiene una nueva matriz energ\u00e9tica que combina la cafe\u00edna anhidra con la N-acetil-L-Tirosina. Esta combinaci\u00f3n es capaz de mejorar las conexiones neuronales entre la mente y el cuerpo. Estos ingredientes proporcionan a la mente los materiales necesarios para la construcci\u00f3n de mensajeros qu\u00edmicos adicionales. Estos mensajeros proporcionan m\u00e1s concentraci\u00f3n mental y energ\u00eda al tiempo que protegen la funci\u00f3n nerviosa en los m\u00fasculos.<\/p>\n<h5>La\u00a0tirosina<\/h5>\n<p>es un amino\u00e1cido \u00abarom\u00e1tico\u00bb no esencial, aunque es necesario para la producci\u00f3n de neurotransmisores entre los que se incluyen la adrenalina y la dopamina. La suplementaci\u00f3n de tirosina es especialmente necesaria en deportistas y en personas con sobrepeso ya que est\u00e1 muy vinculado con el correcto funcionamiento de la gl\u00e1ndula tiroides que es la encargada de controlar el ritmo metab\u00f3lico. Un nivel significativamente bajo de L-tirosina se asocia con s\u00edntomas como una baja temperatura corporal, una tensi\u00f3n baja, con problemas en la tiroides, y con estados de depresi\u00f3n. La tirosina, en su forma bioqu\u00edmica \u00abL\u00bb, desempe\u00f1a importantes funciones en el organismo del deportista.<\/p>\n<h5>L<span lang=\"es\"><span title=\"Supplementing with citrulline actually increases muscle arginine levels better than taking arginine itself because, unlike arginine, citrulline is not metabolised in the liver but is transformed into arginine in the kidneys1.\">a\u00a0cafe\u00edna<\/span><\/span><\/h5>\n<p><span lang=\"es\"><span title=\"Supplementing with citrulline actually increases muscle arginine levels better than taking arginine itself because, unlike arginine, citrulline is not metabolised in the liver but is transformed into arginine in the kidneys1.\">\u00a0es un poderoso estimulante psicoactivo que estimula el sistema nervioso central, retrasa la aparici\u00f3n de la fatiga y promueve un aumento del estado de alerta y de los niveles de energ\u00eda.\u00a0La\u00a0cafe\u00edna tiene varios efectos que son muy beneficiosos en un producto pre-entrenamiento como por ejemplo que aumenta la cantidad de grasa que se libera de las c\u00e9lulas. Estudio tras estudio demuestra claramente que cuando las personas toman cafe\u00edna, el cuerpo libera mucha m\u00e1s grasa de las c\u00e9lulas para ser oxidados para producir energ\u00eda. Tanto durante el ejercicio y en reposo, la cafe\u00edna hace que el cuerpo queme un mayor porcentaje de grasa como combustible. Si se quema m\u00e1s grasa significa que queda menos grasa corporal.<\/span><\/span><\/p>\n<h5><span lang=\"es\"><span title=\"Supplementing with citrulline actually increases muscle arginine levels better than taking arginine itself because, unlike arginine, citrulline is not metabolised in the liver but is transformed into arginine in the kidneys1.\">La\u00a0vitamina C<\/span><\/span><\/h5>\n<p><span lang=\"es\"><span title=\"Supplementing with citrulline actually increases muscle arginine levels better than taking arginine itself because, unlike arginine, citrulline is not metabolised in the liver but is transformed into arginine in the kidneys1.\">\u00a0que es necesaria en peque\u00f1as cantidades para el normal funcionamiento de todos los procesos vitales. Esta vitamina ayuda en la mantenci\u00f3n de un sistema inmunol\u00f3gico fuerte durante per\u00edodos de entrenamiento intenso, ayuda en la mantenci\u00f3n de la salud de los tendones, ligamentos y juntas, auxilia contra inflamaci\u00f3n y tambi\u00e9n auxilia en la desintoxicaci\u00f3n del cuerpo.<\/span><\/span><\/p>\n<h5><span lang=\"es\"><span title=\"Supplementing with citrulline actually increases muscle arginine levels better than taking arginine itself because, unlike arginine, citrulline is not metabolised in the liver but is transformed into arginine in the kidneys1.\"><span id=\"result_box\" lang=\"es\">La\u00a0vitamina B6\u00a0<\/span><\/span><\/span><\/h5>\n<p><span lang=\"es\"><span title=\"Supplementing with citrulline actually increases muscle arginine levels better than taking arginine itself because, unlike arginine, citrulline is not metabolised in the liver but is transformed into arginine in the kidneys1.\">es una vitamina hidrosoluble, esto implica que se elimina a trav\u00e9s de la orina, y se ha de reponer diariamente con la dieta. Participa en muchas reacciones enzim\u00e1ticas del metabolismo de los amino\u00e1cidos y su funci\u00f3n principal es la transferencia de grupos amino. Esta vitamina es muy popular entre los deportistas ya que incrementa el rendimiento muscular y la producci\u00f3n de energ\u00eda. Eso es debido a que cuando hay necesidad de un mayor esfuerzo favorece la liberaci\u00f3n de gluc\u00f3geno que se encuentra almacenado en el h\u00edgado y en los m\u00fasculos. Tambi\u00e9n puede colaborar a perder peso ya que ayuda a que nuestro cuerpo consiga energ\u00eda a partir de las grasas acumuladas. Se necesita en mayor cantidad cuando se siguen dietas altas en prote\u00ednas.<\/span><\/span><\/p>\n<h5><span lang=\"es\"><span title=\"Supplementing with citrulline actually increases muscle arginine levels better than taking arginine itself because, unlike arginine, citrulline is not metabolised in the liver but is transformed into arginine in the kidneys1.\">El\u00a0\u00e1cido f\u00f3lico,<\/span><\/span><\/h5>\n<p><span lang=\"es\"><span title=\"Supplementing with citrulline actually increases muscle arginine levels better than taking arginine itself because, unlike arginine, citrulline is not metabolised in the liver but is transformed into arginine in the kidneys1.\">conocido tambi\u00e9n como vitamina B9, es una vitamina hidrosoluble del complejo de vitaminas B, necesaria para la formaci\u00f3n de prote\u00ednas estructurales y hemoglobina (y por esto, transitivamente, de los gl\u00f3bulos rojos) que promueve el estado de \u00e1nimo positivos y mayores niveles de energ\u00eda. El \u00e1cido f\u00f3lico tambi\u00e9n es compatible con la formaci\u00f3n de c\u00e9lulas sanas y reparaci\u00f3n.<\/span><\/span><\/p>\n<h5><span lang=\"es\"><span title=\"Supplementing with citrulline actually increases muscle arginine levels better than taking arginine itself because, unlike arginine, citrulline is not metabolised in the liver but is transformed into arginine in the kidneys1.\">La\u00a0vitamina B12<\/span><\/span><\/h5>\n<p><span lang=\"es\"><span title=\"Supplementing with citrulline actually increases muscle arginine levels better than taking arginine itself because, unlike arginine, citrulline is not metabolised in the liver but is transformed into arginine in the kidneys1.\">\u00a0(tambi\u00e9n llamada metilcobalamina, debido a que contiene cobalto) es una vitamina hidrosoluble esencial para el funcionamiento normal del cerebro, del sistema nervioso, y para la formaci\u00f3n de la sangre y de varias prote\u00ednas. Es una de las ocho vitaminas del grupo B. Normalmente est\u00e1 implicada en el metabolismo de las c\u00e9lulas del cuerpo humano, especialmente en la s\u00edntesis y regulaci\u00f3n del ADN; tambi\u00e9n en la metabolizaci\u00f3n de los amino\u00e1cidos, de los \u00e1cidos grasos y de los gl\u00facidos.\u00a0La vitamina B12 es en gran medida compatible con el metabolismo celular y la producci\u00f3n de energ\u00eda y ayuda en la producci\u00f3n de \u00e1cidos grasos roto las grasas que luego se quema f\u00e1cilmente.<\/span><\/span><\/p>\n<pre><strong>- Aumenta la fuerza y el desarrollo muscular.<\/strong><\/pre>\n<p>Para la\u00a0<strong>fuerza<\/strong>\u00a0y el\u00a0<strong>crecimiento muscular<\/strong>,\u00a0<strong>C4\u00a0 CELLUCOR\u00a0<\/strong>\u00a0contiene una combinaci\u00f3n de CarnoSyn beta-alanina y Monohidrato de creatina micronizado.<\/p>\n<h5>El\u00a0monohidrato de creatina micronizado<\/h5>\n<p>\u00abalimenta\u00bb tus intensas sesiones de entrenamientos de pesas y de resistencia para que puedas llegar m\u00e1s lejos y m\u00e1s r\u00e1pidamente, reduciendo los tiempos de recuperaci\u00f3n. En este proceso, estimula la masa muscular sin grasa, act\u00faa como un sistema de apoyo para prevenir la rotura del tejido muscular y favorece la recuperaci\u00f3n muscular.<\/p>\n<h5><span lang=\"es\"><span title=\"Shock Therapy is better suited for general lifters and bodybuilders who value the pump and maximizing muscle size and shape.\"><span title=\"If you have never used a pre-workout before, you may even need to start with \u00bd scoop.\"><span title=\"Shock Therapy contains caffeine anhydrous and other natural sources of caffeine.\"><span id=\"result_box\" lang=\"es\">La\u00a0beta-alanina\u00a0<\/span><\/span><\/span><\/span><\/span><\/h5>\n<p><span lang=\"es\"><span title=\"Shock Therapy is better suited for general lifters and bodybuilders who value the pump and maximizing muscle size and shape.\"><span title=\"If you have never used a pre-workout before, you may even need to start with \u00bd scoop.\"><span title=\"Shock Therapy contains caffeine anhydrous and other natural sources of caffeine.\"><span id=\"result_box\" lang=\"es\">es\u00a0un\u00a0amino\u00e1cido no\u00a0esencial y\u00a0es\u00a0el \u00fanico beta-amino\u00e1cido\u00a0de origen natural.\u00a0Cuando se realiza un ejercicio de alta intensidad,\u00a0el cuerpo va\u00a0acumulando grandes\u00a0cantidades de\u00a0iones de hidr\u00f3geno (H+), que\u00a0hacen que el\u00a0pH de\u00a0los m\u00fasculos\u00a0vaya disminuyendo hasta llegando a ser demasiado\u00a0\u00e1cido.\u00a0Cuando el pH\u00a0disminuye, la fuerza\u00a0tambi\u00e9n comienza\u00a0a disminuir\u00a0y la fatiga\u00a0aumenta entre cada serie.\u00a0Estas limitaciones\u00a0te pueden llevar a no entrenar adecuadamente tus m\u00fasculos e\u00a0inhibir\u00a0las ganancias musculares.<\/span><\/span><\/span><\/span><\/span><\/p>\n<p><span lang=\"es\"><span title=\"Shock Therapy is better suited for general lifters and bodybuilders who value the pump and maximizing muscle size and shape.\"><span title=\"If you have never used a pre-workout before, you may even need to start with \u00bd scoop.\"><span title=\"Shock Therapy contains caffeine anhydrous and other natural sources of caffeine.\"><span id=\"result_box\" lang=\"es\">\u00a0Por\u00a0medio de la suplementaci\u00f3n con\u00a0beta-alanina\u00a0se consiguen unos mayores\u00a0\u00a0niveles de carnosina\u00a0corporal.\u00a0La carnosina\u00a0act\u00faa como un\u00a0tamp\u00f3n\u00a0intracelular,\u00a0que ayuda\u00a0a la estabilizaci\u00f3n del\u00a0pH\u00a0muscular,\u00a0al absorber\u00a0los iones de hidr\u00f3geno\u00a0que se liberan\u00a0durante el ejercicio intenso.\u00a0La\u00a0beta-alanina\u00a0ha demostrado que\u00a0tiene\u00a0un efecto\u00a0sin\u00e9rgico\u00a0con la creatina.\u00a0Tambi\u00e9n\u00a0<\/span>tiene efectos antioxidantes reduciendo la aparici\u00f3n de los radicales libres, adem\u00e1s protege el ADN contra posibles mutaciones y da\u00f1os.<\/span><\/span><\/span><\/span><\/p>\n<pre><strong>- Extrema vasodilaci\u00f3n gracias a la producci\u00f3n de \u00d3xido N\u00edtrico.<\/strong><\/pre>\n<p>Para una mayor\u00a0<strong>vasodilataci\u00f3n<\/strong>,\u00a0<strong>Cellucor Original\u00a0<\/strong>ha sido formulado con arginina AKG (alfa cetoglutarato).<\/p>\n<h5>La\u00a0Arginina AKG\u00a0(alfa cetoglutarato)<\/h5>\n<p>es un potente precursor de la s\u00edntesis del \u00f3xido n\u00edtrico, que tiene una potente acci\u00f3n vasodilatadora en el organismo, promoviendo una mejor irrigaci\u00f3n sangu\u00ednea de los tejidos, principalmente del tejido muscular. Una mayor irrigaci\u00f3n promueve un mayor aporte muscular de nutrientes, ox\u00edgeno, mensajeros qu\u00edmicos entre otros, y una r\u00e1pida eliminaci\u00f3n de las sustancias t\u00f3xicas acumuladas, como \u00e1cido l\u00e1ctico, amonia, etc. As\u00ed, la arginina contribuye para la aceleraci\u00f3n de la recuperaci\u00f3n f\u00edsica, tras esfuerzos intensos y prolongados. Aumentan los niveles sangu\u00edneos de la hormona de crecimiento y de la insulina que estas parecen promover.<\/p>\n<p>Los estudios indican que tras la administraci\u00f3n de arginina los niveles de la hormona de crecimiento (HGH) sangu\u00ednea, suben. La arginina puede todav\u00eda disminuir los niveles de somatostatina, un inhibidor de la liberaci\u00f3n de la hormona de crecimiento. Otra de las hormonas estimulada por la arginina es la insulina. Adem\u00e1s de controlar los niveles de glucosa sangu\u00ednea, la insulina tiene todav\u00eda una funci\u00f3n anticatab\u00f3lica. La arginina promueve as\u00ed, un aumento de la masa, potencia y definici\u00f3n muscular.<\/p>\n<p><strong>C4\u00a0 Original\u00a0<\/strong>est\u00e1 dise\u00f1ado para proporcionar una atenci\u00f3n m\u00e1s viva, aumentar la energ\u00eda, promover el crecimiento muscular y el desarrollo de la fuerza y proporcionar una extrema vasodilataci\u00f3n.<\/p>\n","protected":false},"excerpt":{"rendered":"<ul>\n<li>\u00a0Nueva versi\u00f3n\u00a0 revisada y mejorada para un mejor rendimiento.<\/li>\n<li>\u00a0El pre-entreno superconcentrado de \u00e9xito en todo el mundo.<\/li>\n<li>\u00a0Proporciona una intensa energ\u00eda explosiva y una gran concentraci\u00f3n mental.<\/li>\n<li>Aumenta la congesti\u00f3n muscular y mejora la fuerza.<\/li>\n<li>\u00a0Contiene un sistema de r\u00e1pida absorci\u00f3n.<\/li>\n<li>No incluye ingredientes de relleno ni colorantes.<\/li>\n<\/ul>\n","protected":false},"featured_media":1234,"comment_status":"open","ping_status":"closed","template":"","meta":[],"product_cat":[30,35],"product_tag":[],"aioseo_notices":[],"_links":{"self":[{"href":"https:\/\/apocalipsis.pe\/index.php?rest_route=\/wp\/v2\/product\/945"}],"collection":[{"href":"https:\/\/apocalipsis.pe\/index.php?rest_route=\/wp\/v2\/product"}],"about":[{"href":"https:\/\/apocalipsis.pe\/index.php?rest_route=\/wp\/v2\/types\/product"}],"replies":[{"embeddable":true,"href":"https:\/\/apocalipsis.pe\/index.php?rest_route=%2Fwp%2Fv2%2Fcomments&post=945"}],"version-history":[{"count":5,"href":"https:\/\/apocalipsis.pe\/index.php?rest_route=\/wp\/v2\/product\/945\/revisions"}],"predecessor-version":[{"id":28736,"href":"https:\/\/apocalipsis.pe\/index.php?rest_route=\/wp\/v2\/product\/945\/revisions\/28736"}],"wp:featuredmedia":[{"embeddable":true,"href":"https:\/\/apocalipsis.pe\/index.php?rest_route=\/wp\/v2\/media\/1234"}],"wp:attachment":[{"href":"https:\/\/apocalipsis.pe\/index.php?rest_route=%2Fwp%2Fv2%2Fmedia&parent=945"}],"wp:term":[{"taxonomy":"product_cat","embeddable":true,"href":"https:\/\/apocalipsis.pe\/index.php?rest_route=%2Fwp%2Fv2%2Fproduct_cat&post=945"},{"taxonomy":"product_tag","embeddable":true,"href":"https:\/\/apocalipsis.pe\/index.php?rest_route=%2Fwp%2Fv2%2Fproduct_tag&post=945"}],"curies":[{"name":"wp","href":"https:\/\/api.w.org\/{rel}","templated":true}]}}