{"id":942,"date":"2023-07-03T16:32:04","date_gmt":"2023-07-03T16:32:04","guid":{"rendered":"https:\/\/apocalipsis.pe\/?post_type=product&#038;p=942"},"modified":"2024-09-05T04:03:12","modified_gmt":"2024-09-05T04:03:12","slug":"c4-ultimate-320-gr","status":"publish","type":"product","link":"https:\/\/apocalipsis.pe\/?product=c4-ultimate-320-gr","title":{"rendered":"C4 Ultimate 20 servicios"},"content":{"rendered":"<p>En cada dosis de este producto tendr\u00e1s:<\/p>\n<ol>\n<li>300 mg de cafe\u00edna brindan energ\u00eda explosiva que es ideal para usuarios avanzados antes del entrenamiento.<\/li>\n<li>Incluye 3,2 g de CarnoSyn Beta-Alanine cl\u00ednicamente investigado, estudiado para ayudar a aumentar la resistencia, el rendimiento y combatir la fatiga.<\/li>\n<li>Matriz de s\u00faper bomba de 6 g con L-Citrulina, Citrulina-Malato y NitraMax ( NO3 -C) Nitrato de Citrulina.<\/li>\n<li>Matriz de Creatina Dual de Creatina HCl y NO3 -T Creatina Nitrato.Compatibilidad con Neuro Focus de AlphaSize Alpha \u2013 GPC , N-Acetyl-L-Tyrosine y Huperzine-A.<\/li>\n<\/ol>\n<h2><span class=\"su-label su-label-type-default\">COMPOSICI\u00d3N Y PRESENTACI\u00d3N :<\/span><\/h2>\n<p>SERVICIO POR SCOOP\u00a0 17 Gr APROXIMADAMENTE<\/p>\n<h3><strong>PRESENTACIONES :<\/strong><\/h3>\n<p>192 gramos\u00a0 = 12 servicios<br \/>\n320 gramos = 20servicios<\/p>\n<p>17 GRAMOS = 1scoop = 1 servicio<\/p>\n<h3><strong>INGREDIENTES :<\/strong><\/h3>\n<p>L-Citrulline, Citrulline Malate, Citrulline Nitrate [as NitraMax (N03-c)], CarnoSyn\u00ae Beta-Alanine, Creatine Nitrate (PATENTED) (as N03-T\u00ae), Taurine, N-Acetyl-L-Tyrosine, Caffeine Anhydrous, AlphaSize\u00ae 50% A-GPC (Alpha-Glycerylphosph<\/p>\n<p>orycholine), Theacrine (as TeaCrine), Rauwolfia vomitoria root extract, Huperzia A [from Toothed Clubmoss (Huperzia serrata) aerial parts extract], Calcium Silicate, Silicon Dioxide, Natural Flavors, Acesulfame Potassium, Sucralose, Citri<\/p>\n<p>c Acid, Spirulina Extract (color).<\/p>\n<h2><span class=\"su-label su-label-type-default\">MODO DE EMPLEO : (COMO PREPARAR ,TOMAR Y CONSUMIR C4 ULTIMATE\u00a0 DE\u00a0 CELLUCOR )<\/span><\/h2>\n<p>Dentro del envase encontrar\u00e1s una cuchara medidora que facilita la preparaci\u00f3n del producto. Vierte en un shaker mezclar un servicio de 17 gramos (una cucharada al ras) entre 180 ml y 240 ml de de agua fr\u00eda o a temperatura ambiente (hervida) ,\u00a0 tomar antes\u00a0 del entrenamiento . Agite el shaker o coctelera hasta que se mezcle bien. La\u00a0 puede generar espuma despu\u00e9s de la mezcla.<\/p>\n<p>Ajustar la cantidad de l\u00edquido para lograr el sabor y la consistencia deseada.<\/p>\n","protected":false},"excerpt":{"rendered":"<ul>\n<li>\u00a0La versi\u00f3n de C4 m\u00e1s potente jam\u00e1s creada.<\/li>\n<li>\u00a0El pre-entreno de \u00e9xito m\u00e1s conocido en todo el mundo.<\/li>\n<li>\u00a0Proporciona 6 gramos de malato de citrulina por dosis.<\/li>\n<li>\u00a0Con 3,2 g de beta alanina, 2 g de creatina, 1g de taura<\/li>\n<li>\u00a0Proporciona una intensa energ\u00eda explosiva y una gran concentraci\u00f3n mental.<\/li>\n<li>\u00a0Con amplificadores del bombeo muscular para aumentar la congesti\u00f3n muscular.<\/li>\n<li>\u00a0Mejora la fuerza y aumenta la resistencia.<\/li>\n<li>\u00a0Con un potente coctel de ingredientes nootr\u00f3picos y potenciadores cognitivos.<\/li>\n<li>\u00a0Te empuja a superar tus propios l\u00edmites personales.<\/li>\n<li>\u00a020 servicios por envase.<\/li>\n<\/ul>\n","protected":false},"featured_media":1062,"comment_status":"open","ping_status":"closed","template":"","meta":[],"product_cat":[30,35],"product_tag":[],"aioseo_notices":[],"_links":{"self":[{"href":"https:\/\/apocalipsis.pe\/index.php?rest_route=\/wp\/v2\/product\/942"}],"collection":[{"href":"https:\/\/apocalipsis.pe\/index.php?rest_route=\/wp\/v2\/product"}],"about":[{"href":"https:\/\/apocalipsis.pe\/index.php?rest_route=\/wp\/v2\/types\/product"}],"replies":[{"embeddable":true,"href":"https:\/\/apocalipsis.pe\/index.php?rest_route=%2Fwp%2Fv2%2Fcomments&post=942"}],"version-history":[{"count":5,"href":"https:\/\/apocalipsis.pe\/index.php?rest_route=\/wp\/v2\/product\/942\/revisions"}],"predecessor-version":[{"id":28737,"href":"https:\/\/apocalipsis.pe\/index.php?rest_route=\/wp\/v2\/product\/942\/revisions\/28737"}],"wp:featuredmedia":[{"embeddable":true,"href":"https:\/\/apocalipsis.pe\/index.php?rest_route=\/wp\/v2\/media\/1062"}],"wp:attachment":[{"href":"https:\/\/apocalipsis.pe\/index.php?rest_route=%2Fwp%2Fv2%2Fmedia&parent=942"}],"wp:term":[{"taxonomy":"product_cat","embeddable":true,"href":"https:\/\/apocalipsis.pe\/index.php?rest_route=%2Fwp%2Fv2%2Fproduct_cat&post=942"},{"taxonomy":"product_tag","embeddable":true,"href":"https:\/\/apocalipsis.pe\/index.php?rest_route=%2Fwp%2Fv2%2Fproduct_tag&post=942"}],"curies":[{"name":"wp","href":"https:\/\/api.w.org\/{rel}","templated":true}]}}