{"id":939,"date":"2023-07-03T16:02:38","date_gmt":"2023-07-03T16:02:38","guid":{"rendered":"https:\/\/apocalipsis.pe\/?post_type=product&#038;p=939"},"modified":"2024-09-04T20:18:22","modified_gmt":"2024-09-04T20:18:22","slug":"hydro-bcaa-essential-1-2-kg","status":"publish","type":"product","link":"https:\/\/apocalipsis.pe\/?product=hydro-bcaa-essential-1-2-kg","title":{"rendered":"Hydro BCAA + Essential 1.2 Kg"},"content":{"rendered":"<div class=\"cdr4\">\n<h4><strong><u>HYDROBCAA + ESSENTIALS 90 SERV\u00a0 \u00a0EL MAS NOVEDOSO\u00a0 AMINOACIDO\u00a0 DE ALTA CALIDAD NUTRICIONAL<\/u><\/strong><\/h4>\n<\/div>\n<p>HYDROBCAA + ESSENTIALS 90 SERV \u2122\u00a0 contiene una combinaci\u00f3n de BCAAs y EAAs, un aspecto crucial de la formulaci\u00f3n que ayuda a garantizar que se maximice la s\u00edntesis de prote\u00ednas (para el crecimiento y reparaci\u00f3n muscular), respalde la masa muscular, mejore la absorci\u00f3n de glucosa y utilice eficazmente la insulina, y respalde la recuperaci\u00f3n despu\u00e9s del entrenamiento.\u00a0tambi\u00e9n incluye electrolitos valiosos para ayudar a mejorar y mantener la hidrataci\u00f3n durante y despu\u00e9s del ejercicio.<\/p>\n<h4><strong>Un suplemento diferente que funciona mejor.\u00a0<\/strong><\/h4>\n<p>es un suplemento revolucionario, ya que no solo presenta BCAAs (amino\u00e1cidos de cadena ramificada) sino un perfil completo de EAAs (amino\u00e1cidos esenciales). Esto es crucial, ya que estudios recientes sugieren que consumir un suplemento que contenga BCAAs y EAAs ha demostrado ser extremadamente eficaz para mejorar la s\u00edntesis de prote\u00ednas musculares. Los EAAs (incluidos los BCAAs) deben consumirse a partir de la dieta o como suplementos. Su funci\u00f3n es crear prote\u00ednas en el cuerpo, incluida la prote\u00edna que forma el m\u00fasculo magro.<\/p>\n<p>Los 9 amino\u00e1cidos esenciales deben estar presentes\u2026 no solo los 3 BCAAs\u00a0(L-leucina, L-isoleucina, L-valina). Como resultado, sin EAAs, el cuerpo no construir\u00e1 nuevas prote\u00ednas musculares debido a la falta de materiales o, peor a\u00fan, el cuerpo comenzar\u00e1 a descomponer las prote\u00ednas musculares existentes para obtener los amino\u00e1cidos necesarios. Adem\u00e1s de la matriz premium de BCAAs y EEAs,\u00a0<strong>HYDRO BCAA + ESSENTIALS 90 SERV \u2122<\/strong>tambi\u00e9n presenta una mezcla \u00fanica de electrolitos dise\u00f1ada para mantenerte hidratado durante tu entrenamiento y mejorar tu recuperaci\u00f3n general.<\/p>\n","protected":false},"excerpt":{"rendered":"<p>rincipales beneficios de\u00a0HydroBCAA +Essentials<strong>\u00a0<\/strong>de\u00a0<strong>Pro Supps<\/strong>:<\/p>\n<ul>\n<li>La f\u00f3rmula de amino\u00e1cidos que puedes utilizar antes, durante y despu\u00e9s del entrenamiento.<\/li>\n<li>Contiene una matriz completa de amino\u00e1cidos para un apoyo integral al tejido muscular.<\/li>\n<li>Promueve la recuperaci\u00f3n despu\u00e9s del entrenamiento.<\/li>\n<li>Proporciona 7 g de BCAAs en una relaci\u00f3n 2:1:1.<\/li>\n<li>Proporciona 3 g de amino\u00e1cidos esenciales (EAAs).<\/li>\n<li>Incluye una matriz de electrolitos para promover la hidrataci\u00f3n.<\/li>\n<li>Con unos sabores sensacionales y sin az\u00facar.<\/li>\n<li>30 dosis por envase 414 kg<\/li>\n<li>90 servicios por\u00a0 envase de 1.242kg<\/li>\n<\/ul>\n","protected":false},"featured_media":940,"comment_status":"open","ping_status":"closed","template":"","meta":[],"product_cat":[31,29],"product_tag":[],"aioseo_notices":[],"_links":{"self":[{"href":"https:\/\/apocalipsis.pe\/index.php?rest_route=\/wp\/v2\/product\/939"}],"collection":[{"href":"https:\/\/apocalipsis.pe\/index.php?rest_route=\/wp\/v2\/product"}],"about":[{"href":"https:\/\/apocalipsis.pe\/index.php?rest_route=\/wp\/v2\/types\/product"}],"replies":[{"embeddable":true,"href":"https:\/\/apocalipsis.pe\/index.php?rest_route=%2Fwp%2Fv2%2Fcomments&post=939"}],"version-history":[{"count":2,"href":"https:\/\/apocalipsis.pe\/index.php?rest_route=\/wp\/v2\/product\/939\/revisions"}],"predecessor-version":[{"id":28658,"href":"https:\/\/apocalipsis.pe\/index.php?rest_route=\/wp\/v2\/product\/939\/revisions\/28658"}],"wp:featuredmedia":[{"embeddable":true,"href":"https:\/\/apocalipsis.pe\/index.php?rest_route=\/wp\/v2\/media\/940"}],"wp:attachment":[{"href":"https:\/\/apocalipsis.pe\/index.php?rest_route=%2Fwp%2Fv2%2Fmedia&parent=939"}],"wp:term":[{"taxonomy":"product_cat","embeddable":true,"href":"https:\/\/apocalipsis.pe\/index.php?rest_route=%2Fwp%2Fv2%2Fproduct_cat&post=939"},{"taxonomy":"product_tag","embeddable":true,"href":"https:\/\/apocalipsis.pe\/index.php?rest_route=%2Fwp%2Fv2%2Fproduct_tag&post=939"}],"curies":[{"name":"wp","href":"https:\/\/api.w.org\/{rel}","templated":true}]}}