{"id":920,"date":"2023-07-03T04:24:59","date_gmt":"2023-07-03T04:24:59","guid":{"rendered":"https:\/\/apocalipsis.pe\/?post_type=product&#038;p=920"},"modified":"2024-09-04T22:08:14","modified_gmt":"2024-09-04T22:08:14","slug":"lipo-6-black-intense-uc-60-cap","status":"publish","type":"product","link":"https:\/\/apocalipsis.pe\/?product=lipo-6-black-intense-uc-60-cap","title":{"rendered":"Lipo 6 Black INTENSE UC 60 CAPS"},"content":{"rendered":"<p><strong>LIPO 6 BLACK INTENSE ULTRA CONCENTRADO de NUTREX<\/strong><br \/>\n60 c\u00e1psulas<\/p>\n<p><strong>LIPO-6 BLACK INTENSE UC<\/strong>\u00a0es un quemador de grasa termog\u00e9nico que ayuda a acelerar tu metabolismo, te hace sudar y proporciona energ\u00eda para los entrenamientos.<br \/>\nEste producto no es para principiantes; es para aquellos que han probado otros quemadores y se encuentran estancados. Los efectos se sienten en solo minutos tomando solo 1 capsula por servicio. Este producto provee un gran suministro de energ\u00eda e intensidad. Tambi\u00e9n ayuda a controlar el apetito y los antojos de comida.<br \/>\nSi eres esa persona que ha intentado usar otros quemadores y te sientes estancado (a) el LIPO-6 BLACK INTENSE UC es el quemador ideal para ti. Te ayudara a tomar el control de tus entrenamientos y de tu p\u00e9rdida de peso.<\/p>\n<p>\u00a1Disminuye el porcentaje de grasa a\u00fan m\u00e1s con el Lipo 6 black Intense.<\/p>\n<p><strong>Forma de consumo de lipo intense:<\/strong><\/p>\n<p>Tomar una c\u00e1psula de lipo 6 ultra 20 minutos antes del entrenamiento o en las ma\u00f1anas. Una capsula al d\u00eda es la dosis recomendada.<\/p>\n<p><strong>Recomendaciones:<\/strong><\/p>\n<ul>\n<li>Tomar durante el d\u00eda para evitar el efecto de insomnio<\/li>\n<li>Tomar 1 a 2lt de agua para ayudar a eliminar del organismo y hacer pasar el efecto<\/li>\n<\/ul>\n<p><strong>Advertencias<\/strong>:<\/p>\n<ul>\n<li>Este producto causa aceleraci\u00f3n y energ\u00eda<\/li>\n<li>No debe ser consumido por personas con problemas cardiacos o renales<\/li>\n<li>No debe ser consumido por menores de 18 a\u00f1os<\/li>\n<li>No apto para embarazadas o lactantes<\/li>\n<li>Puede causar insomnio y nerviosismo<\/li>\n<li>No usar mas de la dosis recomendada<\/li>\n<\/ul>\n","protected":false},"excerpt":{"rendered":"<p><strong>LIPO-6 BLACK INTENSE UC<\/strong>\u00a0es un quemador de grasa termog\u00e9nico que ayuda a acelerar tu metabolismo, te hace sudar y proporciona energ\u00eda para los entrenamientos.<br \/>\nEste producto no es para principiantes; es para aquellos que han probado otros quemadores y se encuentran estancados.<\/p>\n","protected":false},"featured_media":28498,"comment_status":"open","ping_status":"closed","template":"","meta":[],"product_cat":[26,37],"product_tag":[],"aioseo_notices":[],"_links":{"self":[{"href":"https:\/\/apocalipsis.pe\/index.php?rest_route=\/wp\/v2\/product\/920"}],"collection":[{"href":"https:\/\/apocalipsis.pe\/index.php?rest_route=\/wp\/v2\/product"}],"about":[{"href":"https:\/\/apocalipsis.pe\/index.php?rest_route=\/wp\/v2\/types\/product"}],"replies":[{"embeddable":true,"href":"https:\/\/apocalipsis.pe\/index.php?rest_route=%2Fwp%2Fv2%2Fcomments&post=920"}],"version-history":[{"count":2,"href":"https:\/\/apocalipsis.pe\/index.php?rest_route=\/wp\/v2\/product\/920\/revisions"}],"predecessor-version":[{"id":28712,"href":"https:\/\/apocalipsis.pe\/index.php?rest_route=\/wp\/v2\/product\/920\/revisions\/28712"}],"wp:featuredmedia":[{"embeddable":true,"href":"https:\/\/apocalipsis.pe\/index.php?rest_route=\/wp\/v2\/media\/28498"}],"wp:attachment":[{"href":"https:\/\/apocalipsis.pe\/index.php?rest_route=%2Fwp%2Fv2%2Fmedia&parent=920"}],"wp:term":[{"taxonomy":"product_cat","embeddable":true,"href":"https:\/\/apocalipsis.pe\/index.php?rest_route=%2Fwp%2Fv2%2Fproduct_cat&post=920"},{"taxonomy":"product_tag","embeddable":true,"href":"https:\/\/apocalipsis.pe\/index.php?rest_route=%2Fwp%2Fv2%2Fproduct_tag&post=920"}],"curies":[{"name":"wp","href":"https:\/\/api.w.org\/{rel}","templated":true}]}}