{"id":914,"date":"2023-07-03T04:12:18","date_gmt":"2023-07-03T04:12:18","guid":{"rendered":"https:\/\/apocalipsis.pe\/?post_type=product&#038;p=914"},"modified":"2024-09-04T22:08:45","modified_gmt":"2024-09-04T22:08:45","slug":"vita-rc-120-tab","status":"publish","type":"product","link":"https:\/\/apocalipsis.pe\/?product=vita-rc-120-tab","title":{"rendered":"Vita RC 120 TAB"},"content":{"rendered":"<p>Los suplementos deportivos vienen con muchas preguntas con respuestas a consumo, efectos en el cuerpo y organismo y m\u00e1s. Por ello es que estamos destacando algunos de los ingredientes de este producto: como hay una gran variedad de ingredientes todos ellos importantes, haremos 5 menciones honorables, en nuestra opini\u00f3n los mas saludables.<\/p>\n<ul>\n<li><strong>Iodo<\/strong>\u00a0\u2013 Una parte esencial de la dieta humana, el iodo puede servir como un ejemplo de lo que puede servir como un ejemplo de lo que realmente se necesita para el organismo. Es mayormente utilizado para que el cuerpo desarrolle las hormonas tiroideas.<\/li>\n<li><strong>Selenio<\/strong>\u00a0\u2013 el cuerpo usualmente consume el selenio a partir de ciertas comidas y agua, es m\u00e1s conocido por sus propiedades antioxidantes.<\/li>\n<li><strong>Cobre<\/strong>\u00a0\u2013 tambi\u00e9n una parte importante de la dieta humana, el cobre ayuda al hierro a crear las c\u00e9lulas sangu\u00edneas.<\/li>\n<li><strong>Magnesio<\/strong>: un mineral muy poderoso que es absolutamente necesario para que el organismo humano funcione, y esto fue comprobado recientemente por un estudio m\u00e9dico realizado en los a\u00f1os 30.<\/li>\n<li><strong>Potasio<\/strong>: otro mineral muy poderoso usado en prevenci\u00f3n de enfermedades del coraz\u00f3n<\/li>\n<\/ul>\n<p><strong>Forma de Consumo:<\/strong><\/p>\n<p>Consumir dos tabletas de<strong>\u00a0Vita XS<\/strong>\u00a0al dia, con dos comidas principales (desayuno y cena) y abundante agua. Debe ser consumido en conjunto con un r\u00e9gimen de ejercicio y alimentaci\u00f3n balanceada para maximizar sus efectos.<\/p>\n","protected":false},"excerpt":{"rendered":"<p><b>VITA XS\u00a0<\/b>el multivitaminico de Ronnie Coleman, el multivitaminico ideal con 28 vitaminas y minerales cubren el requerimiento con solo 2 tabletas al dia.<\/p>\n<ul>\n<li>120 tabletas<\/li>\n<li>La mejor concentraci\u00f3n (2 tabletas al dia cubren el requerimiento diario)<\/li>\n<li>28 minerales y vitaminas<\/li>\n<li>Hecho en Estados unidos<\/li>\n<\/ul>\n","protected":false},"featured_media":915,"comment_status":"open","ping_status":"closed","template":"","meta":[],"product_cat":[25,38],"product_tag":[],"aioseo_notices":[],"_links":{"self":[{"href":"https:\/\/apocalipsis.pe\/index.php?rest_route=\/wp\/v2\/product\/914"}],"collection":[{"href":"https:\/\/apocalipsis.pe\/index.php?rest_route=\/wp\/v2\/product"}],"about":[{"href":"https:\/\/apocalipsis.pe\/index.php?rest_route=\/wp\/v2\/types\/product"}],"replies":[{"embeddable":true,"href":"https:\/\/apocalipsis.pe\/index.php?rest_route=%2Fwp%2Fv2%2Fcomments&post=914"}],"version-history":[{"count":2,"href":"https:\/\/apocalipsis.pe\/index.php?rest_route=\/wp\/v2\/product\/914\/revisions"}],"predecessor-version":[{"id":28714,"href":"https:\/\/apocalipsis.pe\/index.php?rest_route=\/wp\/v2\/product\/914\/revisions\/28714"}],"wp:featuredmedia":[{"embeddable":true,"href":"https:\/\/apocalipsis.pe\/index.php?rest_route=\/wp\/v2\/media\/915"}],"wp:attachment":[{"href":"https:\/\/apocalipsis.pe\/index.php?rest_route=%2Fwp%2Fv2%2Fmedia&parent=914"}],"wp:term":[{"taxonomy":"product_cat","embeddable":true,"href":"https:\/\/apocalipsis.pe\/index.php?rest_route=%2Fwp%2Fv2%2Fproduct_cat&post=914"},{"taxonomy":"product_tag","embeddable":true,"href":"https:\/\/apocalipsis.pe\/index.php?rest_route=%2Fwp%2Fv2%2Fproduct_tag&post=914"}],"curies":[{"name":"wp","href":"https:\/\/api.w.org\/{rel}","templated":true}]}}