{"id":911,"date":"2023-07-03T04:08:17","date_gmt":"2023-07-03T04:08:17","guid":{"rendered":"https:\/\/apocalipsis.pe\/?post_type=product&#038;p=911"},"modified":"2024-09-04T17:50:37","modified_gmt":"2024-09-04T17:50:37","slug":"creatina-monohidratada-300gr-rc","status":"publish","type":"product","link":"https:\/\/apocalipsis.pe\/?product=creatina-monohidratada-300gr-rc","title":{"rendered":"Creatina Monohidratada 300GR &#8211; RC"},"content":{"rendered":"<p><strong>CARACTERISTICAS:<\/strong><\/p>\n<ul>\n<li>100% polvo micronizado<\/li>\n<li>100% Creatina monohidratada<\/li>\n<li>Cero calor\u00edas<\/li>\n<li>Sin az\u00facar<\/li>\n<li>Cada scoop aporta 5 gramos de creatina pura (SIN RELLENOS)<\/li>\n<li>Puede ser consumida por hombres y mujeres<\/li>\n<\/ul>\n<h3>\u00bfCOMO FUNCIONA?<\/h3>\n<p><strong>La CREATINA RONNIE COLEMAN<\/strong>\u00a0apoya la producci\u00f3n de ATP (fuente de energ\u00eda del organismo) en el musculo, haci\u00e9ndola ideal para crecimiento del musculo y entrenamientos explosivos.<br \/>\nRound Out Your Fitness Routine With Balance Exercises\u00a0<a title=\"deca 300mg side effects\" href=\"https:\/\/roids-usa.com\/index.php?route=pavblog\/blog&amp;id=20\" target=\"_blank\" rel=\"noopener\">deca 300mg side effects<\/a>\u00a0Batman V Superman: Battle for Best Body | Muscle &amp; Fitness<br \/>\nLa creatina estimula el crecimiento de aquellos m\u00fasculos que son m\u00e1s trabajados en el gimnasio y extiende el rendimiento durante el ejercicio.<\/p>\n<p>\u00bfQUIEN DEBE CONSUMIR?<\/p>\n<p><strong>La CREATINA RC<\/strong>\u00a0debe ser consumida por adultos que quieren aumentar masa muscular (volumen y crecimiento).<br \/>\nSi deseas aumentar el rendimiento durante el entrenamiento (entrenar m\u00e1s tiempo \/ m\u00e1s repeticiones)<\/p>\n<h3>BENEFICIOS:<\/h3>\n<ul>\n<li>Incrementa la fuerza muscular durante los entrenamientos<\/li>\n<li>Estimula el crecimiento muscular (volumen)<\/li>\n<li>Promueve la recuperaci\u00f3n post entreno<\/li>\n<li>Disminuye la fatiga muscular (dolor post entreno)<\/li>\n<\/ul>\n<h3>MODO DE CONSUMO:<\/h3>\n<p>como tomar\u00a0<strong>Creatina Ronnie Coleman<\/strong>\u00a0, Diluir un Scoop (5 gramos) de CREATINA RC en 240 mililitros de agua (equivalente a 8 onzas) preferiblemente agua o bebida de tu preferencia.<br \/>\n(La creatina se absorbe mejor cuando es consumida en una bebida fr\u00eda o temperatura ambiente)<\/p>\n<h3>FASE DE CARGA DE LA CREATINA:<\/h3>\n<p>Consumir 10 gramos de\u00a0<strong>CREATINA RC<\/strong>\u00a0durante 10 dias (5 gramos antes de entrenar y 5 gramos despu\u00e9s de entrenar)<\/p>\n<h3>Recomendaciones:<\/h3>\n<p>Consumir 2 litros de agua al d\u00eda (cantidad ideal de un adulto) durante el tiempo que se consuma la creatina.<\/p>\n<h3>ADVERTENCIAS:<\/h3>\n<p><strong>La CREATINA RC<\/strong>\u00a0es procesada en una f\u00e1brica que procesa productos con gluten, huevo soya, almendras, pescado y crust\u00e1ceos.<br \/>\nEste producto no es apto para menores de 18 a\u00f1os<br \/>\nNo consumir durante el embarazo y lactancia<br \/>\nEste producto no debe consumirse por personas con enfermedades renales, hep\u00e1ticas o c\u00e1ncer<\/p>\n","protected":false},"excerpt":{"rendered":"<p>En la\u00a0<strong>Creatina Ronnie Coleman<\/strong>\u00a0 El \u00fanico ingrediente del producto es creatina monohidrato micronizada (5 g por servicio). La creatina micronizada es m\u00e1s f\u00e1cil de disolver en liquido por ello es m\u00e1s f\u00e1cil de digerir y absorber. La\u00a0<strong>Creatina<\/strong>\u00a0ha sido investigada extensamente y se dice que ayuda a los m\u00fasculos a producir energ\u00eda muscular (ATP) durante el levantamiento de pesas o ejercicio intenso.<\/p>\n","protected":false},"featured_media":1233,"comment_status":"open","ping_status":"closed","template":"","meta":[],"product_cat":[32,25],"product_tag":[],"aioseo_notices":[],"_links":{"self":[{"href":"https:\/\/apocalipsis.pe\/index.php?rest_route=\/wp\/v2\/product\/911"}],"collection":[{"href":"https:\/\/apocalipsis.pe\/index.php?rest_route=\/wp\/v2\/product"}],"about":[{"href":"https:\/\/apocalipsis.pe\/index.php?rest_route=\/wp\/v2\/types\/product"}],"replies":[{"embeddable":true,"href":"https:\/\/apocalipsis.pe\/index.php?rest_route=%2Fwp%2Fv2%2Fcomments&post=911"}],"version-history":[{"count":3,"href":"https:\/\/apocalipsis.pe\/index.php?rest_route=\/wp\/v2\/product\/911\/revisions"}],"predecessor-version":[{"id":28638,"href":"https:\/\/apocalipsis.pe\/index.php?rest_route=\/wp\/v2\/product\/911\/revisions\/28638"}],"wp:featuredmedia":[{"embeddable":true,"href":"https:\/\/apocalipsis.pe\/index.php?rest_route=\/wp\/v2\/media\/1233"}],"wp:attachment":[{"href":"https:\/\/apocalipsis.pe\/index.php?rest_route=%2Fwp%2Fv2%2Fmedia&parent=911"}],"wp:term":[{"taxonomy":"product_cat","embeddable":true,"href":"https:\/\/apocalipsis.pe\/index.php?rest_route=%2Fwp%2Fv2%2Fproduct_cat&post=911"},{"taxonomy":"product_tag","embeddable":true,"href":"https:\/\/apocalipsis.pe\/index.php?rest_route=%2Fwp%2Fv2%2Fproduct_tag&post=911"}],"curies":[{"name":"wp","href":"https:\/\/api.w.org\/{rel}","templated":true}]}}