{"id":908,"date":"2023-07-03T03:51:03","date_gmt":"2023-07-03T03:51:03","guid":{"rendered":"https:\/\/apocalipsis.pe\/?post_type=product&#038;p=908"},"modified":"2024-09-04T22:09:08","modified_gmt":"2024-09-04T22:09:08","slug":"hydroxycut-hardcore-100-cap","status":"publish","type":"product","link":"https:\/\/apocalipsis.pe\/?product=hydroxycut-hardcore-100-cap","title":{"rendered":"Hydroxycut Hardcore 100 CAP"},"content":{"rendered":"<h3 class=\"labnutrition-labnutrition-menu-app-0-x-descriptionTextTitle\">Optimiza la p\u00e9rdida de grasa<\/h3>\n<h4 class=\"labnutrition-labnutrition-menu-app-0-x-descriptionTextSubtitle\">Dise\u00f1ado para ser la herramienta m\u00e1s eficaz en la reducci\u00f3n de grasa corporal-.<\/h4>\n<p class=\"labnutrition-labnutrition-menu-app-0-x-descriptionTextParagraph\">HYDROXYCUT, la l\u00ednea de termog\u00e9nicos de MUSCLETECH, nos trae una nueva versi\u00f3n, esta vez no solo con el principal lipol\u00edtico cafe\u00edna anhidra, sino adem\u00e1s, con Carnitina, en forma de Carnitina tartrato, una Carnitina de mayor acci\u00f3n. Se le suman adem\u00e1s nuevos ingredientes como la Taurina como un neurotransmisor que ayudar\u00e1 al enfoque, y por \u00faltimo Vitamina B3 que ayudar\u00e1 en el metabolismo de las grasas. De esa manera este nuevo HYDROXYCUT ser\u00e1 la soluci\u00f3n a esa disminuci\u00f3n de grasa tan complicada de bajar por parte de nuestros clientes m\u00e1s exigentes y que se encuentran en etapa de definici\u00f3n muscular.<\/p>\n<p><span class=\"labnutrition-labnutrition-menu-app-0-x-recommendationsTitle\">RECOMENDACIONES<\/span>*Se recomienda una adecuada ingesta de agua durante la actividad f\u00edsica, para evitar la deshidrataci\u00f3n y molestias musculares.*No se recomienda tomar con el est\u00f3mago vac\u00edo, a menos que ya se haya probado y no presente molestias.<\/p>\n","protected":false},"excerpt":{"rendered":"<p><span class=\"labnutrition-labnutrition-menu-app-0-x-productInfoTitle\">ES IDEAL PARA:<\/span><\/p>\n<ul class=\"labnutrition-labnutrition-menu-app-0-x-productInfoList\">\n<li class=\"labnutrition-labnutrition-menu-app-0-x-productInfoItem\">200mg de Cafe\u00edna anhidra por servicio (2 c\u00e1psulas) Carnitina tartrato para una mejor movilizaci\u00f3n de grasas Termog\u00e9nico lipol\u00edtico (disminuye tejido graso) Taurina para mejorar el enfoque y concentraci\u00f3n<\/li>\n<\/ul>\n","protected":false},"featured_media":909,"comment_status":"open","ping_status":"closed","template":"","meta":[],"product_cat":[24,37],"product_tag":[],"aioseo_notices":[],"_links":{"self":[{"href":"https:\/\/apocalipsis.pe\/index.php?rest_route=\/wp\/v2\/product\/908"}],"collection":[{"href":"https:\/\/apocalipsis.pe\/index.php?rest_route=\/wp\/v2\/product"}],"about":[{"href":"https:\/\/apocalipsis.pe\/index.php?rest_route=\/wp\/v2\/types\/product"}],"replies":[{"embeddable":true,"href":"https:\/\/apocalipsis.pe\/index.php?rest_route=%2Fwp%2Fv2%2Fcomments&post=908"}],"version-history":[{"count":2,"href":"https:\/\/apocalipsis.pe\/index.php?rest_route=\/wp\/v2\/product\/908\/revisions"}],"predecessor-version":[{"id":28715,"href":"https:\/\/apocalipsis.pe\/index.php?rest_route=\/wp\/v2\/product\/908\/revisions\/28715"}],"wp:featuredmedia":[{"embeddable":true,"href":"https:\/\/apocalipsis.pe\/index.php?rest_route=\/wp\/v2\/media\/909"}],"wp:attachment":[{"href":"https:\/\/apocalipsis.pe\/index.php?rest_route=%2Fwp%2Fv2%2Fmedia&parent=908"}],"wp:term":[{"taxonomy":"product_cat","embeddable":true,"href":"https:\/\/apocalipsis.pe\/index.php?rest_route=%2Fwp%2Fv2%2Fproduct_cat&post=908"},{"taxonomy":"product_tag","embeddable":true,"href":"https:\/\/apocalipsis.pe\/index.php?rest_route=%2Fwp%2Fv2%2Fproduct_tag&post=908"}],"curies":[{"name":"wp","href":"https:\/\/api.w.org\/{rel}","templated":true}]}}