{"id":761,"date":"2023-07-01T16:29:13","date_gmt":"2023-07-01T16:29:13","guid":{"rendered":"https:\/\/apocalipsis.pe\/?post_type=product&#038;p=761"},"modified":"2024-09-04T22:10:10","modified_gmt":"2024-09-04T22:10:10","slug":"iso-xp-100-whey-protein-isolate-1kg","status":"publish","type":"product","link":"https:\/\/apocalipsis.pe\/?product=iso-xp-100-whey-protein-isolate-1kg","title":{"rendered":"Iso-XP 1KG"},"content":{"rendered":"<p>ISO-XP es un suplemento rico en prote\u00ednas y de lejos el aislado de prote\u00edna de suero de leche m\u00e1s limpio y de mayor calidad disponible en el mercado. B\u00e1sicamente, no hay otra prote\u00edna, en ning\u00fan lugar, que exceda este nivel de prote\u00edna por proporci\u00f3n de 100 gramos. ISO-XP est\u00e1 hecho de suero de leche dulce extremadamente fresco de la Uni\u00f3n Europea que se a\u00edsla y luego se seca por pulverizaci\u00f3n. ISO-XP no tiene SOJA agregada y en su lugar utiliza lecitina de girasol como emulsionante.<\/p>\n<p>ISO-XP es ideal para cualquier persona que busque aumentar la ingesta diaria de prote\u00ednas sin grasas, carbohidratos o az\u00facares adicionales. ISO-XP debe mezclarse con agua o leche sin lactosa para una f\u00e1cil mezcla y un excelente sabor.<\/p>\n","protected":false},"excerpt":{"rendered":"<ul>\n<li>0 gr Az\u00facar<\/li>\n<li>0 gr Carbohidratos<\/li>\n<li>0 gr Grasa<\/li>\n<li>Libre de lactosa<\/li>\n<li>Libre de soya<\/li>\n<li>Libre de gluten<\/li>\n<\/ul>\n","protected":false},"featured_media":28569,"comment_status":"open","ping_status":"closed","template":"","meta":[],"product_cat":[23,36],"product_tag":[],"aioseo_notices":[],"_links":{"self":[{"href":"https:\/\/apocalipsis.pe\/index.php?rest_route=\/wp\/v2\/product\/761"}],"collection":[{"href":"https:\/\/apocalipsis.pe\/index.php?rest_route=\/wp\/v2\/product"}],"about":[{"href":"https:\/\/apocalipsis.pe\/index.php?rest_route=\/wp\/v2\/types\/product"}],"replies":[{"embeddable":true,"href":"https:\/\/apocalipsis.pe\/index.php?rest_route=%2Fwp%2Fv2%2Fcomments&post=761"}],"version-history":[{"count":4,"href":"https:\/\/apocalipsis.pe\/index.php?rest_route=\/wp\/v2\/product\/761\/revisions"}],"predecessor-version":[{"id":28717,"href":"https:\/\/apocalipsis.pe\/index.php?rest_route=\/wp\/v2\/product\/761\/revisions\/28717"}],"wp:featuredmedia":[{"embeddable":true,"href":"https:\/\/apocalipsis.pe\/index.php?rest_route=\/wp\/v2\/media\/28569"}],"wp:attachment":[{"href":"https:\/\/apocalipsis.pe\/index.php?rest_route=%2Fwp%2Fv2%2Fmedia&parent=761"}],"wp:term":[{"taxonomy":"product_cat","embeddable":true,"href":"https:\/\/apocalipsis.pe\/index.php?rest_route=%2Fwp%2Fv2%2Fproduct_cat&post=761"},{"taxonomy":"product_tag","embeddable":true,"href":"https:\/\/apocalipsis.pe\/index.php?rest_route=%2Fwp%2Fv2%2Fproduct_tag&post=761"}],"curies":[{"name":"wp","href":"https:\/\/api.w.org\/{rel}","templated":true}]}}