{"id":739,"date":"2023-07-01T16:00:57","date_gmt":"2023-07-01T16:00:57","guid":{"rendered":"https:\/\/apocalipsis.pe\/?post_type=product&#038;p=739"},"modified":"2024-09-04T22:10:41","modified_gmt":"2024-09-04T22:10:41","slug":"carnivor-4-5lb","status":"publish","type":"product","link":"https:\/\/apocalipsis.pe\/?product=carnivor-4-5lb","title":{"rendered":"Carnivor 4.5LB"},"content":{"rendered":"<p><strong>Objetivos:<\/strong><\/p>\n<ul>\n<li>Ideal para complementar tu nutrici\u00f3n<\/li>\n<li>Contribuye al aumento de la masa muscular<\/li>\n<li>Ideal para la etapa de construcci\u00f3n muscular<\/li>\n<\/ul>\n<p>&nbsp;<\/p>\n<p>&nbsp;<\/p>\n<p><strong>Presentaci\u00f3n y duraci\u00f3n:<\/strong><\/p>\n<p>&nbsp;<\/p>\n<ul>\n<li>Sabor chocolate &#8211; 4.5lb: 56 servicios<\/li>\n<li>La tabla nutricional var\u00eda de acuerdo al sabor<\/li>\n<\/ul>\n<p>&nbsp;<\/p>\n<p><strong>Caracter\u00edsticas:<\/strong><\/p>\n<p>&nbsp;<\/p>\n<ul>\n<li>Prote\u00edna de carne aislada<\/li>\n<li>23g de prote\u00edna<\/li>\n<li>Libre de az\u00facar<\/li>\n<li>Libre de colesterol<\/li>\n<li>Libre de grasa<\/li>\n<li>Libre de lactosa<\/li>\n<li>Libre de gluten<\/li>\n<li>Amino\u00e1cidos ramificados a\u00f1adidos<\/li>\n<li>Certificaci\u00f3n &#8220;Informed choice&#8221;<\/li>\n<\/ul>\n<p>&nbsp;<\/p>\n<p><strong>Modo de empleo:<\/strong><\/p>\n<p>&nbsp;<\/p>\n<ul>\n<li>1 scoop disuelto de 250ml o 300ml con agua a tiempo<\/li>\n<li>En caso de entrenar consumirlo al finalizar su rutina<\/li>\n<li>Los d\u00edas de no entrenamiento tomar un scoop en las ma\u00f1anas (desayunos) ya sea en agua, batido de frutas o pancakes.<\/li>\n<\/ul>\n<p>&nbsp;<\/p>\n<p><strong>Advertencias y precausiones:<\/strong><\/p>\n<p>&nbsp;<\/p>\n<ul>\n<li>Beef protein carnivor chocolate (DE-3147) Beef protein carnivor vanilla caramel (DE-3175) Suplemento Nutricional. No superar la dosis diaria recomendada para suplementos dieteticos. No debe utilizarse como sustituto de una dieta equilibrada. No recomendado en enfermedad renal o hep\u00e1tica, si esta embarazada o dando de lactar. Si experimenta erupci\u00f3n cut\u00e1nea u otra reacci\u00f3n alergica suspenda su uso y consulte a un medico. No se recomienda en menores de 18 a\u00f1os.<\/li>\n<\/ul>\n","protected":false},"excerpt":{"rendered":"<p><strong>Caracter\u00edsticas:<\/strong><\/p>\n<p>&nbsp;<\/p>\n<ul>\n<li>Prote\u00edna de carne aislada<\/li>\n<li>23g de prote\u00edna<\/li>\n<li>Libre de az\u00facar<\/li>\n<li>Libre de colesterol<\/li>\n<li>Libre de grasa<\/li>\n<li>Libre de lactosa<\/li>\n<li>Libre de gluten<\/li>\n<li>Amino\u00e1cidos ramificados a\u00f1adidos<\/li>\n<li>Certificaci\u00f3n &#8220;Informed choice&#8221;<\/li>\n<\/ul>\n","protected":false},"featured_media":741,"comment_status":"open","ping_status":"closed","template":"","meta":[],"product_cat":[21,36],"product_tag":[],"aioseo_notices":[],"_links":{"self":[{"href":"https:\/\/apocalipsis.pe\/index.php?rest_route=\/wp\/v2\/product\/739"}],"collection":[{"href":"https:\/\/apocalipsis.pe\/index.php?rest_route=\/wp\/v2\/product"}],"about":[{"href":"https:\/\/apocalipsis.pe\/index.php?rest_route=\/wp\/v2\/types\/product"}],"replies":[{"embeddable":true,"href":"https:\/\/apocalipsis.pe\/index.php?rest_route=%2Fwp%2Fv2%2Fcomments&post=739"}],"version-history":[{"count":1,"href":"https:\/\/apocalipsis.pe\/index.php?rest_route=\/wp\/v2\/product\/739\/revisions"}],"predecessor-version":[{"id":28719,"href":"https:\/\/apocalipsis.pe\/index.php?rest_route=\/wp\/v2\/product\/739\/revisions\/28719"}],"wp:featuredmedia":[{"embeddable":true,"href":"https:\/\/apocalipsis.pe\/index.php?rest_route=\/wp\/v2\/media\/741"}],"wp:attachment":[{"href":"https:\/\/apocalipsis.pe\/index.php?rest_route=%2Fwp%2Fv2%2Fmedia&parent=739"}],"wp:term":[{"taxonomy":"product_cat","embeddable":true,"href":"https:\/\/apocalipsis.pe\/index.php?rest_route=%2Fwp%2Fv2%2Fproduct_cat&post=739"},{"taxonomy":"product_tag","embeddable":true,"href":"https:\/\/apocalipsis.pe\/index.php?rest_route=%2Fwp%2Fv2%2Fproduct_tag&post=739"}],"curies":[{"name":"wp","href":"https:\/\/api.w.org\/{rel}","templated":true}]}}