{"id":733,"date":"2023-07-01T15:43:48","date_gmt":"2023-07-01T15:43:48","guid":{"rendered":"https:\/\/apocalipsis.pe\/?post_type=product&#038;p=733"},"modified":"2024-09-04T17:51:19","modified_gmt":"2024-09-04T17:51:19","slug":"creatina-monohidratada-250gr","status":"publish","type":"product","link":"https:\/\/apocalipsis.pe\/?product=creatina-monohidratada-250gr","title":{"rendered":"Creatina Monohidratada 250GR"},"content":{"rendered":"<p>Es una de las formas de creatina m\u00e1s investigadas del mundo, y se ha probado cient\u00edficamente que nuestro producto en polvo de impactante calidad aumenta el rendimiento f\u00edsico al mejorar la potencia general.<\/p>\n<p>\u00bfPor qu\u00e9 elegirlo?<\/p>\n<p>Obtener creatina de la comida, como de la carne y el pescado, puede ser dif\u00edcil debido a la cantidad que necesitar\u00edas, por lo tanto esta es una alternativa r\u00e1pida y f\u00e1cil de conseguirla.<\/p>\n<p>Nuestro suplemento de Creatina Monohidratada, que ayuda a mejorar el rendimiento general, es para todo el mundo: te ayuda a llevar tu entrenamiento al siguiente nivel, en el gimnasio, en la pista o en el campo.<\/p>\n<p>La creatina ha demostrado mejorar el rendimiento f\u00edsico en ejercicios de r\u00e1fagas cortas de alta intensidad. Los efectos beneficiosos se obtienen con una ingesta diaria de 1g de creatina por cada 10kg de peso de quien la tome.<\/p>\n","protected":false},"excerpt":{"rendered":"<ul>\n<li>Se ha probado que aumenta el rendimiento f\u00edsico.<\/li>\n<li>Puede ayudar a aumentar la potencia.<\/li>\n<li>Suplemento diario de f\u00e1cil absorci\u00f3n.<\/li>\n<li>Perfecto para todo tipo de deportes y ejercicios.<\/li>\n<\/ul>\n","protected":false},"featured_media":28548,"comment_status":"open","ping_status":"closed","template":"","meta":[],"product_cat":[32,20],"product_tag":[],"aioseo_notices":[],"_links":{"self":[{"href":"https:\/\/apocalipsis.pe\/index.php?rest_route=\/wp\/v2\/product\/733"}],"collection":[{"href":"https:\/\/apocalipsis.pe\/index.php?rest_route=\/wp\/v2\/product"}],"about":[{"href":"https:\/\/apocalipsis.pe\/index.php?rest_route=\/wp\/v2\/types\/product"}],"replies":[{"embeddable":true,"href":"https:\/\/apocalipsis.pe\/index.php?rest_route=%2Fwp%2Fv2%2Fcomments&post=733"}],"version-history":[{"count":4,"href":"https:\/\/apocalipsis.pe\/index.php?rest_route=\/wp\/v2\/product\/733\/revisions"}],"predecessor-version":[{"id":28639,"href":"https:\/\/apocalipsis.pe\/index.php?rest_route=\/wp\/v2\/product\/733\/revisions\/28639"}],"wp:featuredmedia":[{"embeddable":true,"href":"https:\/\/apocalipsis.pe\/index.php?rest_route=\/wp\/v2\/media\/28548"}],"wp:attachment":[{"href":"https:\/\/apocalipsis.pe\/index.php?rest_route=%2Fwp%2Fv2%2Fmedia&parent=733"}],"wp:term":[{"taxonomy":"product_cat","embeddable":true,"href":"https:\/\/apocalipsis.pe\/index.php?rest_route=%2Fwp%2Fv2%2Fproduct_cat&post=733"},{"taxonomy":"product_tag","embeddable":true,"href":"https:\/\/apocalipsis.pe\/index.php?rest_route=%2Fwp%2Fv2%2Fproduct_tag&post=733"}],"curies":[{"name":"wp","href":"https:\/\/api.w.org\/{rel}","templated":true}]}}