{"id":728,"date":"2023-07-01T15:25:57","date_gmt":"2023-07-01T15:25:57","guid":{"rendered":"https:\/\/apocalipsis.pe\/?post_type=product&#038;p=728"},"modified":"2024-09-04T22:11:38","modified_gmt":"2024-09-04T22:11:38","slug":"impact-whey-isolate-2-5-kg","status":"publish","type":"product","link":"https:\/\/apocalipsis.pe\/?product=impact-whey-isolate-2-5-kg","title":{"rendered":"Impact Whey Isolate 2.5 Kg"},"content":{"rendered":"<p>Esta mezcla de calidad superior contiene 22g de prote\u00edna por raci\u00f3n, para que obtengas toda la prote\u00edna que necesitas. Procedente de las mismas vacas que producen la leche y el queso, se filtra y seca \u00fanicamente por aspersi\u00f3n para ofrecer solo nutrientes naturales.<\/p>\n","protected":false},"excerpt":{"rendered":"<ul>\n<li>90% de contenido proteico.<\/li>\n<li>22g de prote\u00edna por raci\u00f3n (El contenido proteico puede cambiar hasta 10% seg\u00fan el sabor elegido).<\/li>\n<li>Cero grasas, cero az\u00facar y menos de 1g de carbohidratos.<\/li>\n<li>4,5g de BCAA.<\/li>\n<li>3,6g de Glutamina.<\/li>\n<\/ul>\n","protected":false},"featured_media":28326,"comment_status":"open","ping_status":"closed","template":"","meta":[],"product_cat":[20,36],"product_tag":[],"aioseo_notices":[],"_links":{"self":[{"href":"https:\/\/apocalipsis.pe\/index.php?rest_route=\/wp\/v2\/product\/728"}],"collection":[{"href":"https:\/\/apocalipsis.pe\/index.php?rest_route=\/wp\/v2\/product"}],"about":[{"href":"https:\/\/apocalipsis.pe\/index.php?rest_route=\/wp\/v2\/types\/product"}],"replies":[{"embeddable":true,"href":"https:\/\/apocalipsis.pe\/index.php?rest_route=%2Fwp%2Fv2%2Fcomments&post=728"}],"version-history":[{"count":3,"href":"https:\/\/apocalipsis.pe\/index.php?rest_route=\/wp\/v2\/product\/728\/revisions"}],"predecessor-version":[{"id":28721,"href":"https:\/\/apocalipsis.pe\/index.php?rest_route=\/wp\/v2\/product\/728\/revisions\/28721"}],"wp:featuredmedia":[{"embeddable":true,"href":"https:\/\/apocalipsis.pe\/index.php?rest_route=\/wp\/v2\/media\/28326"}],"wp:attachment":[{"href":"https:\/\/apocalipsis.pe\/index.php?rest_route=%2Fwp%2Fv2%2Fmedia&parent=728"}],"wp:term":[{"taxonomy":"product_cat","embeddable":true,"href":"https:\/\/apocalipsis.pe\/index.php?rest_route=%2Fwp%2Fv2%2Fproduct_cat&post=728"},{"taxonomy":"product_tag","embeddable":true,"href":"https:\/\/apocalipsis.pe\/index.php?rest_route=%2Fwp%2Fv2%2Fproduct_tag&post=728"}],"curies":[{"name":"wp","href":"https:\/\/api.w.org\/{rel}","templated":true}]}}