{"id":723,"date":"2023-07-01T15:15:02","date_gmt":"2023-07-01T15:15:02","guid":{"rendered":"https:\/\/apocalipsis.pe\/?post_type=product&#038;p=723"},"modified":"2025-03-21T03:45:21","modified_gmt":"2025-03-21T03:45:21","slug":"eaa-390-gr","status":"publish","type":"product","link":"https:\/\/apocalipsis.pe\/?product=eaa-390-gr","title":{"rendered":"EAA 390Gr 62 servicios"},"content":{"rendered":"<p>El EAA de Kevin Levrone es un compuesto de los siguientes amino\u00e1cidos esenciales: Isoleucina, Leucina, Licina, Metionina, Fenilalanina, Treonina, Tript\u00f3fano y Valina. El EAA te ayudar\u00e1 a retrasar la fatiga muscular, mejorar la recuperaci\u00f3n y aumentar el desarrollo de la masa muscular. Por \u00faltimo, si quieres un gran desarrollo muscular puedes consumir el EAA, ya que favorece la formaci\u00f3n de musculatura magra. Los amino\u00e1cidos son necesarios en todas las personas, pero para aquellos que practican rutinas de ejercicios son m\u00e1s que indispensables.<\/p>\n","protected":false},"excerpt":{"rendered":"<p>390 Gramos \u2013 62 Servicios<\/p>\n","protected":false},"featured_media":725,"comment_status":"open","ping_status":"closed","template":"","meta":[],"product_cat":[31,19],"product_tag":[],"aioseo_notices":[],"_links":{"self":[{"href":"https:\/\/apocalipsis.pe\/index.php?rest_route=\/wp\/v2\/product\/723"}],"collection":[{"href":"https:\/\/apocalipsis.pe\/index.php?rest_route=\/wp\/v2\/product"}],"about":[{"href":"https:\/\/apocalipsis.pe\/index.php?rest_route=\/wp\/v2\/types\/product"}],"replies":[{"embeddable":true,"href":"https:\/\/apocalipsis.pe\/index.php?rest_route=%2Fwp%2Fv2%2Fcomments&post=723"}],"version-history":[{"count":3,"href":"https:\/\/apocalipsis.pe\/index.php?rest_route=\/wp\/v2\/product\/723\/revisions"}],"predecessor-version":[{"id":28660,"href":"https:\/\/apocalipsis.pe\/index.php?rest_route=\/wp\/v2\/product\/723\/revisions\/28660"}],"wp:featuredmedia":[{"embeddable":true,"href":"https:\/\/apocalipsis.pe\/index.php?rest_route=\/wp\/v2\/media\/725"}],"wp:attachment":[{"href":"https:\/\/apocalipsis.pe\/index.php?rest_route=%2Fwp%2Fv2%2Fmedia&parent=723"}],"wp:term":[{"taxonomy":"product_cat","embeddable":true,"href":"https:\/\/apocalipsis.pe\/index.php?rest_route=%2Fwp%2Fv2%2Fproduct_cat&post=723"},{"taxonomy":"product_tag","embeddable":true,"href":"https:\/\/apocalipsis.pe\/index.php?rest_route=%2Fwp%2Fv2%2Fproduct_tag&post=723"}],"curies":[{"name":"wp","href":"https:\/\/api.w.org\/{rel}","templated":true}]}}