{"id":713,"date":"2023-07-01T06:57:15","date_gmt":"2023-07-01T06:57:15","guid":{"rendered":"https:\/\/apocalipsis.pe\/?post_type=product&#038;p=713"},"modified":"2024-09-05T04:03:30","modified_gmt":"2024-09-05T04:03:30","slug":"shaaboom-pump","status":"publish","type":"product","link":"https:\/\/apocalipsis.pe\/?product=shaaboom-pump","title":{"rendered":"Shaaboom Pump 385gr &#8211; 44 servicios"},"content":{"rendered":"<p>SHAABOOM PUMP es el pre-workout y voluminizador muscular m\u00e1s completo del mercado que nunca te defraudar\u00e1. Es una f\u00f3rmula probada que se ha convertido en el suplemento preferido y el compa\u00f1ero de confianza de los campeones de culturismo, atletas y aficionados del gimnasio a trav\u00e9s del mundo.<\/p>\n<p>SHAABOOM PUMP fue creado por una simple raz\u00f3n: producir energ\u00eda intensa y un bombeo muscular sobrehumano para que entrenes como una Leyenda.<\/p>\n<p>La f\u00f3rmula SHAABOOM PUMP est\u00e1 enriquecida con 6000mg de Malato de Citrulina, 5000 mg de Beta-Alanina, 3000mg de Creatina Monohidrato, 2000mg de L-Arginina AKG y 400mg de Cafeina por cada 2 servicios. Desde el p rimer servicio, preparate para sentir un efecto sobrenatural, y a medida que la intensidad aumente las pesas se sentiran como juguetes. Contiene una dosis sublime de cafe\u00edna, para aumentar a\u00fan m\u00e1s la intensidad y el enfoque a lo largo de tu entrenamiento.<\/p>\n<p>No hay nada como la sensaci\u00f3n de un entrenamiento incre\u00edble, cuando tus m\u00fasculos de repente comienzan a llenarse de sangre, y te ves como si estuvieras usando una camiseta para ni\u00f1os, ya que las venas comienzan a sobresalir como un mapa de carreteras.<\/p>\n<p>SHAABOOM PUMP proporciona todo lo que has estado buscando para sacarle el jugo a tus entrenamientos y construir un f\u00edsico envidiable, el f\u00edsico de una Leyenda.<\/p>\n","protected":false},"excerpt":{"rendered":"<p>385gr \u2013 44 Servicios<\/p>\n","protected":false},"featured_media":28419,"comment_status":"open","ping_status":"closed","template":"","meta":[],"product_cat":[19,35],"product_tag":[],"aioseo_notices":[],"_links":{"self":[{"href":"https:\/\/apocalipsis.pe\/index.php?rest_route=\/wp\/v2\/product\/713"}],"collection":[{"href":"https:\/\/apocalipsis.pe\/index.php?rest_route=\/wp\/v2\/product"}],"about":[{"href":"https:\/\/apocalipsis.pe\/index.php?rest_route=\/wp\/v2\/types\/product"}],"replies":[{"embeddable":true,"href":"https:\/\/apocalipsis.pe\/index.php?rest_route=%2Fwp%2Fv2%2Fcomments&post=713"}],"version-history":[{"count":5,"href":"https:\/\/apocalipsis.pe\/index.php?rest_route=\/wp\/v2\/product\/713\/revisions"}],"predecessor-version":[{"id":28738,"href":"https:\/\/apocalipsis.pe\/index.php?rest_route=\/wp\/v2\/product\/713\/revisions\/28738"}],"wp:featuredmedia":[{"embeddable":true,"href":"https:\/\/apocalipsis.pe\/index.php?rest_route=\/wp\/v2\/media\/28419"}],"wp:attachment":[{"href":"https:\/\/apocalipsis.pe\/index.php?rest_route=%2Fwp%2Fv2%2Fmedia&parent=713"}],"wp:term":[{"taxonomy":"product_cat","embeddable":true,"href":"https:\/\/apocalipsis.pe\/index.php?rest_route=%2Fwp%2Fv2%2Fproduct_cat&post=713"},{"taxonomy":"product_tag","embeddable":true,"href":"https:\/\/apocalipsis.pe\/index.php?rest_route=%2Fwp%2Fv2%2Fproduct_tag&post=713"}],"curies":[{"name":"wp","href":"https:\/\/api.w.org\/{rel}","templated":true}]}}