{"id":697,"date":"2023-07-01T06:35:59","date_gmt":"2023-07-01T06:35:59","guid":{"rendered":"https:\/\/apocalipsis.pe\/?post_type=product&#038;p=697"},"modified":"2024-09-04T22:12:15","modified_gmt":"2024-09-04T22:12:15","slug":"anabolic-iso-whey-2kg","status":"publish","type":"product","link":"https:\/\/apocalipsis.pe\/?product=anabolic-iso-whey-2kg","title":{"rendered":"Anabolic Iso Whey 2Kg &#8211; LEVRONE"},"content":{"rendered":"<p>ANABOLIC ISO WHEY representa una revoluci\u00f3n en la forma en que las prote\u00ednas de suero de leche aislada se formulan. Derivado \u00fanicamente del aislado de suero de leche aislado, ANABOLIC ISO WHEY ofrece una pureza sin precedentes de 85 g de prote\u00edna por cada 100 gramos de producto. Esta alta prote\u00edna, m\u00e1s la oleada anab\u00f3lica de amino\u00e1cidos altamente biodisponibles, da lugar a un entorno fisiol\u00f3gico para que tenga lugar un crecimiento serio.<\/p>\n<p>Reconociendo que el f\u00edsico de un campe\u00f3n requiere mucho m\u00e1s que una f\u00f3rmula que simplemente cumple con una cantidad diaria recomendada de prote\u00edna de calidad, infundimos ANABOLIC ISO WHEY con el segundo y tercer compuesto m\u00e1s buscado para el crecimiento muscular: 3000 mg de Creatina Monohidratada y 500 mg de \u00c1cido asp\u00e1rtico.<\/p>\n<p>Esta poderosa combinaci\u00f3n marca un punto de referencia inigualable para las f\u00f3rmulas de prote\u00edna de suero de leche aislado en el mercado saturado de hoy. La Creatina Monohidratada de ANABOLIC ISO WHEY trabaja para regenerar el ATP mientras que al mismo tiempo aumenta la s\u00edntesis de prote\u00ednas, lo que te permite lograr un mayor crecimiento muscular en menos tiempo. El \u00e1cido D-asp\u00e1rtico incrementa los niveles naturales de testosterona libre biodisponible en tu cuerpo, para maximizar a\u00fan m\u00e1s los efectos anab\u00f3licos.<\/p>\n<p>Asimismo, le agregamos 1000 mg de Taurina, para ayudar a mejorar el flujo sangu\u00edneo y estabilizar los niveles de az\u00facar en la sangre, ambos imprescindibles para romper los flujos hormonales.<\/p>\n<p>La f\u00f3rmula ANABOLIC ISO WHEY representa un complejo de prote\u00edna de suero de leche aislado anab\u00f3lico superior para los atletas que buscan grabar sus nombres en los libros de historia.<\/p>\n","protected":false},"excerpt":{"rendered":"<ul>\n<li>2kg &#8211; 66 servicios<\/li>\n<li>85 gr de prote\u00edna por cada 100 gr de productos<\/li>\n<\/ul>\n","protected":false},"featured_media":690,"comment_status":"open","ping_status":"closed","template":"","meta":[],"product_cat":[19,36],"product_tag":[],"aioseo_notices":[],"_links":{"self":[{"href":"https:\/\/apocalipsis.pe\/index.php?rest_route=\/wp\/v2\/product\/697"}],"collection":[{"href":"https:\/\/apocalipsis.pe\/index.php?rest_route=\/wp\/v2\/product"}],"about":[{"href":"https:\/\/apocalipsis.pe\/index.php?rest_route=\/wp\/v2\/types\/product"}],"replies":[{"embeddable":true,"href":"https:\/\/apocalipsis.pe\/index.php?rest_route=%2Fwp%2Fv2%2Fcomments&post=697"}],"version-history":[{"count":3,"href":"https:\/\/apocalipsis.pe\/index.php?rest_route=\/wp\/v2\/product\/697\/revisions"}],"predecessor-version":[{"id":28722,"href":"https:\/\/apocalipsis.pe\/index.php?rest_route=\/wp\/v2\/product\/697\/revisions\/28722"}],"wp:featuredmedia":[{"embeddable":true,"href":"https:\/\/apocalipsis.pe\/index.php?rest_route=\/wp\/v2\/media\/690"}],"wp:attachment":[{"href":"https:\/\/apocalipsis.pe\/index.php?rest_route=%2Fwp%2Fv2%2Fmedia&parent=697"}],"wp:term":[{"taxonomy":"product_cat","embeddable":true,"href":"https:\/\/apocalipsis.pe\/index.php?rest_route=%2Fwp%2Fv2%2Fproduct_cat&post=697"},{"taxonomy":"product_tag","embeddable":true,"href":"https:\/\/apocalipsis.pe\/index.php?rest_route=%2Fwp%2Fv2%2Fproduct_tag&post=697"}],"curies":[{"name":"wp","href":"https:\/\/api.w.org\/{rel}","templated":true}]}}