{"id":59,"date":"2023-06-15T04:32:06","date_gmt":"2023-06-15T04:32:06","guid":{"rendered":"https:\/\/apocalipsis.pe\/?post_type=product&#038;p=59"},"modified":"2024-09-04T22:14:55","modified_gmt":"2024-09-04T22:14:55","slug":"gold-standard-whey-5-lb","status":"publish","type":"product","link":"https:\/\/apocalipsis.pe\/?product=gold-standard-whey-5-lb","title":{"rendered":"Gold Standard Whey 5 Lb"},"content":{"rendered":"<p>Cada porci\u00f3n de la proteina de suero de leche en polvo m\u00e1s vendida en el mundo proporciona 24 gr de proteina de suero de leche\u00a0 de alta calidad, principalmente del Whey Protein Isolate, al que se le ha &#8220;aislado&#8221; el exceso de carbohidratos, grasas y lactosa mediante sofisticadas tecnolog\u00edas de filtrado. El polvo tambien esta instant\u00e1neo para mezclarlo f\u00e1cilmente con un solo vaso y una cuchara. No hay duda de que esta es la prote\u00edna de suero 100% Gold Standard de Optimum Nutrition.<\/p>\n<p>&nbsp;<\/p>\n","protected":false},"excerpt":{"rendered":"<p><strong>Objetivos:<\/strong><\/p>\n<ul>\n<li>Ideal para complementar tu nutrici\u00f3n<\/li>\n<li>Contribuye al aumento de la masa muscular<\/li>\n<li>Ideal para la etapa de definici\u00f3n muscular<\/li>\n<li>Recuperaci\u00f3n post-entrenamiento<\/li>\n<\/ul>\n<p><strong>Caracter\u00edsticas:<\/strong><\/p>\n<ul>\n<li>Prote\u00edna 100% concentrado de suero de leche<\/li>\n<li>Prote\u00edna de f\u00e1cil absorci\u00f3n<\/li>\n<li>24g de prote\u00ednas por scoop<\/li>\n<li>5.5g de BCAA<\/li>\n<li>Certificaci\u00f3n &#8220;Informed choice&#8221;<\/li>\n<li>Libre de gluten<\/li>\n<\/ul>\n","protected":false},"featured_media":363,"comment_status":"open","ping_status":"closed","template":"","meta":[],"product_cat":[17,36],"product_tag":[],"aioseo_notices":[],"_links":{"self":[{"href":"https:\/\/apocalipsis.pe\/index.php?rest_route=\/wp\/v2\/product\/59"}],"collection":[{"href":"https:\/\/apocalipsis.pe\/index.php?rest_route=\/wp\/v2\/product"}],"about":[{"href":"https:\/\/apocalipsis.pe\/index.php?rest_route=\/wp\/v2\/types\/product"}],"replies":[{"embeddable":true,"href":"https:\/\/apocalipsis.pe\/index.php?rest_route=%2Fwp%2Fv2%2Fcomments&post=59"}],"version-history":[{"count":4,"href":"https:\/\/apocalipsis.pe\/index.php?rest_route=\/wp\/v2\/product\/59\/revisions"}],"predecessor-version":[{"id":28728,"href":"https:\/\/apocalipsis.pe\/index.php?rest_route=\/wp\/v2\/product\/59\/revisions\/28728"}],"wp:featuredmedia":[{"embeddable":true,"href":"https:\/\/apocalipsis.pe\/index.php?rest_route=\/wp\/v2\/media\/363"}],"wp:attachment":[{"href":"https:\/\/apocalipsis.pe\/index.php?rest_route=%2Fwp%2Fv2%2Fmedia&parent=59"}],"wp:term":[{"taxonomy":"product_cat","embeddable":true,"href":"https:\/\/apocalipsis.pe\/index.php?rest_route=%2Fwp%2Fv2%2Fproduct_cat&post=59"},{"taxonomy":"product_tag","embeddable":true,"href":"https:\/\/apocalipsis.pe\/index.php?rest_route=%2Fwp%2Fv2%2Fproduct_tag&post=59"}],"curies":[{"name":"wp","href":"https:\/\/api.w.org\/{rel}","templated":true}]}}