{"id":49,"date":"2023-06-15T04:28:20","date_gmt":"2023-06-15T04:28:20","guid":{"rendered":"https:\/\/apocalipsis.pe\/?post_type=product&#038;p=49"},"modified":"2024-09-04T22:15:08","modified_gmt":"2024-09-04T22:15:08","slug":"gold-standard-whey-10-lb","status":"publish","type":"product","link":"https:\/\/apocalipsis.pe\/?product=gold-standard-whey-10-lb","title":{"rendered":"Gold Standard Whey 10 Lb &#8211; ON"},"content":{"rendered":"<div class=\"DF_utQ _0xkaeQ\">\n<div class=\"aF9o6Q _0yZ6Qg XfBqww\">\n<div class=\"_01bRbw S9bRfA xjeqXQ\" lang=\"es-419\">\n<p class=\"sF7BEQ LvJyfQ DWOR5A\"><span class=\"WdYUQQ\">Cada porci\u00f3n de la prote\u00edna de suero de leche en polvo m\u00e1s vendida en el mundo proporciona 24 gramos de prote\u00edna de suero de leche de alta calidad, principalmente de Whey Protein Isolate, al que se le ha &#8220;aislado&#8221; el exceso de carbohidratos, grasas y lactosa mediante sofisticadas tecnolog\u00edas de filtrado. El polvo tambi\u00e9n est\u00e1 instant\u00e1neo para mezclarlo f\u00e1cilmente con solo un vaso y una cuchara. Con m\u00e1s de 20 sabores diferentes, incluidas opciones con sabores naturales, no hay duda de que esta es la prote\u00edna de suero 100 % Gold Standard de Optimum Nutrition.<\/span><\/p>\n<\/div>\n<\/div>\n<\/div>\n<div class=\"DF_utQ _0xkaeQ\">\n<div class=\"aF9o6Q _0yZ6Qg XfBqww\">\n<div class=\"_01bRbw S9bRfA xjeqXQ\" lang=\"es-419\">\n<p class=\"sF7BEQ viTkIg LvJyfQ DWOR5A PvCABw\"><span class=\"WdYUQQ\">-24 gramos de prote\u00edna por porci\u00f3n<\/span><\/p>\n<p class=\"sF7BEQ viTkIg LvJyfQ DWOR5A PvCABw\"><span class=\"WdYUQQ\">-5,5 gramos de BCAA naturales por porci\u00f3n<\/span><\/p>\n<\/div>\n<\/div>\n<\/div>\n","protected":false},"excerpt":{"rendered":"<p><strong>Objetivos:<\/strong><\/p>\n<ul>\n<li>Ideal para complementar tu nutrici\u00f3n<\/li>\n<li>Contribuye al aumento de la masa muscular<\/li>\n<li>Ideal para la etapa de definici\u00f3n muscular<\/li>\n<li>Recuperaci\u00f3n post-entrenamiento<\/li>\n<\/ul>\n<p><strong>Caracter\u00edsticas:<\/strong><\/p>\n<ul>\n<li style=\"list-style-type: none;\">\n<ul>\n<li>Prote\u00edna 100% concentrado de suero de leche<\/li>\n<li>Prote\u00edna de f\u00e1cil absorci\u00f3n<\/li>\n<li>24g de prote\u00ednas por scoop<\/li>\n<li>5.5g de BCAA<\/li>\n<li>Certificaci\u00f3n \u201cInformed choice\u201d<\/li>\n<li>Libre de gluten<\/li>\n<\/ul>\n<\/li>\n<\/ul>\n","protected":false},"featured_media":28610,"comment_status":"open","ping_status":"closed","template":"","meta":[],"product_cat":[17,36],"product_tag":[],"aioseo_notices":[],"_links":{"self":[{"href":"https:\/\/apocalipsis.pe\/index.php?rest_route=\/wp\/v2\/product\/49"}],"collection":[{"href":"https:\/\/apocalipsis.pe\/index.php?rest_route=\/wp\/v2\/product"}],"about":[{"href":"https:\/\/apocalipsis.pe\/index.php?rest_route=\/wp\/v2\/types\/product"}],"replies":[{"embeddable":true,"href":"https:\/\/apocalipsis.pe\/index.php?rest_route=%2Fwp%2Fv2%2Fcomments&post=49"}],"version-history":[{"count":4,"href":"https:\/\/apocalipsis.pe\/index.php?rest_route=\/wp\/v2\/product\/49\/revisions"}],"predecessor-version":[{"id":28729,"href":"https:\/\/apocalipsis.pe\/index.php?rest_route=\/wp\/v2\/product\/49\/revisions\/28729"}],"wp:featuredmedia":[{"embeddable":true,"href":"https:\/\/apocalipsis.pe\/index.php?rest_route=\/wp\/v2\/media\/28610"}],"wp:attachment":[{"href":"https:\/\/apocalipsis.pe\/index.php?rest_route=%2Fwp%2Fv2%2Fmedia&parent=49"}],"wp:term":[{"taxonomy":"product_cat","embeddable":true,"href":"https:\/\/apocalipsis.pe\/index.php?rest_route=%2Fwp%2Fv2%2Fproduct_cat&post=49"},{"taxonomy":"product_tag","embeddable":true,"href":"https:\/\/apocalipsis.pe\/index.php?rest_route=%2Fwp%2Fv2%2Fproduct_tag&post=49"}],"curies":[{"name":"wp","href":"https:\/\/api.w.org\/{rel}","templated":true}]}}