{"id":415,"date":"2023-06-27T01:11:05","date_gmt":"2023-06-27T01:11:05","guid":{"rendered":"https:\/\/apocalipsis.pe\/?post_type=product&#038;p=415"},"modified":"2025-03-25T13:23:54","modified_gmt":"2025-03-25T13:23:54","slug":"creatina-monohidratada-1000g","status":"publish","type":"product","link":"https:\/\/apocalipsis.pe\/?product=creatina-monohidratada-1000g","title":{"rendered":"Creatina Monohidratada 1 Kg"},"content":{"rendered":"<p><strong>Objetivos:<\/strong><\/p>\n<ul>\n<li>Incrementa la fuerza<\/li>\n<li>Contribuye al aumento de la masa muscular cuando se usa conjuntamente con el entrenamiento.<\/li>\n<\/ul>\n<p><strong>Presentaci\u00f3n y duraci\u00f3n:<\/strong><\/p>\n<ul>\n<li>Creatina de 1 kg : 200 servicios<\/li>\n<\/ul>\n<p><strong>Modo de empleo:<\/strong><\/p>\n<ul>\n<li>Como suplemento diet\u00e9tico, tomar una cucharadita de t\u00e9 al raz (Aproximadamente 5gr.) dos veces al d\u00eda y con el est\u00f3mago vac\u00edo.<\/li>\n<li>Su consumo es diario. Si va a entrenar 15 minutos antes de los ejercicios. Los d\u00edas que no, tomarlo en ayunas.<\/li>\n<li>Mezclar con agua de 150ml, jugo c\u00edtrico o con tu prote\u00edna de preferencia.<\/li>\n<\/ul>\n<p><strong>Advertencias y precauciones:<\/strong><\/p>\n<p>Creatine Monohydrate (DE-1868) Suplemento Nutricional. No superar la dosis diaria recomendada para suplementos diet\u00e9ticos. No debe utilizarse como sustituto de una dieta equilibrada. No recomendado si est\u00e1 embarazada o est\u00e1 dando de lactar. Si experimenta erupci\u00f3n cut\u00e1nea u otra reacci\u00f3n al\u00e9rgica, suspenda su uso y consulte a su m\u00e9dico. No se recomienda usar en menores de 18 a\u00f1os.<\/p>\n","protected":false},"excerpt":{"rendered":"<p><strong>Objetivos:<\/strong><\/p>\n<ul>\n<li>Incrementa la fuerza<\/li>\n<li>Contribuye al aumento de la masa muscular cuando se usa conjuntamente con el entrenamiento.<\/li>\n<\/ul>\n","protected":false},"featured_media":417,"comment_status":"open","ping_status":"closed","template":"","meta":[],"product_cat":[32,18],"product_tag":[],"aioseo_notices":[],"_links":{"self":[{"href":"https:\/\/apocalipsis.pe\/index.php?rest_route=\/wp\/v2\/product\/415"}],"collection":[{"href":"https:\/\/apocalipsis.pe\/index.php?rest_route=\/wp\/v2\/product"}],"about":[{"href":"https:\/\/apocalipsis.pe\/index.php?rest_route=\/wp\/v2\/types\/product"}],"replies":[{"embeddable":true,"href":"https:\/\/apocalipsis.pe\/index.php?rest_route=%2Fwp%2Fv2%2Fcomments&post=415"}],"version-history":[{"count":3,"href":"https:\/\/apocalipsis.pe\/index.php?rest_route=\/wp\/v2\/product\/415\/revisions"}],"predecessor-version":[{"id":28724,"href":"https:\/\/apocalipsis.pe\/index.php?rest_route=\/wp\/v2\/product\/415\/revisions\/28724"}],"wp:featuredmedia":[{"embeddable":true,"href":"https:\/\/apocalipsis.pe\/index.php?rest_route=\/wp\/v2\/media\/417"}],"wp:attachment":[{"href":"https:\/\/apocalipsis.pe\/index.php?rest_route=%2Fwp%2Fv2%2Fmedia&parent=415"}],"wp:term":[{"taxonomy":"product_cat","embeddable":true,"href":"https:\/\/apocalipsis.pe\/index.php?rest_route=%2Fwp%2Fv2%2Fproduct_cat&post=415"},{"taxonomy":"product_tag","embeddable":true,"href":"https:\/\/apocalipsis.pe\/index.php?rest_route=%2Fwp%2Fv2%2Fproduct_tag&post=415"}],"curies":[{"name":"wp","href":"https:\/\/api.w.org\/{rel}","templated":true}]}}