{"id":414,"date":"2023-06-27T01:08:37","date_gmt":"2023-06-27T01:08:37","guid":{"rendered":"https:\/\/apocalipsis.pe\/?post_type=product&#038;p=414"},"modified":"2024-09-04T22:13:20","modified_gmt":"2024-09-04T22:13:20","slug":"creatina-monohidratada-300g","status":"publish","type":"product","link":"https:\/\/apocalipsis.pe\/?product=creatina-monohidratada-300g","title":{"rendered":"Creatina Monohidratada 300 gr"},"content":{"rendered":"<p><strong>\u00bfPor qu\u00e9 tomar la creatina de Ultimate Nutrition?:<\/strong><\/p>\n<ul>\n<li>\u00a0Te ayuda a incrementar la fuerza<\/li>\n<li>Disminuye la fatiga a nivel muscular y mental<\/li>\n<li>Contribuye al aumento de la masa muscular cuando se usa conjuntamente con el entrenamiento<\/li>\n<\/ul>\n<p><strong>Presentaci\u00f3n y duraci\u00f3n:<\/strong><\/p>\n<ul>\n<li>Creatina de 300g: 60 servicios<\/li>\n<li>100% creatina pura monohidratada<\/li>\n<\/ul>\n<p><strong>Modo de empleo:<\/strong><\/p>\n<ul>\n<li>Tomar 5g por servicio (por cada toma)<\/li>\n<li>Como suplemento diet\u00e9tico, tomar una cucharadita de t\u00e9 al raz (Aproximadamente 5gr.) una o dos veces al d\u00eda en cualquier momento del d\u00eda.<\/li>\n<li>Mezclar con agua de 150ml a 200ml con agua, jugo de frutas o con tu prote\u00edna de preferencia.<\/li>\n<li>No incluye scoop.<\/li>\n<\/ul>\n<p><strong>Advertencias y precauciones:<\/strong><\/p>\n<p>Creatine Monohydrate (DE-1868) Suplemento Nutricional. No superar la dosis diaria recomendada para suplementos diet\u00e9ticos. No debe utilizarse como sustituto de una dieta equilibrada. No recomendado si est\u00e1 embarazada o est\u00e1 dando de lactar. Si experimenta erupci\u00f3n cut\u00e1nea u otra reacci\u00f3n al\u00e9rgica, suspenda su uso y consulte a su m\u00e9dico. No se recomienda usar en menores de 18 a\u00f1os.<\/p>\n","protected":false},"excerpt":{"rendered":"<p><strong>\u00bfPor qu\u00e9 tomar la creatina de Ultimate Nutrition?:<\/strong><\/p>\n<ul>\n<li>\u00a0Te ayuda a incrementar la fuerza<\/li>\n<li>Disminuye la fatiga a nivel muscular y mental<\/li>\n<li>Contribuye al aumento de la masa muscular cuando se usa conjuntamente con el entrenamiento<\/li>\n<\/ul>\n","protected":false},"featured_media":418,"comment_status":"open","ping_status":"closed","template":"","meta":[],"product_cat":[32,18],"product_tag":[],"aioseo_notices":[],"_links":{"self":[{"href":"https:\/\/apocalipsis.pe\/index.php?rest_route=\/wp\/v2\/product\/414"}],"collection":[{"href":"https:\/\/apocalipsis.pe\/index.php?rest_route=\/wp\/v2\/product"}],"about":[{"href":"https:\/\/apocalipsis.pe\/index.php?rest_route=\/wp\/v2\/types\/product"}],"replies":[{"embeddable":true,"href":"https:\/\/apocalipsis.pe\/index.php?rest_route=%2Fwp%2Fv2%2Fcomments&post=414"}],"version-history":[{"count":2,"href":"https:\/\/apocalipsis.pe\/index.php?rest_route=\/wp\/v2\/product\/414\/revisions"}],"predecessor-version":[{"id":28725,"href":"https:\/\/apocalipsis.pe\/index.php?rest_route=\/wp\/v2\/product\/414\/revisions\/28725"}],"wp:featuredmedia":[{"embeddable":true,"href":"https:\/\/apocalipsis.pe\/index.php?rest_route=\/wp\/v2\/media\/418"}],"wp:attachment":[{"href":"https:\/\/apocalipsis.pe\/index.php?rest_route=%2Fwp%2Fv2%2Fmedia&parent=414"}],"wp:term":[{"taxonomy":"product_cat","embeddable":true,"href":"https:\/\/apocalipsis.pe\/index.php?rest_route=%2Fwp%2Fv2%2Fproduct_cat&post=414"},{"taxonomy":"product_tag","embeddable":true,"href":"https:\/\/apocalipsis.pe\/index.php?rest_route=%2Fwp%2Fv2%2Fproduct_tag&post=414"}],"curies":[{"name":"wp","href":"https:\/\/api.w.org\/{rel}","templated":true}]}}