{"id":411,"date":"2023-06-27T00:45:54","date_gmt":"2023-06-27T00:45:54","guid":{"rendered":"https:\/\/apocalipsis.pe\/?post_type=product&#038;p=411"},"modified":"2024-08-23T21:20:15","modified_gmt":"2024-08-23T21:20:15","slug":"iso-sensation-5lb","status":"publish","type":"product","link":"https:\/\/apocalipsis.pe\/?product=iso-sensation-5lb","title":{"rendered":"ISO Sensation 5lb"},"content":{"rendered":"<p><strong>Objetivos:<\/strong><\/p>\n<ul>\n<li>Ideal para complementar tu nutrici\u00f3n<\/li>\n<li>Contribuye al aumento de la masa muscular<\/li>\n<li>Ideal para la etapa de definici\u00f3n muscular<\/li>\n<li>Recuperaci\u00f3n post-entrenamiento<\/li>\n<\/ul>\n<p><strong>Presentaci\u00f3n y duraci\u00f3n:<\/strong><\/p>\n<p>Sabor Vainilla bean: 71 servicios (5lb)<\/p>\n<p><strong>Beneficios:<\/strong><\/p>\n<ul>\n<li>Prote\u00edna aislado de suero de leche (Sin lactosa)<\/li>\n<li>*Ideal para intolerantes a la lactosa<\/li>\n<li>Prote\u00edna de f\u00e1cil y r\u00e1pida absorci\u00f3n<\/li>\n<li>30g de prote\u00ednas por scoop<\/li>\n<li>6.7g de BCAA<\/li>\n<li>93% de pureza<\/li>\n<li>Libre de gluten<\/li>\n<\/ul>\n<p><strong>Modo de empleo:<\/strong><\/p>\n<ul>\n<li>1 scoop disuelto de 250ml o 300ml con agua a tiempo<\/li>\n<li>En caso de entrenar consumirlo al finalizar su rutina<\/li>\n<li>Los d\u00edas de no entrenamiento tomar un scoop en las ma\u00f1anas (desayunos) ya sea en agua, batido de frutas o pancakes.<\/li>\n<\/ul>\n<p><strong>Advertencias y precauciones:<\/strong><\/p>\n<ul>\n<li>ISO SENSATION 93 Vanilla Bean (DE-2886). Suplemento Alimenticio. No debe utilizarse como sustituto de una dieta equilibrada. No superar la dosis diaria expresamente recomendada. Si experimenta erupci\u00f3n cut\u00e1nea u otra reacci\u00f3n al\u00e9rgica, suspenda su uso y consulte a su m\u00e9dico. No se recomienda usar en menores de 18 a\u00f1os.<\/li>\n<li>*Cada persona tiene diferente grado de intolerancia a la lactosa, la mayor\u00eda de personas con intolerancia a la lactosa pueden tolerar hasta 12g de lactosa al d\u00eda, otros con menos de 6g al d\u00eda ya sienten malestar.<\/li>\n<\/ul>\n","protected":false},"excerpt":{"rendered":"<p><strong>Beneficios:<\/strong><\/p>\n<ul>\n<li>Prote\u00edna aislado de suero de leche (Sin lactosa)<\/li>\n<li>*Ideal para intolerantes a la lactosa<\/li>\n<li>Prote\u00edna de f\u00e1cil y r\u00e1pida absorci\u00f3n<\/li>\n<li>30g de prote\u00ednas por scoop<\/li>\n<li>6.7g de BCAA<\/li>\n<li>93% de pureza<\/li>\n<li>Libre de gluten<\/li>\n<\/ul>\n","protected":false},"featured_media":413,"comment_status":"open","ping_status":"closed","template":"","meta":[],"product_cat":[36,18],"product_tag":[],"aioseo_notices":[],"_links":{"self":[{"href":"https:\/\/apocalipsis.pe\/index.php?rest_route=\/wp\/v2\/product\/411"}],"collection":[{"href":"https:\/\/apocalipsis.pe\/index.php?rest_route=\/wp\/v2\/product"}],"about":[{"href":"https:\/\/apocalipsis.pe\/index.php?rest_route=\/wp\/v2\/types\/product"}],"replies":[{"embeddable":true,"href":"https:\/\/apocalipsis.pe\/index.php?rest_route=%2Fwp%2Fv2%2Fcomments&post=411"}],"version-history":[{"count":1,"href":"https:\/\/apocalipsis.pe\/index.php?rest_route=\/wp\/v2\/product\/411\/revisions"}],"predecessor-version":[{"id":28159,"href":"https:\/\/apocalipsis.pe\/index.php?rest_route=\/wp\/v2\/product\/411\/revisions\/28159"}],"wp:featuredmedia":[{"embeddable":true,"href":"https:\/\/apocalipsis.pe\/index.php?rest_route=\/wp\/v2\/media\/413"}],"wp:attachment":[{"href":"https:\/\/apocalipsis.pe\/index.php?rest_route=%2Fwp%2Fv2%2Fmedia&parent=411"}],"wp:term":[{"taxonomy":"product_cat","embeddable":true,"href":"https:\/\/apocalipsis.pe\/index.php?rest_route=%2Fwp%2Fv2%2Fproduct_cat&post=411"},{"taxonomy":"product_tag","embeddable":true,"href":"https:\/\/apocalipsis.pe\/index.php?rest_route=%2Fwp%2Fv2%2Fproduct_tag&post=411"}],"curies":[{"name":"wp","href":"https:\/\/api.w.org\/{rel}","templated":true}]}}