{"id":398,"date":"2023-06-26T23:01:21","date_gmt":"2023-06-26T23:01:21","guid":{"rendered":"https:\/\/apocalipsis.pe\/?post_type=product&#038;p=398"},"modified":"2024-09-04T22:14:08","modified_gmt":"2024-09-04T22:14:08","slug":"multivitaminico-opti-men-de-240-caps","status":"publish","type":"product","link":"https:\/\/apocalipsis.pe\/?product=multivitaminico-opti-men-de-240-caps","title":{"rendered":"Multivitaminico OPTI-MEN 240 TABS"},"content":{"rendered":"<p><strong>MULTIVITAMINA PARA HOMBRES ACTIVOS.<\/strong>\u00a0Cuando entrena duro, su cuerpo tiene mayores necesidades nutricionales.\u00a0Las vitaminas y los minerales brindan un impulso nutricional vital para ayudarlo a enfrentar las demandas de un estilo de vida acelerado.\u00a0Las vitaminas A, D, C, B6, B12, el \u00e1cido f\u00f3lico, el cobre y el selenio contribuyen al funcionamiento normal del sistema inmunol\u00f3gico.\u00a0Las vitaminas C, B2, B3, B5, B6, B12, el \u00e1cido f\u00f3lico y el magnesio contribuyen a la reducci\u00f3n del cansancio y la fatiga.<\/p>\n<p><strong>Descripci\u00f3n.<\/strong>\u00a0Complemento alimenticio con vitaminas, minerales, amino\u00e1cidos y extractos de hierbas.\u00a0Los complementos alimenticios no deben utilizarse como sustitutos de una dieta variada.\u00a0No exceda la dosis diaria recomendada.\u00a0Mantener fuera del alcance de los ni\u00f1os.<\/p>\n","protected":false},"excerpt":{"rendered":"<p>Complemento alimenticio con vitaminas, minerales, amino\u00e1cidos y extractos de hierbas. Los complementos alimenticios no deben utilizarse como sustitutos de una dieta variada. No exceda la dosis diaria recomendada. Mantener fuera del alcance de los ni\u00f1os.<\/p>\n","protected":false},"featured_media":401,"comment_status":"open","ping_status":"closed","template":"","meta":[],"product_cat":[17,38],"product_tag":[],"aioseo_notices":[],"_links":{"self":[{"href":"https:\/\/apocalipsis.pe\/index.php?rest_route=\/wp\/v2\/product\/398"}],"collection":[{"href":"https:\/\/apocalipsis.pe\/index.php?rest_route=\/wp\/v2\/product"}],"about":[{"href":"https:\/\/apocalipsis.pe\/index.php?rest_route=\/wp\/v2\/types\/product"}],"replies":[{"embeddable":true,"href":"https:\/\/apocalipsis.pe\/index.php?rest_route=%2Fwp%2Fv2%2Fcomments&post=398"}],"version-history":[{"count":2,"href":"https:\/\/apocalipsis.pe\/index.php?rest_route=\/wp\/v2\/product\/398\/revisions"}],"predecessor-version":[{"id":28727,"href":"https:\/\/apocalipsis.pe\/index.php?rest_route=\/wp\/v2\/product\/398\/revisions\/28727"}],"wp:featuredmedia":[{"embeddable":true,"href":"https:\/\/apocalipsis.pe\/index.php?rest_route=\/wp\/v2\/media\/401"}],"wp:attachment":[{"href":"https:\/\/apocalipsis.pe\/index.php?rest_route=%2Fwp%2Fv2%2Fmedia&parent=398"}],"wp:term":[{"taxonomy":"product_cat","embeddable":true,"href":"https:\/\/apocalipsis.pe\/index.php?rest_route=%2Fwp%2Fv2%2Fproduct_cat&post=398"},{"taxonomy":"product_tag","embeddable":true,"href":"https:\/\/apocalipsis.pe\/index.php?rest_route=%2Fwp%2Fv2%2Fproduct_tag&post=398"}],"curies":[{"name":"wp","href":"https:\/\/api.w.org\/{rel}","templated":true}]}}