{"id":382,"date":"2023-06-26T21:30:17","date_gmt":"2023-06-26T21:30:17","guid":{"rendered":"https:\/\/apocalipsis.pe\/?post_type=product&#038;p=382"},"modified":"2024-09-04T21:07:53","modified_gmt":"2024-09-04T21:07:53","slug":"serious-mass-6lb","status":"publish","type":"product","link":"https:\/\/apocalipsis.pe\/?product=serious-mass-6lb","title":{"rendered":"Serious Mass 6Lb"},"content":{"rendered":"<p><strong>Objetivos:<\/strong><\/p>\n<ul>\n<li>Aumento de masa muscular en etapa de volumen<\/li>\n<\/ul>\n<p><strong>Presentaci\u00f3n 6lb:<\/strong><\/p>\n<ul>\n<li>Sabor chocolate: 8 servicios (2 scoops diarios)<\/li>\n<li>Sabor vainilla: 8 servicios (2 scoops diarios)<\/li>\n<li>La tabla nutricional varia de acuerdo al sabor<\/li>\n<\/ul>\n<p><strong>Beneficios:<\/strong><\/p>\n<ul>\n<li>50 gramos de prote\u00edna por 2 scoops<\/li>\n<li>1,260 calor\u00edas por servicio<\/li>\n<li>254 gramos de carbohidratos en sabor vainilla<\/li>\n<li>252 gramos de carbohidratos en sabor chocolate<\/li>\n<li>22 vitaminas y minerales adem\u00e1s de glutamina<\/li>\n<li>3 gramos de creatina<\/li>\n<li>8g L-Glutamina<\/li>\n<li>Certificaci\u00f3n &#8220;Informed choice&#8221;<\/li>\n<\/ul>\n<p><strong>Modo de empleo:<\/strong><\/p>\n<ul>\n<li>Para los que son nuevos pueden encontrar beneficioso comenzar con 1\/2 media porci\u00f3n diaria durante la primera semana y luego aumentar gradualmente a 1 porci\u00f3n por d\u00eda.<\/li>\n<li>Consumir 2 scoops diarios en 250ml o 300ml con agua a tiempo o con un batido de frutas de su preferencia.<\/li>\n<li>Otra opci\u00f3n es consumir 1 scoop diario para que te dure el doble y lo puedes complementar con carbohidratos naturales como avena, pl\u00e1tano, mantequilla de man\u00ed y entre otros de su preferencia.<\/li>\n<\/ul>\n<p><strong>Advertencias y precausiones:<\/strong><\/p>\n<ul>\n<li>Serious Mass Optimum Nutrition Chocolate &#8211; R.S. N\u00b0 DE-4233 &#8211; Suplemento Nutricional -No superar la dosis diaria expresamente recomendada para productos diet\u00e9ticos. No debe utilizarse como sustituto de una dieta equilibrada. Consulte con su m\u00e9dico si est\u00e1 embarazada o dado de lactar. Si experimenta erupci\u00f3n cut\u00e1nea u otra reacci\u00f3n al\u00e9rgica, suspenda su uso y consulte a su m\u00e9dico. No se recomienda su uso en menores de 18 a\u00f1os.<\/li>\n<\/ul>\n","protected":false},"excerpt":{"rendered":"<ul>\n<li>50 gramos de prote\u00edna por 2 scoops<\/li>\n<li>1,260 calor\u00edas por servicio<\/li>\n<li>254 gramos de carbohidratos en sabor vainilla<\/li>\n<li>252 gramos de carbohidratos en sabor chocolate<\/li>\n<li>22 vitaminas y minerales adem\u00e1s de glutamina<\/li>\n<li>3 gramos de creatina<\/li>\n<li>8g L-Glutamina<\/li>\n<li>Certificaci\u00f3n &#8220;Informed choice&#8221;<\/li>\n<\/ul>\n","protected":false},"featured_media":388,"comment_status":"open","ping_status":"closed","template":"","meta":[],"product_cat":[33,17],"product_tag":[],"aioseo_notices":[],"_links":{"self":[{"href":"https:\/\/apocalipsis.pe\/index.php?rest_route=\/wp\/v2\/product\/382"}],"collection":[{"href":"https:\/\/apocalipsis.pe\/index.php?rest_route=\/wp\/v2\/product"}],"about":[{"href":"https:\/\/apocalipsis.pe\/index.php?rest_route=\/wp\/v2\/types\/product"}],"replies":[{"embeddable":true,"href":"https:\/\/apocalipsis.pe\/index.php?rest_route=%2Fwp%2Fv2%2Fcomments&post=382"}],"version-history":[{"count":2,"href":"https:\/\/apocalipsis.pe\/index.php?rest_route=\/wp\/v2\/product\/382\/revisions"}],"predecessor-version":[{"id":28677,"href":"https:\/\/apocalipsis.pe\/index.php?rest_route=\/wp\/v2\/product\/382\/revisions\/28677"}],"wp:featuredmedia":[{"embeddable":true,"href":"https:\/\/apocalipsis.pe\/index.php?rest_route=\/wp\/v2\/media\/388"}],"wp:attachment":[{"href":"https:\/\/apocalipsis.pe\/index.php?rest_route=%2Fwp%2Fv2%2Fmedia&parent=382"}],"wp:term":[{"taxonomy":"product_cat","embeddable":true,"href":"https:\/\/apocalipsis.pe\/index.php?rest_route=%2Fwp%2Fv2%2Fproduct_cat&post=382"},{"taxonomy":"product_tag","embeddable":true,"href":"https:\/\/apocalipsis.pe\/index.php?rest_route=%2Fwp%2Fv2%2Fproduct_tag&post=382"}],"curies":[{"name":"wp","href":"https:\/\/api.w.org\/{rel}","templated":true}]}}