{"id":33,"date":"2023-06-15T03:55:57","date_gmt":"2023-06-15T03:55:57","guid":{"rendered":"https:\/\/apocalipsis.pe\/?post_type=product&#038;p=33"},"modified":"2024-09-04T22:15:49","modified_gmt":"2024-09-04T22:15:49","slug":"iso-gold-whey-2-65-lb","status":"publish","type":"product","link":"https:\/\/apocalipsis.pe\/?product=iso-gold-whey-2-65-lb","title":{"rendered":"ISO Gold Whey 2.65 LB"},"content":{"rendered":"<p>ISO GOLD WHEY es la prote\u00edna de suero m\u00e1s pura del mercado. Aporta 26 gr conformado 100% de prote\u00edna de suero aislado +\u00a0 amino\u00e1cidos BCAA incluyendo L-leucina, sin gluten.<\/p>\n<p>ISO GOLD WHEY es la prote\u00edna ideal si nos encontramos en etapa de p\u00b4rdida de peso y\/o definici\u00f3n muscular y buscamos tener una alimentaci\u00f3n alta en prote\u00ednas.<\/p>\n<ul>\n<li>26 gramos de prote\u00edna por scoop<\/li>\n<li>100% aislada<\/li>\n<li>Libre de gluten<\/li>\n<li>39 servicios<\/li>\n<\/ul>\n","protected":false},"excerpt":{"rendered":"<p>ISO GOLD WHEY es la prote\u00edna ideal si nos encontramos en etapa de p\u00e9rdida de peso y\/\u00f3 definici\u00f3n muscular y buscamos tener una alimentaci\u00f3n alta en prote\u00ednas.<\/p>\n<ul>\n<li>26 gramos de prote\u00edna por scoop<\/li>\n<li>100% aislada<\/li>\n<li>Libre de gluten<\/li>\n<li>39 servicios<\/li>\n<\/ul>\n","protected":false},"featured_media":1545,"comment_status":"open","ping_status":"closed","template":"","meta":[],"product_cat":[16,36],"product_tag":[],"aioseo_notices":[],"_links":{"self":[{"href":"https:\/\/apocalipsis.pe\/index.php?rest_route=\/wp\/v2\/product\/33"}],"collection":[{"href":"https:\/\/apocalipsis.pe\/index.php?rest_route=\/wp\/v2\/product"}],"about":[{"href":"https:\/\/apocalipsis.pe\/index.php?rest_route=\/wp\/v2\/types\/product"}],"replies":[{"embeddable":true,"href":"https:\/\/apocalipsis.pe\/index.php?rest_route=%2Fwp%2Fv2%2Fcomments&post=33"}],"version-history":[{"count":3,"href":"https:\/\/apocalipsis.pe\/index.php?rest_route=\/wp\/v2\/product\/33\/revisions"}],"predecessor-version":[{"id":28731,"href":"https:\/\/apocalipsis.pe\/index.php?rest_route=\/wp\/v2\/product\/33\/revisions\/28731"}],"wp:featuredmedia":[{"embeddable":true,"href":"https:\/\/apocalipsis.pe\/index.php?rest_route=\/wp\/v2\/media\/1545"}],"wp:attachment":[{"href":"https:\/\/apocalipsis.pe\/index.php?rest_route=%2Fwp%2Fv2%2Fmedia&parent=33"}],"wp:term":[{"taxonomy":"product_cat","embeddable":true,"href":"https:\/\/apocalipsis.pe\/index.php?rest_route=%2Fwp%2Fv2%2Fproduct_cat&post=33"},{"taxonomy":"product_tag","embeddable":true,"href":"https:\/\/apocalipsis.pe\/index.php?rest_route=%2Fwp%2Fv2%2Fproduct_tag&post=33"}],"curies":[{"name":"wp","href":"https:\/\/api.w.org\/{rel}","templated":true}]}}