{"id":28678,"date":"2024-09-04T21:23:01","date_gmt":"2024-09-04T21:23:01","guid":{"rendered":"https:\/\/apocalipsis.pe\/?post_type=product&#038;p=28678"},"modified":"2024-09-04T21:26:52","modified_gmt":"2024-09-04T21:26:52","slug":"massphorm-12lb","status":"publish","type":"product","link":"https:\/\/apocalipsis.pe\/?product=massphorm-12lb","title":{"rendered":"MassPhorm 12Lb"},"content":{"rendered":"<p>MassPhorm fue creado para ser la f\u00f3rmula para aumentar la masa muscular magra m\u00e1s eficaz y de mayor calidad del mercado. Algunas personas tienen metabolismos m\u00e1s r\u00e1pidos que otras y, sin importar cu\u00e1nto lo intenten, les cuesta ganar masa muscular de calidad. Esto se conoce como cuerpo de tipo ectomorfo y puede ser uno de los problemas m\u00e1s frustrantes cuando se trata de aumentar el tama\u00f1o y el peso de los m\u00fasculos.<\/p>\n<p><span>Agregue cuatro cucharadas colmadas de MassPhorm a 16-20 oz. de agua o cualquier bebida de su elecci\u00f3n. Licue durante 20-30 segundos. Beba 1 porci\u00f3n por d\u00eda o seg\u00fan sea necesario para satisfacer sus requerimientos de prote\u00ednas o aumento de masa.<\/span><\/p>\n<p><span>Consejo: mezclar cuatro cucharadas de MassPhorm con 16 a 20 oz de leche descremada o baja en grasa en lugar de agua le dar\u00e1 un batido m\u00e1s espeso, cremoso y con m\u00e1s calor\u00edas.<\/span><\/p>\n","protected":false},"excerpt":{"rendered":"<p>MassPhorm aborda las necesidades de los ectomorfos que les cuesta ganar peso y lleva su potencial de desarrollo de masa magra al siguiente nivel. Con un perfil equilibrado que incluye m\u00e1s de 200 g de carbohidratos, 50 g de prote\u00edna premium de suero de leche de alta calidad y case\u00edna micelar para niveles de amino\u00e1cidos r\u00e1pidos y sostenidos y m\u00e1s de 1080 calor\u00edas por porci\u00f3n. Para completar a\u00fan m\u00e1s el perfil nutricional, se agregan MCT para el fortalecimiento del m\u00fasculo magro y el metabolismo y enzimas para una digesti\u00f3n \u00f3ptima.<\/p>\n","protected":false},"featured_media":28682,"comment_status":"open","ping_status":"closed","template":"","meta":[],"product_cat":[150,33],"product_tag":[],"aioseo_notices":[],"_links":{"self":[{"href":"https:\/\/apocalipsis.pe\/index.php?rest_route=\/wp\/v2\/product\/28678"}],"collection":[{"href":"https:\/\/apocalipsis.pe\/index.php?rest_route=\/wp\/v2\/product"}],"about":[{"href":"https:\/\/apocalipsis.pe\/index.php?rest_route=\/wp\/v2\/types\/product"}],"replies":[{"embeddable":true,"href":"https:\/\/apocalipsis.pe\/index.php?rest_route=%2Fwp%2Fv2%2Fcomments&post=28678"}],"version-history":[{"count":1,"href":"https:\/\/apocalipsis.pe\/index.php?rest_route=\/wp\/v2\/product\/28678\/revisions"}],"predecessor-version":[{"id":28684,"href":"https:\/\/apocalipsis.pe\/index.php?rest_route=\/wp\/v2\/product\/28678\/revisions\/28684"}],"wp:featuredmedia":[{"embeddable":true,"href":"https:\/\/apocalipsis.pe\/index.php?rest_route=\/wp\/v2\/media\/28682"}],"wp:attachment":[{"href":"https:\/\/apocalipsis.pe\/index.php?rest_route=%2Fwp%2Fv2%2Fmedia&parent=28678"}],"wp:term":[{"taxonomy":"product_cat","embeddable":true,"href":"https:\/\/apocalipsis.pe\/index.php?rest_route=%2Fwp%2Fv2%2Fproduct_cat&post=28678"},{"taxonomy":"product_tag","embeddable":true,"href":"https:\/\/apocalipsis.pe\/index.php?rest_route=%2Fwp%2Fv2%2Fproduct_tag&post=28678"}],"curies":[{"name":"wp","href":"https:\/\/api.w.org\/{rel}","templated":true}]}}