{"id":28559,"date":"2024-08-31T14:59:13","date_gmt":"2024-08-31T14:59:13","guid":{"rendered":"https:\/\/apocalipsis.pe\/?post_type=product&#038;p=28559"},"modified":"2024-08-31T15:12:54","modified_gmt":"2024-08-31T15:12:54","slug":"collagen-xpress-25-tomas","status":"publish","type":"product","link":"https:\/\/apocalipsis.pe\/?product=collagen-xpress-25-tomas","title":{"rendered":"Collagen Xpress 25 tomas"},"content":{"rendered":"<p>El col\u00e1geno ha aumentado significativamente en popularidad no solo entre los atletas sino tambi\u00e9n entre otros. Aparte de nuestras articulaciones y m\u00fasculos, el tejido de la piel tambi\u00e9n contiene grandes cantidades de esta prote\u00edna, el col\u00e1geno es particularmente popular entre las mujeres con fines cosm\u00e9ticos.<\/p>\n<ul>\n<li>Este producto no contiene gluten, lactosa ni az\u00facar, por lo que es seguro usarlo incluso si tiene intolerancia a alguno de estos ingredientes o si est\u00e1 a dieta.<\/li>\n<\/ul>\n<p>Collagen Xpress contiene 15 gramos de col\u00e1geno y vitamina C, que contribuye a un funcionamiento saludable de la piel, las venas, los huesos y los cart\u00edlagos al facilitar la s\u00edntesis normal de col\u00e1geno.* Es un ingrediente importante en todos los productos que tienen como objetivo apoyar la producci\u00f3n de col\u00e1geno del cuerpo. \u00a1Este producto tambi\u00e9n ha sido fortificado con \u00e1cido hialur\u00f3nico!<\/p>\n","protected":false},"excerpt":{"rendered":"<ul>\n<li>15 GRAMOS POR DOSIS DE COL\u00c1GENO<\/li>\n<li>SIN GLUTEN,SIN AZ\u00daCAR, SIN LACTOSA<\/li>\n<li>CON VITAMINA C Y \u00c1CIDO HIALUR\u00d3NICA La \u201cprote\u00edna de la belleza\u201d<\/li>\n<\/ul>\n","protected":false},"featured_media":28560,"comment_status":"open","ping_status":"closed","template":"","meta":[],"product_cat":[46,22],"product_tag":[],"aioseo_notices":[],"_links":{"self":[{"href":"https:\/\/apocalipsis.pe\/index.php?rest_route=\/wp\/v2\/product\/28559"}],"collection":[{"href":"https:\/\/apocalipsis.pe\/index.php?rest_route=\/wp\/v2\/product"}],"about":[{"href":"https:\/\/apocalipsis.pe\/index.php?rest_route=\/wp\/v2\/types\/product"}],"replies":[{"embeddable":true,"href":"https:\/\/apocalipsis.pe\/index.php?rest_route=%2Fwp%2Fv2%2Fcomments&post=28559"}],"version-history":[{"count":2,"href":"https:\/\/apocalipsis.pe\/index.php?rest_route=\/wp\/v2\/product\/28559\/revisions"}],"predecessor-version":[{"id":28563,"href":"https:\/\/apocalipsis.pe\/index.php?rest_route=\/wp\/v2\/product\/28559\/revisions\/28563"}],"wp:featuredmedia":[{"embeddable":true,"href":"https:\/\/apocalipsis.pe\/index.php?rest_route=\/wp\/v2\/media\/28560"}],"wp:attachment":[{"href":"https:\/\/apocalipsis.pe\/index.php?rest_route=%2Fwp%2Fv2%2Fmedia&parent=28559"}],"wp:term":[{"taxonomy":"product_cat","embeddable":true,"href":"https:\/\/apocalipsis.pe\/index.php?rest_route=%2Fwp%2Fv2%2Fproduct_cat&post=28559"},{"taxonomy":"product_tag","embeddable":true,"href":"https:\/\/apocalipsis.pe\/index.php?rest_route=%2Fwp%2Fv2%2Fproduct_tag&post=28559"}],"curies":[{"name":"wp","href":"https:\/\/api.w.org\/{rel}","templated":true}]}}