{"id":28524,"date":"2024-08-28T19:55:21","date_gmt":"2024-08-28T19:55:21","guid":{"rendered":"https:\/\/apocalipsis.pe\/?post_type=product&#038;p=28524"},"modified":"2024-09-04T21:37:40","modified_gmt":"2024-09-04T21:37:40","slug":"the-riper-30-serv","status":"publish","type":"product","link":"https:\/\/apocalipsis.pe\/?product=the-riper-30-serv","title":{"rendered":"The Riper 30 servicios"},"content":{"rendered":"<p>El quemador de grasa Ripper! no es ninguna broma. Estamos hablando de una mezcla concentrada de ingredientes termog\u00e9nicos dise\u00f1ados espec\u00edficamente para quemar grasa y ayudar a controlar los antojos de comida mientras brinda energ\u00eda limpia e intensa y una mayor concentraci\u00f3n mental durante todo el d\u00eda.* Confiado en todo el mundo, esto es lo que se siente al estar enchufado a un rayo.<\/p>\n","protected":false},"excerpt":{"rendered":"<p>El quemador de grasa Ripper! no es ninguna broma. Estamos hablando de una mezcla concentrada de ingredientes termog\u00e9nicos dise\u00f1ados espec\u00edficamente para quemar grasa y ayudar a controlar los antojos de comida mientras brinda energ\u00eda limpia e intensa y una mayor concentraci\u00f3n mental durante todo el d\u00eda.* Confiado en todo el mundo, esto es lo que se siente al estar enchufado a un rayo.<\/p>\n","protected":false},"featured_media":28527,"comment_status":"open","ping_status":"closed","template":"","meta":[],"product_cat":[156,37],"product_tag":[],"aioseo_notices":[],"_links":{"self":[{"href":"https:\/\/apocalipsis.pe\/index.php?rest_route=\/wp\/v2\/product\/28524"}],"collection":[{"href":"https:\/\/apocalipsis.pe\/index.php?rest_route=\/wp\/v2\/product"}],"about":[{"href":"https:\/\/apocalipsis.pe\/index.php?rest_route=\/wp\/v2\/types\/product"}],"replies":[{"embeddable":true,"href":"https:\/\/apocalipsis.pe\/index.php?rest_route=%2Fwp%2Fv2%2Fcomments&post=28524"}],"version-history":[{"count":2,"href":"https:\/\/apocalipsis.pe\/index.php?rest_route=\/wp\/v2\/product\/28524\/revisions"}],"predecessor-version":[{"id":28685,"href":"https:\/\/apocalipsis.pe\/index.php?rest_route=\/wp\/v2\/product\/28524\/revisions\/28685"}],"wp:featuredmedia":[{"embeddable":true,"href":"https:\/\/apocalipsis.pe\/index.php?rest_route=\/wp\/v2\/media\/28527"}],"wp:attachment":[{"href":"https:\/\/apocalipsis.pe\/index.php?rest_route=%2Fwp%2Fv2%2Fmedia&parent=28524"}],"wp:term":[{"taxonomy":"product_cat","embeddable":true,"href":"https:\/\/apocalipsis.pe\/index.php?rest_route=%2Fwp%2Fv2%2Fproduct_cat&post=28524"},{"taxonomy":"product_tag","embeddable":true,"href":"https:\/\/apocalipsis.pe\/index.php?rest_route=%2Fwp%2Fv2%2Fproduct_tag&post=28524"}],"curies":[{"name":"wp","href":"https:\/\/api.w.org\/{rel}","templated":true}]}}