{"id":28480,"date":"2024-08-27T19:54:00","date_gmt":"2024-08-27T19:54:00","guid":{"rendered":"https:\/\/apocalipsis.pe\/?post_type=product&#038;p=28480"},"modified":"2024-09-04T17:49:09","modified_gmt":"2024-09-04T17:49:09","slug":"creatina-monohidratada-1kg-2","status":"publish","type":"product","link":"https:\/\/apocalipsis.pe\/?product=creatina-monohidratada-1kg-2","title":{"rendered":"Creatina Monohidratada 1Kg"},"content":{"rendered":"<p>Esta creatina puede ser usada durante cualquier momento del d\u00eda. Este producto al igual que todos los productos Dragon Pharma est\u00e1n formulados y desarrollados con la tecnolog\u00eda m\u00e1s avanzadas y los ingredientes de m\u00e1s alta calidad, para as\u00ed proveer el producto m\u00e1s efectivo para tu nutrici\u00f3n.<\/p>\n","protected":false},"excerpt":{"rendered":"<ul>\n<li>Apoya el crecimiento muscular, fuerza muscular y durabilidad.<\/li>\n<li>Acelera la recuperaci\u00f3n muscular<\/li>\n<li>Evita la fatiga durante los entrenamientos.<\/li>\n<li>Poderoso antioxidante natural.<\/li>\n<\/ul>\n","protected":false},"featured_media":28482,"comment_status":"open","ping_status":"closed","template":"","meta":[],"product_cat":[32,150],"product_tag":[],"aioseo_notices":[],"_links":{"self":[{"href":"https:\/\/apocalipsis.pe\/index.php?rest_route=\/wp\/v2\/product\/28480"}],"collection":[{"href":"https:\/\/apocalipsis.pe\/index.php?rest_route=\/wp\/v2\/product"}],"about":[{"href":"https:\/\/apocalipsis.pe\/index.php?rest_route=\/wp\/v2\/types\/product"}],"replies":[{"embeddable":true,"href":"https:\/\/apocalipsis.pe\/index.php?rest_route=%2Fwp%2Fv2%2Fcomments&post=28480"}],"version-history":[{"count":3,"href":"https:\/\/apocalipsis.pe\/index.php?rest_route=\/wp\/v2\/product\/28480\/revisions"}],"predecessor-version":[{"id":28633,"href":"https:\/\/apocalipsis.pe\/index.php?rest_route=\/wp\/v2\/product\/28480\/revisions\/28633"}],"wp:featuredmedia":[{"embeddable":true,"href":"https:\/\/apocalipsis.pe\/index.php?rest_route=\/wp\/v2\/media\/28482"}],"wp:attachment":[{"href":"https:\/\/apocalipsis.pe\/index.php?rest_route=%2Fwp%2Fv2%2Fmedia&parent=28480"}],"wp:term":[{"taxonomy":"product_cat","embeddable":true,"href":"https:\/\/apocalipsis.pe\/index.php?rest_route=%2Fwp%2Fv2%2Fproduct_cat&post=28480"},{"taxonomy":"product_tag","embeddable":true,"href":"https:\/\/apocalipsis.pe\/index.php?rest_route=%2Fwp%2Fv2%2Fproduct_tag&post=28480"}],"curies":[{"name":"wp","href":"https:\/\/api.w.org\/{rel}","templated":true}]}}