{"id":28407,"date":"2024-08-23T18:39:38","date_gmt":"2024-08-23T18:39:38","guid":{"rendered":"https:\/\/apocalipsis.pe\/?post_type=product&#038;p=28407"},"modified":"2024-09-05T04:51:11","modified_gmt":"2024-09-05T04:51:11","slug":"levro-iso-whey-2kg","status":"publish","type":"product","link":"https:\/\/apocalipsis.pe\/?product=levro-iso-whey-2kg","title":{"rendered":"Levro Iso Whey 2Kg"},"content":{"rendered":"<p>Aislado de prote\u00edna de suero de leche de primera calidad para quienes se toman en serio los resultados.<br \/>\nLevroIsoWhey es una bebida proteica deliciosa y nutritiva a base de aislado de prote\u00edna de suero de leche de alta calidad (Isolac\u00ae). Recomendado para quienes complementen su dieta con prote\u00ednas, y especialmente dise\u00f1ado para deportistas profesionales.<br \/>\nCada porci\u00f3n de 30 g proporciona al cuerpo 25 gramos de prote\u00edna. Adem\u00e1s, el producto tiene un bajo contenido de carbohidratos y grasas, cumpliendo con los requisitos de los atletas profesionales y permiti\u00e9ndote desarrollar masa muscular magra.<br \/>\nDesarrollado por uno de los atletas m\u00e1s emblem\u00e1ticos y legendarios del culturismo, Kevin Levrone, LEVROISO WHEY es la \u00f3ptima elecci\u00f3n para todos aquellos que participan en deportes de alta intensidad. Desde atletas experimentados, culturistas profesionales, practicantes de artes marciales mixtas y deportes extremos, hasta guerreros de fin de semana y cualquier persona interesada en optimizar su rendimiento atl\u00e9tico, LevroISOWhey es el suplemento de prote\u00edna hecho y utilizado por todos.<\/p>\n<p>Mezclar 1 Servicio (30 Gramos) con 500 ml de agua, consumirlo aproximadamente 30 minutos despu\u00e9s de entrenar.<\/p>\n","protected":false},"excerpt":{"rendered":"<p>Cada porci\u00f3n de 30 g proporciona al cuerpo 25 gramos de prote\u00edna. Adem\u00e1s, el producto tiene un bajo contenido de carbohidratos y grasas, cumpliendo con los requisitos de los atletas profesionales y permiti\u00e9ndote desarrollar masa muscular magra.<\/p>\n","protected":false},"featured_media":28744,"comment_status":"open","ping_status":"closed","template":"","meta":[],"product_cat":[19,36],"product_tag":[],"aioseo_notices":[],"_links":{"self":[{"href":"https:\/\/apocalipsis.pe\/index.php?rest_route=\/wp\/v2\/product\/28407"}],"collection":[{"href":"https:\/\/apocalipsis.pe\/index.php?rest_route=\/wp\/v2\/product"}],"about":[{"href":"https:\/\/apocalipsis.pe\/index.php?rest_route=\/wp\/v2\/types\/product"}],"replies":[{"embeddable":true,"href":"https:\/\/apocalipsis.pe\/index.php?rest_route=%2Fwp%2Fv2%2Fcomments&post=28407"}],"version-history":[{"count":3,"href":"https:\/\/apocalipsis.pe\/index.php?rest_route=\/wp\/v2\/product\/28407\/revisions"}],"predecessor-version":[{"id":28734,"href":"https:\/\/apocalipsis.pe\/index.php?rest_route=\/wp\/v2\/product\/28407\/revisions\/28734"}],"wp:featuredmedia":[{"embeddable":true,"href":"https:\/\/apocalipsis.pe\/index.php?rest_route=\/wp\/v2\/media\/28744"}],"wp:attachment":[{"href":"https:\/\/apocalipsis.pe\/index.php?rest_route=%2Fwp%2Fv2%2Fmedia&parent=28407"}],"wp:term":[{"taxonomy":"product_cat","embeddable":true,"href":"https:\/\/apocalipsis.pe\/index.php?rest_route=%2Fwp%2Fv2%2Fproduct_cat&post=28407"},{"taxonomy":"product_tag","embeddable":true,"href":"https:\/\/apocalipsis.pe\/index.php?rest_route=%2Fwp%2Fv2%2Fproduct_tag&post=28407"}],"curies":[{"name":"wp","href":"https:\/\/api.w.org\/{rel}","templated":true}]}}