{"id":28398,"date":"2024-08-23T18:26:48","date_gmt":"2024-08-23T18:26:48","guid":{"rendered":"https:\/\/apocalipsis.pe\/?post_type=product&#038;p=28398"},"modified":"2024-09-04T18:07:04","modified_gmt":"2024-09-04T18:07:04","slug":"the-curse-50-serv","status":"publish","type":"product","link":"https:\/\/apocalipsis.pe\/?product=the-curse-50-serv","title":{"rendered":"The Curse 50 servicios"},"content":{"rendered":"<p>Shake container before use. Mix 1-3 scoops with 5-8oz (l50-250ml) of cold water and consume prior to exercise. Take 1 to 3 times daily. Read warnings before use, never exceed 3 scoops in any 24 hour period.<\/p>\n","protected":false},"excerpt":{"rendered":"<p>Nuestro preentrenamiento original y el m\u00e1s vendido n\u00famero 1. Estamos hablando de energ\u00eda incre\u00edble, fuerza salvaje, enormes congestiones musculares y concentraci\u00f3n mental con visi\u00f3n de t\u00fanel<\/p>\n","protected":false},"featured_media":28399,"comment_status":"open","ping_status":"closed","template":"","meta":[],"product_cat":[156,35],"product_tag":[],"aioseo_notices":[],"_links":{"self":[{"href":"https:\/\/apocalipsis.pe\/index.php?rest_route=\/wp\/v2\/product\/28398"}],"collection":[{"href":"https:\/\/apocalipsis.pe\/index.php?rest_route=\/wp\/v2\/product"}],"about":[{"href":"https:\/\/apocalipsis.pe\/index.php?rest_route=\/wp\/v2\/types\/product"}],"replies":[{"embeddable":true,"href":"https:\/\/apocalipsis.pe\/index.php?rest_route=%2Fwp%2Fv2%2Fcomments&post=28398"}],"version-history":[{"count":3,"href":"https:\/\/apocalipsis.pe\/index.php?rest_route=\/wp\/v2\/product\/28398\/revisions"}],"predecessor-version":[{"id":28645,"href":"https:\/\/apocalipsis.pe\/index.php?rest_route=\/wp\/v2\/product\/28398\/revisions\/28645"}],"wp:featuredmedia":[{"embeddable":true,"href":"https:\/\/apocalipsis.pe\/index.php?rest_route=\/wp\/v2\/media\/28399"}],"wp:attachment":[{"href":"https:\/\/apocalipsis.pe\/index.php?rest_route=%2Fwp%2Fv2%2Fmedia&parent=28398"}],"wp:term":[{"taxonomy":"product_cat","embeddable":true,"href":"https:\/\/apocalipsis.pe\/index.php?rest_route=%2Fwp%2Fv2%2Fproduct_cat&post=28398"},{"taxonomy":"product_tag","embeddable":true,"href":"https:\/\/apocalipsis.pe\/index.php?rest_route=%2Fwp%2Fv2%2Fproduct_tag&post=28398"}],"curies":[{"name":"wp","href":"https:\/\/api.w.org\/{rel}","templated":true}]}}