{"id":28392,"date":"2024-08-23T18:02:51","date_gmt":"2024-08-23T18:02:51","guid":{"rendered":"https:\/\/apocalipsis.pe\/?post_type=product&#038;p=28392"},"modified":"2024-09-04T21:38:38","modified_gmt":"2024-09-04T21:38:38","slug":"testrol","status":"publish","type":"product","link":"https:\/\/apocalipsis.pe\/?product=testrol","title":{"rendered":"Tetrol"},"content":{"rendered":"<p>Aumenta la resistencia, resistencia, fuerza y energ\u00eda con el potenciador de testosterona: puede ayudar a estimular la propia producci\u00f3n del cuerpo de testosterona. Aumenta tu conducci\u00f3n mientras aumenta tu resistencia, resistencia, fuerza y energ\u00eda. Adem\u00e1s, el beneficio a\u00f1adido de mejorar tu confianza.<\/p>\n","protected":false},"excerpt":{"rendered":"<p>Aumenta la resistencia, resistencia, fuerza y energ\u00eda con el potenciador de testosterona: puede ayudar a estimular la propia producci\u00f3n del cuerpo de testosterona. Aumenta tu conducci\u00f3n mientras aumenta tu resistencia, resistencia, fuerza y energ\u00eda. Adem\u00e1s, el beneficio a\u00f1adido de mejorar tu confianza.<\/p>\n","protected":false},"featured_media":28574,"comment_status":"open","ping_status":"closed","template":"","meta":[],"product_cat":[155,38],"product_tag":[],"aioseo_notices":[],"_links":{"self":[{"href":"https:\/\/apocalipsis.pe\/index.php?rest_route=\/wp\/v2\/product\/28392"}],"collection":[{"href":"https:\/\/apocalipsis.pe\/index.php?rest_route=\/wp\/v2\/product"}],"about":[{"href":"https:\/\/apocalipsis.pe\/index.php?rest_route=\/wp\/v2\/types\/product"}],"replies":[{"embeddable":true,"href":"https:\/\/apocalipsis.pe\/index.php?rest_route=%2Fwp%2Fv2%2Fcomments&post=28392"}],"version-history":[{"count":3,"href":"https:\/\/apocalipsis.pe\/index.php?rest_route=\/wp\/v2\/product\/28392\/revisions"}],"predecessor-version":[{"id":28687,"href":"https:\/\/apocalipsis.pe\/index.php?rest_route=\/wp\/v2\/product\/28392\/revisions\/28687"}],"wp:featuredmedia":[{"embeddable":true,"href":"https:\/\/apocalipsis.pe\/index.php?rest_route=\/wp\/v2\/media\/28574"}],"wp:attachment":[{"href":"https:\/\/apocalipsis.pe\/index.php?rest_route=%2Fwp%2Fv2%2Fmedia&parent=28392"}],"wp:term":[{"taxonomy":"product_cat","embeddable":true,"href":"https:\/\/apocalipsis.pe\/index.php?rest_route=%2Fwp%2Fv2%2Fproduct_cat&post=28392"},{"taxonomy":"product_tag","embeddable":true,"href":"https:\/\/apocalipsis.pe\/index.php?rest_route=%2Fwp%2Fv2%2Fproduct_tag&post=28392"}],"curies":[{"name":"wp","href":"https:\/\/api.w.org\/{rel}","templated":true}]}}