{"id":28387,"date":"2024-08-23T17:50:05","date_gmt":"2024-08-23T17:50:05","guid":{"rendered":"https:\/\/apocalipsis.pe\/?post_type=product&#038;p=28387"},"modified":"2024-09-04T18:07:25","modified_gmt":"2024-09-04T18:07:25","slug":"venom-40-servicios","status":"publish","type":"product","link":"https:\/\/apocalipsis.pe\/?product=venom-40-servicios","title":{"rendered":"Venom 40 servicios"},"content":{"rendered":"<p><strong>Venom PreWorkout<\/strong>\u00a0es un c\u00f3ctel explosivo de estimulantes de alta potencia que\u00a0te llamar\u00e1n a cada entrenamiento con una intensidad y una resistencia infinita. Una vez que use Venom, nunca querr\u00e1 entrenar sin \u00e9l.<\/p>\n<p>La nueva versi\u00f3n de\u00a0<strong>Venom PreWorkout\u00a0<\/strong>es sin duda la f\u00f3rmula m\u00e1s completa del mercado para liberar tu verdadero potencial a la hora de entrenar.\u00a0Est\u00e1 compuesto con una f\u00f3rmula altamente estimulante y con componentes para mejorar tu concentraci\u00f3n mental como lo son la \ud835\uddd6\ud835\uddee\ud835\uddf3\ud835\uddf2\ud835\uddf6\ud835\uddfb\ud835\uddee \ud835\uddd4\ud835\uddfb\ud835\uddf5\ud835\ude06\ud835\uddf1\ud835\uddff\ud835\uddfc\ud835\ude02\ud835\ude00, \ud835\udddf-\ud835\udde7\ud835\uddf6\ud835\uddff\ud835\uddfc\ud835\ude00\ud835\uddf6\ud835\uddfb\ud835\uddee \ud835\ude06 \ud835\uddd7\ud835\ude06\ud835\uddfb\ud835\uddee\ud835\uddfa\ud835\uddf6\ud835\uddfb\ud835\uddf2\u00a0<strong>\u00ae.\u00a0<\/strong>Act\u00faa directamente sobre el sistema nervioso central al inhibir la percepci\u00f3n de fatiga y aumentar los niveles de energ\u00eda en el cuerpo.<\/p>\n<p><strong>Venom Pre Workout<\/strong>\u00a0contiene adem\u00e1s, tres componentes claves para el aumento de rendimiento y para mejorar tu vasodilataci\u00f3n, con una dosis cl\u00ednica de Beta Alanina y dos ingredientes estudiados cl\u00ednicamente como lo son \ud835\udde1\ud835\uddf6\ud835\ude01\ud835\uddff\ud835\uddfc\ud835\ude00\ud835\uddf6\ud835\uddf4\ud835\uddf6\ud835\uddfb\ud835\uddf2\u00ae (1,5\ud835\uddf4 \ud835\uddf2\ud835\uddfe\ud835\ude02\ud835\uddf6\ud835\ude03\ud835\uddee\ud835\uddf9\ud835\uddf2\ud835\uddfb\ud835\ude01\ud835\uddf2\ud835\ude00 \ud835\uddee 8\ud835\uddf4 \ud835\uddf1\ud835\uddf2 \ud835\udddf \u2013 \ud835\uddd6\ud835\uddf6\ud835\ude01\ud835\uddff\ud835\uddf6\ud835\uddf9\ud835\ude02\ud835\uddfb\ud835\uddee ) \ud835\ude06 \ud835\udde67\u00ae. Esto se refleja en un mayor tiempo de entrenamiento (y, por lo tanto, mayores ganancias de rendimiento).<\/p>\n<p>Tambi\u00e9n act\u00faa directamente en el aumento de la producci\u00f3n de\u00a0<strong>\u00d3xido N\u00edtrico<\/strong>\u00a0que genera mayor bombeo muscular\u00a0a trav\u00e9s de la dilataci\u00f3n de los vasos sangu\u00edneos, lo que permite un mayor transporte de sangre, oxigeno y nutrientes\u00a0al m\u00fasculo.\u00a0\u00a0Al mejorar el flujo sangu\u00edneo, aumenta la resistencia muscular, se obtiene una recuperaci\u00f3n m\u00e1s r\u00e1pida y menos fatiga durante los entrenamientos.<\/p>\n","protected":false},"excerpt":{"rendered":"<p><strong>Venom PreWorkout<\/strong>\u00a0es un c\u00f3ctel explosivo de estimulantes de alta potencia que\u00a0te llamar\u00e1n a cada entrenamiento con una intensidad y una resistencia infinita. Una vez que use Venom, nunca querr\u00e1 entrenar sin \u00e9l.<\/p>\n<p>\u00a1El pre-entrenamiento PODEROSO Venom se ha vuelto a\u00fan m\u00e1s fuerte!<\/p>\n","protected":false},"featured_media":28390,"comment_status":"open","ping_status":"closed","template":"","meta":[],"product_cat":[150,35],"product_tag":[],"aioseo_notices":[],"_links":{"self":[{"href":"https:\/\/apocalipsis.pe\/index.php?rest_route=\/wp\/v2\/product\/28387"}],"collection":[{"href":"https:\/\/apocalipsis.pe\/index.php?rest_route=\/wp\/v2\/product"}],"about":[{"href":"https:\/\/apocalipsis.pe\/index.php?rest_route=\/wp\/v2\/types\/product"}],"replies":[{"embeddable":true,"href":"https:\/\/apocalipsis.pe\/index.php?rest_route=%2Fwp%2Fv2%2Fcomments&post=28387"}],"version-history":[{"count":2,"href":"https:\/\/apocalipsis.pe\/index.php?rest_route=\/wp\/v2\/product\/28387\/revisions"}],"predecessor-version":[{"id":28646,"href":"https:\/\/apocalipsis.pe\/index.php?rest_route=\/wp\/v2\/product\/28387\/revisions\/28646"}],"wp:featuredmedia":[{"embeddable":true,"href":"https:\/\/apocalipsis.pe\/index.php?rest_route=\/wp\/v2\/media\/28390"}],"wp:attachment":[{"href":"https:\/\/apocalipsis.pe\/index.php?rest_route=%2Fwp%2Fv2%2Fmedia&parent=28387"}],"wp:term":[{"taxonomy":"product_cat","embeddable":true,"href":"https:\/\/apocalipsis.pe\/index.php?rest_route=%2Fwp%2Fv2%2Fproduct_cat&post=28387"},{"taxonomy":"product_tag","embeddable":true,"href":"https:\/\/apocalipsis.pe\/index.php?rest_route=%2Fwp%2Fv2%2Fproduct_tag&post=28387"}],"curies":[{"name":"wp","href":"https:\/\/api.w.org\/{rel}","templated":true}]}}