{"id":28376,"date":"2024-08-23T06:47:04","date_gmt":"2024-08-23T06:47:04","guid":{"rendered":"https:\/\/apocalipsis.pe\/?post_type=product&#038;p=28376"},"modified":"2024-09-04T21:39:21","modified_gmt":"2024-09-04T21:39:21","slug":"isophorm-5lb","status":"publish","type":"product","link":"https:\/\/apocalipsis.pe\/?product=isophorm-5lb","title":{"rendered":"Isophorm 5Lb"},"content":{"rendered":"<p><strong>ISOphorm de Dragon pharma<\/strong>\u00a0fue creado para proveer una opci\u00f3n Premium para completar tus necesidades proteicas. Contiene 25 gramos de prote\u00edna Premium HIDROLIZADA en cada servicio.\u00a0<strong>ISOphorm<\/strong>\u00a0va m\u00e1s all\u00e1 de ser solo una prote\u00edna ISO. Maximiza el potencial de crecimiento muscular y reparaci\u00f3n muscular gracias al poder de la prote\u00edna HIDROLIZADA.<\/p>\n","protected":false},"excerpt":{"rendered":"<ul>\n<li>25g de prote\u00edna<\/li>\n<li>11.1 g de EEA<\/li>\n<li>2.5g de leucina<\/li>\n<li>Libre de Gluten<\/li>\n<li>Libre de Lactosa<\/li>\n<\/ul>\n","protected":false},"featured_media":28377,"comment_status":"open","ping_status":"closed","template":"","meta":[],"product_cat":[150,36],"product_tag":[],"aioseo_notices":[],"_links":{"self":[{"href":"https:\/\/apocalipsis.pe\/index.php?rest_route=\/wp\/v2\/product\/28376"}],"collection":[{"href":"https:\/\/apocalipsis.pe\/index.php?rest_route=\/wp\/v2\/product"}],"about":[{"href":"https:\/\/apocalipsis.pe\/index.php?rest_route=\/wp\/v2\/types\/product"}],"replies":[{"embeddable":true,"href":"https:\/\/apocalipsis.pe\/index.php?rest_route=%2Fwp%2Fv2%2Fcomments&post=28376"}],"version-history":[{"count":2,"href":"https:\/\/apocalipsis.pe\/index.php?rest_route=\/wp\/v2\/product\/28376\/revisions"}],"predecessor-version":[{"id":28688,"href":"https:\/\/apocalipsis.pe\/index.php?rest_route=\/wp\/v2\/product\/28376\/revisions\/28688"}],"wp:featuredmedia":[{"embeddable":true,"href":"https:\/\/apocalipsis.pe\/index.php?rest_route=\/wp\/v2\/media\/28377"}],"wp:attachment":[{"href":"https:\/\/apocalipsis.pe\/index.php?rest_route=%2Fwp%2Fv2%2Fmedia&parent=28376"}],"wp:term":[{"taxonomy":"product_cat","embeddable":true,"href":"https:\/\/apocalipsis.pe\/index.php?rest_route=%2Fwp%2Fv2%2Fproduct_cat&post=28376"},{"taxonomy":"product_tag","embeddable":true,"href":"https:\/\/apocalipsis.pe\/index.php?rest_route=%2Fwp%2Fv2%2Fproduct_tag&post=28376"}],"curies":[{"name":"wp","href":"https:\/\/api.w.org\/{rel}","templated":true}]}}