{"id":28371,"date":"2024-08-22T23:54:33","date_gmt":"2024-08-22T23:54:33","guid":{"rendered":"https:\/\/apocalipsis.pe\/?post_type=product&#038;p=28371"},"modified":"2024-09-04T22:04:45","modified_gmt":"2024-09-04T22:04:45","slug":"lipo-6-chromium-100-tab","status":"publish","type":"product","link":"https:\/\/apocalipsis.pe\/?product=lipo-6-chromium-100-tab","title":{"rendered":"Lipo 6 Chromium 100 tab"},"content":{"rendered":"<div class=\"container\">\n<div class=\"row product-image-summary-wrap\">\n<div class=\"product-image-summary col-lg-12 col-12 col-md-12\">\n<div class=\"row product-image-summary-inner\">\n<div class=\"col-lg-6 col-12 col-md-6 text-left summary entry-summary\">\n<div class=\"summary-inner set-mb-l reset-last-child\">\n<div class=\"woocommerce-tabs wc-tabs-wrapper tabs-layout-accordion wd-accordion wd-style-default wd-inited\" data-state=\"first\" data-layout=\"accordion\">\n<div class=\"wd-accordion-item\">\n<div id=\"tab-nutripoint_objetivos\" class=\"entry-content woocommerce-Tabs-panel woocommerce-Tabs-panel--nutripoint_objetivos wd-scroll wd-accordion-content wd-active\" role=\"tabpanel\" aria-labelledby=\"tab-title-nutripoint_objetivos\" data-accordion-index=\"nutripoint_objetivos\">\n<div class=\"wc-tab-inner wd-scroll-content\">\n<div class=\"nutripoint-tab\">\n<p>Cromo de f\u00e1cil absorci\u00f3n. Lipo 6 Chromium de Nutrex es un complemento elaborado a base de picolinato de cromo, una forma de f\u00e1cil asimilaci\u00f3n de cromo.<\/p>\n<p>Adem\u00e1s, Lipo 6 Chromium no contiene estimulantes, por lo que es apto para personas que no puedan o deseen tomar estimulantes.<\/p>\n<ul>\n<li>C\u00f3mo combinar:<br \/>\nAl no contener estimulantes, Lipo 6 Chromium puede combinarse con cualquier producto termog\u00e9nico. Tambi\u00e9n se puede utilizar junto con otros productos sin estimulantes para favorecer la p\u00e9rdida de peso como \u00e1cido linoleico conjugado (CLA) o chitos\u00e1n.<\/li>\n<\/ul>\n<p>Para obtener \u00f3ptimos resultados se recomienda combinar Lipo 6 Chromium con ejercicio y dieta hipocal\u00f3rica.<\/p>\n<\/div>\n<\/div>\n<\/div>\n<\/div>\n<div class=\"wd-accordion-item\">\n<div id=\"tab-item-title-nutripoint_modo\" class=\"wd-accordion-title wd-opener-pos-right tab-title-nutripoint_modo\" data-accordion-index=\"nutripoint_modo\"><\/div>\n<\/div>\n<div class=\"wd-accordion-item\"><\/div>\n<\/div>\n<\/div>\n<\/div>\n<\/div>\n<\/div>\n<\/div>\n<\/div>\n<div class=\"container related-and-upsells\">\n<div id=\"carousel-435\" class=\"wd-carousel-container related-products wd-wpb with-title wd-products-element wd-products products wd-products-with-bg wd-stretch-cont-lg wd-stretch-cont-md wd-stretch-cont-sm title-line-two\">\n<h4 class=\"wd-el-title title slider-title element-title\"><\/h4>\n<\/div>\n<\/div>\n","protected":false},"excerpt":{"rendered":"<p>El cromo es un mineral que colabora en la p\u00e9rdida de peso, ayudando a controlar los niveles de glucosa en sangre.<\/p>\n","protected":false},"featured_media":28373,"comment_status":"open","ping_status":"closed","template":"","meta":[],"product_cat":[26,38],"product_tag":[],"aioseo_notices":[],"_links":{"self":[{"href":"https:\/\/apocalipsis.pe\/index.php?rest_route=\/wp\/v2\/product\/28371"}],"collection":[{"href":"https:\/\/apocalipsis.pe\/index.php?rest_route=\/wp\/v2\/product"}],"about":[{"href":"https:\/\/apocalipsis.pe\/index.php?rest_route=\/wp\/v2\/types\/product"}],"replies":[{"embeddable":true,"href":"https:\/\/apocalipsis.pe\/index.php?rest_route=%2Fwp%2Fv2%2Fcomments&post=28371"}],"version-history":[{"count":3,"href":"https:\/\/apocalipsis.pe\/index.php?rest_route=\/wp\/v2\/product\/28371\/revisions"}],"predecessor-version":[{"id":28703,"href":"https:\/\/apocalipsis.pe\/index.php?rest_route=\/wp\/v2\/product\/28371\/revisions\/28703"}],"wp:featuredmedia":[{"embeddable":true,"href":"https:\/\/apocalipsis.pe\/index.php?rest_route=\/wp\/v2\/media\/28373"}],"wp:attachment":[{"href":"https:\/\/apocalipsis.pe\/index.php?rest_route=%2Fwp%2Fv2%2Fmedia&parent=28371"}],"wp:term":[{"taxonomy":"product_cat","embeddable":true,"href":"https:\/\/apocalipsis.pe\/index.php?rest_route=%2Fwp%2Fv2%2Fproduct_cat&post=28371"},{"taxonomy":"product_tag","embeddable":true,"href":"https:\/\/apocalipsis.pe\/index.php?rest_route=%2Fwp%2Fv2%2Fproduct_tag&post=28371"}],"curies":[{"name":"wp","href":"https:\/\/api.w.org\/{rel}","templated":true}]}}