{"id":28366,"date":"2024-08-22T23:50:13","date_gmt":"2024-08-22T23:50:13","guid":{"rendered":"https:\/\/apocalipsis.pe\/?post_type=product&#038;p=28366"},"modified":"2024-09-04T21:04:46","modified_gmt":"2024-09-04T21:04:46","slug":"creatina-monohidratada-300gr-2","status":"publish","type":"product","link":"https:\/\/apocalipsis.pe\/?product=creatina-monohidratada-300gr-2","title":{"rendered":"Creatina Monohidratada 300Gr"},"content":{"rendered":"<div class=\"container\">\n<div class=\"row product-image-summary-wrap\">\n<div class=\"product-image-summary col-lg-12 col-12 col-md-12\">\n<div class=\"row product-image-summary-inner\">\n<div class=\"col-lg-6 col-12 col-md-6 text-left summary entry-summary\">\n<div class=\"summary-inner set-mb-l reset-last-child\">\n<div class=\"woocommerce-tabs wc-tabs-wrapper tabs-layout-accordion wd-accordion wd-style-default wd-inited\" data-state=\"first\" data-layout=\"accordion\">\n<div class=\"wd-accordion-item\">\n<div id=\"tab-nutripoint_objetivos\" class=\"entry-content woocommerce-Tabs-panel woocommerce-Tabs-panel--nutripoint_objetivos wd-scroll wd-accordion-content wd-active\" role=\"tabpanel\" aria-labelledby=\"tab-title-nutripoint_objetivos\" data-accordion-index=\"nutripoint_objetivos\">\n<div class=\"wc-tab-inner wd-scroll-content\">\n<div class=\"nutripoint-tab\">\n<p>CREATINE DRIVE\u2122\u00a0contiene monohidrato de creatina puro, seguro y eficaz. El monohidrato de creatina suele tomarse diariamente en cantidades de varios gramos durante un per\u00edodo bastante prolongado. Por esta raz\u00f3n, la calidad de su creatina debe ser un factor cr\u00edtico en la selecci\u00f3n de un producto. Su creatina puede parecer puro, polvo blanco, pero todav\u00eda puede ser de calidad inferior, que contiene impurezas toxicol\u00f3gicamente perjudiciales. Nuestro monohidrato de creatina satisface incluso las exigencias de calidad, seguridad y eficacia de los consumidores m\u00e1s exigentes.<\/p>\n<\/div>\n<\/div>\n<\/div>\n<\/div>\n<div class=\"wd-accordion-item\">\n<div id=\"tab-item-title-nutripoint_modo\" class=\"wd-accordion-title wd-opener-pos-right tab-title-nutripoint_modo\" data-accordion-index=\"nutripoint_modo\"><\/div>\n<\/div>\n<div class=\"wd-accordion-item\"><\/div>\n<\/div>\n<\/div>\n<\/div>\n<\/div>\n<\/div>\n<\/div>\n<\/div>\n<div class=\"container related-and-upsells\">\n<div id=\"carousel-435\" class=\"wd-carousel-container related-products wd-wpb with-title wd-products-element wd-products products wd-products-with-bg wd-stretch-cont-lg wd-stretch-cont-md wd-stretch-cont-sm title-line-two\">\n<h4 class=\"wd-el-title title slider-title element-title\"><\/h4>\n<\/div>\n<\/div>\n","protected":false},"excerpt":{"rendered":"<p>Suministra r\u00e1pidamente creatina a sus m\u00fasculos, lo que produce un aumento de la masa muscular y una mayor capacidad de entrenamiento con notables ganancias de fuerza.<\/p>\n","protected":false},"featured_media":28672,"comment_status":"open","ping_status":"closed","template":"","meta":[],"product_cat":[32,26],"product_tag":[],"aioseo_notices":[],"_links":{"self":[{"href":"https:\/\/apocalipsis.pe\/index.php?rest_route=\/wp\/v2\/product\/28366"}],"collection":[{"href":"https:\/\/apocalipsis.pe\/index.php?rest_route=\/wp\/v2\/product"}],"about":[{"href":"https:\/\/apocalipsis.pe\/index.php?rest_route=\/wp\/v2\/types\/product"}],"replies":[{"embeddable":true,"href":"https:\/\/apocalipsis.pe\/index.php?rest_route=%2Fwp%2Fv2%2Fcomments&post=28366"}],"version-history":[{"count":4,"href":"https:\/\/apocalipsis.pe\/index.php?rest_route=\/wp\/v2\/product\/28366\/revisions"}],"predecessor-version":[{"id":28673,"href":"https:\/\/apocalipsis.pe\/index.php?rest_route=\/wp\/v2\/product\/28366\/revisions\/28673"}],"wp:featuredmedia":[{"embeddable":true,"href":"https:\/\/apocalipsis.pe\/index.php?rest_route=\/wp\/v2\/media\/28672"}],"wp:attachment":[{"href":"https:\/\/apocalipsis.pe\/index.php?rest_route=%2Fwp%2Fv2%2Fmedia&parent=28366"}],"wp:term":[{"taxonomy":"product_cat","embeddable":true,"href":"https:\/\/apocalipsis.pe\/index.php?rest_route=%2Fwp%2Fv2%2Fproduct_cat&post=28366"},{"taxonomy":"product_tag","embeddable":true,"href":"https:\/\/apocalipsis.pe\/index.php?rest_route=%2Fwp%2Fv2%2Fproduct_tag&post=28366"}],"curies":[{"name":"wp","href":"https:\/\/api.w.org\/{rel}","templated":true}]}}