{"id":28360,"date":"2024-08-22T23:38:07","date_gmt":"2024-08-22T23:38:07","guid":{"rendered":"https:\/\/apocalipsis.pe\/?post_type=product&#038;p=28360"},"modified":"2024-09-04T21:40:59","modified_gmt":"2024-09-04T21:40:59","slug":"lipo-6-black-hers-60-cap","status":"publish","type":"product","link":"https:\/\/apocalipsis.pe\/?product=lipo-6-black-hers-60-cap","title":{"rendered":"Lipo 6 Black HERS-60 Cap"},"content":{"rendered":"<div class=\"container\">\n<div class=\"row product-image-summary-wrap\">\n<div class=\"product-image-summary col-lg-12 col-12 col-md-12\">\n<div class=\"row product-image-summary-inner\">\n<div class=\"col-lg-6 col-12 col-md-6 text-left summary entry-summary\">\n<div class=\"summary-inner set-mb-l reset-last-child\">\n<div class=\"woocommerce-tabs wc-tabs-wrapper tabs-layout-accordion wd-accordion wd-style-default wd-inited\" data-state=\"first\" data-layout=\"accordion\">\n<div class=\"wd-accordion-item\">\n<div id=\"tab-nutripoint_objetivos\" class=\"entry-content woocommerce-Tabs-panel woocommerce-Tabs-panel--nutripoint_objetivos wd-scroll wd-accordion-content wd-active\" role=\"tabpanel\" aria-labelledby=\"tab-title-nutripoint_objetivos\" data-accordion-index=\"nutripoint_objetivos\">\n<div class=\"wc-tab-inner wd-scroll-content\">\n<div class=\"nutripoint-tab\">\n<p>LIPO-6 BLACK HERS ULTRA CONCENTRATE es un quemador de grasa formulado espec\u00edficamente para mujeres. No debes tomar m\u00e1s de una pastilla por porci\u00f3n. Es un suplemento ultra concentrado y s\u00faper potente dise\u00f1ado para ayudar completamente a tu cuerpo a quemar grasa.<\/p>\n<p>La termog\u00e9nesis crea calor, lo que hace que tu cuerpo queme grasa. Es posible que te sientas m\u00e1s caliente y sudes m\u00e1s. Tomando una pastilla dos veces al d\u00eda, puedes avivar tu horno interno y apoyar constantemente la quema de grasa.<\/p>\n<\/div>\n<\/div>\n<\/div>\n<\/div>\n<div class=\"wd-accordion-item\">\n<div id=\"tab-item-title-nutripoint_modo\" class=\"wd-accordion-title wd-opener-pos-right tab-title-nutripoint_modo\" data-accordion-index=\"nutripoint_modo\"><\/div>\n<\/div>\n<div class=\"wd-accordion-item\"><\/div>\n<\/div>\n<\/div>\n<\/div>\n<\/div>\n<\/div>\n<\/div>\n<\/div>\n<div class=\"container related-and-upsells\">\n<div id=\"carousel-435\" class=\"wd-carousel-container related-products wd-wpb with-title wd-products-element wd-products products wd-products-with-bg wd-stretch-cont-lg wd-stretch-cont-md wd-stretch-cont-sm title-line-two\">\n<h4 class=\"wd-el-title title slider-title element-title\"><\/h4>\n<\/div>\n<\/div>\n","protected":false},"excerpt":{"rendered":"<ul>\n<li>Ayuda a acelerar tu metabolismo para estimular la quema de calor\u00edas.<\/li>\n<li>Apoya el control del apetito para prevenir los antojos de comida y el comer en exceso.<\/li>\n<li>Tambi\u00e9n promueve la energ\u00eda y la alerta, para que puedas mantener tu nivel de actividad alto mientras est\u00e1s a dieta.<\/li>\n<\/ul>\n","protected":false},"featured_media":28496,"comment_status":"open","ping_status":"closed","template":"","meta":[],"product_cat":[26,37],"product_tag":[],"aioseo_notices":[],"_links":{"self":[{"href":"https:\/\/apocalipsis.pe\/index.php?rest_route=\/wp\/v2\/product\/28360"}],"collection":[{"href":"https:\/\/apocalipsis.pe\/index.php?rest_route=\/wp\/v2\/product"}],"about":[{"href":"https:\/\/apocalipsis.pe\/index.php?rest_route=\/wp\/v2\/types\/product"}],"replies":[{"embeddable":true,"href":"https:\/\/apocalipsis.pe\/index.php?rest_route=%2Fwp%2Fv2%2Fcomments&post=28360"}],"version-history":[{"count":3,"href":"https:\/\/apocalipsis.pe\/index.php?rest_route=\/wp\/v2\/product\/28360\/revisions"}],"predecessor-version":[{"id":28690,"href":"https:\/\/apocalipsis.pe\/index.php?rest_route=\/wp\/v2\/product\/28360\/revisions\/28690"}],"wp:featuredmedia":[{"embeddable":true,"href":"https:\/\/apocalipsis.pe\/index.php?rest_route=\/wp\/v2\/media\/28496"}],"wp:attachment":[{"href":"https:\/\/apocalipsis.pe\/index.php?rest_route=%2Fwp%2Fv2%2Fmedia&parent=28360"}],"wp:term":[{"taxonomy":"product_cat","embeddable":true,"href":"https:\/\/apocalipsis.pe\/index.php?rest_route=%2Fwp%2Fv2%2Fproduct_cat&post=28360"},{"taxonomy":"product_tag","embeddable":true,"href":"https:\/\/apocalipsis.pe\/index.php?rest_route=%2Fwp%2Fv2%2Fproduct_tag&post=28360"}],"curies":[{"name":"wp","href":"https:\/\/api.w.org\/{rel}","templated":true}]}}