{"id":28354,"date":"2024-08-22T23:15:42","date_gmt":"2024-08-22T23:15:42","guid":{"rendered":"https:\/\/apocalipsis.pe\/?post_type=product&#038;p=28354"},"modified":"2024-09-04T21:41:47","modified_gmt":"2024-09-04T21:41:47","slug":"vegan-protein-blend-1kg","status":"publish","type":"product","link":"https:\/\/apocalipsis.pe\/?product=vegan-protein-blend-1kg","title":{"rendered":"Vegan Protein Blend 1kg"},"content":{"rendered":"<p>La Mezcla de Prote\u00edna Vegana est\u00e1 repleta de amino\u00e1cidos esenciales y proporciona 24 g de prote\u00edna vegetal por raci\u00f3n. Nuestra f\u00f3rmula est\u00e1 creada para ayudarte a conseguir tus objetivos y contiene aislado de prote\u00edna de guisante y alubia.<\/p>\n","protected":false},"excerpt":{"rendered":"<ul>\n<li>22 g de prote\u00ednas por raci\u00f3n<\/li>\n<li>5 g de BCAA<\/li>\n<li>Bajo en az\u00facar con menos de 2 g de carbohidratos<\/li>\n<li>Sin sabores artificiales ni edulcorantes<\/li>\n<\/ul>\n","protected":false},"featured_media":28566,"comment_status":"open","ping_status":"closed","template":"","meta":[],"product_cat":[20,36],"product_tag":[],"aioseo_notices":[],"_links":{"self":[{"href":"https:\/\/apocalipsis.pe\/index.php?rest_route=\/wp\/v2\/product\/28354"}],"collection":[{"href":"https:\/\/apocalipsis.pe\/index.php?rest_route=\/wp\/v2\/product"}],"about":[{"href":"https:\/\/apocalipsis.pe\/index.php?rest_route=\/wp\/v2\/types\/product"}],"replies":[{"embeddable":true,"href":"https:\/\/apocalipsis.pe\/index.php?rest_route=%2Fwp%2Fv2%2Fcomments&post=28354"}],"version-history":[{"count":3,"href":"https:\/\/apocalipsis.pe\/index.php?rest_route=\/wp\/v2\/product\/28354\/revisions"}],"predecessor-version":[{"id":28691,"href":"https:\/\/apocalipsis.pe\/index.php?rest_route=\/wp\/v2\/product\/28354\/revisions\/28691"}],"wp:featuredmedia":[{"embeddable":true,"href":"https:\/\/apocalipsis.pe\/index.php?rest_route=\/wp\/v2\/media\/28566"}],"wp:attachment":[{"href":"https:\/\/apocalipsis.pe\/index.php?rest_route=%2Fwp%2Fv2%2Fmedia&parent=28354"}],"wp:term":[{"taxonomy":"product_cat","embeddable":true,"href":"https:\/\/apocalipsis.pe\/index.php?rest_route=%2Fwp%2Fv2%2Fproduct_cat&post=28354"},{"taxonomy":"product_tag","embeddable":true,"href":"https:\/\/apocalipsis.pe\/index.php?rest_route=%2Fwp%2Fv2%2Fproduct_tag&post=28354"}],"curies":[{"name":"wp","href":"https:\/\/api.w.org\/{rel}","templated":true}]}}