{"id":28344,"date":"2024-08-22T19:59:37","date_gmt":"2024-08-22T19:59:37","guid":{"rendered":"https:\/\/apocalipsis.pe\/?post_type=product&#038;p=28344"},"modified":"2024-09-04T21:42:15","modified_gmt":"2024-09-04T21:42:15","slug":"collagen-protein-1kg","status":"publish","type":"product","link":"https:\/\/apocalipsis.pe\/?product=collagen-protein-1kg","title":{"rendered":"Collagen Protein 1kg"},"content":{"rendered":"<p>Esta mezcla est\u00e1 hecha con p\u00e9ptidos de col\u00e1geno altamente purificados para ofrecerte un delicioso batido con al menos un contenido del 90 % de prote\u00edna, ayud\u00e1ndote a satisfacer tu ingesta diaria sin grasas ni hidratos de carbono innecesarios: ideal para tus objetivos de p\u00e9rdida de peso y aumento de musculatura.<\/p>\n<h3><strong>Nuestros Envases<\/strong><\/h3>\n<p>Hemos pasado por una emocionante reestructuraci\u00f3n, y al entrar en una nueva era, vas a ver nuestros nuevos dise\u00f1os en vuestros productos Myprotein. El cambio siempre es para bien. Pero el cambio lleva tiempo. Especialmente cuando queremos hacer los cambios de manera responsable con el medioambiente. No vamos a desperdiciar nuestros envases que est\u00e1n perfectamente en buen estado pero que tienen a\u00fan el dise\u00f1o antiguo, por lo cual ir\u00e1 en contra de nuestro compromiso con la sostenibilidad, es posible que recibas una mezcla de productos con nuestros dise\u00f1os antiguos y con los nuevos en tus pedidos. Ten por seguro que siguen siendo el mismo producto de alta calidad, tal como esperas. Gracias por unirte a nosotros en nuestro camino para reducir nuestro impacto en el planeta, mientras maximizamos nuestro impacto en nuestra comunidad.<\/p>\n","protected":false},"excerpt":{"rendered":"<ul>\n<li>P\u00e9ptidos de col\u00e1geno altamente purificados<\/li>\n<li>22 g de prote\u00ednas por raci\u00f3n<\/li>\n<li>Cero grasas o az\u00facares<\/li>\n<li>Mezcla suave<\/li>\n<\/ul>\n","protected":false},"featured_media":28348,"comment_status":"open","ping_status":"closed","template":"","meta":[],"product_cat":[46,20],"product_tag":[],"aioseo_notices":[],"_links":{"self":[{"href":"https:\/\/apocalipsis.pe\/index.php?rest_route=\/wp\/v2\/product\/28344"}],"collection":[{"href":"https:\/\/apocalipsis.pe\/index.php?rest_route=\/wp\/v2\/product"}],"about":[{"href":"https:\/\/apocalipsis.pe\/index.php?rest_route=\/wp\/v2\/types\/product"}],"replies":[{"embeddable":true,"href":"https:\/\/apocalipsis.pe\/index.php?rest_route=%2Fwp%2Fv2%2Fcomments&post=28344"}],"version-history":[{"count":3,"href":"https:\/\/apocalipsis.pe\/index.php?rest_route=\/wp\/v2\/product\/28344\/revisions"}],"predecessor-version":[{"id":28692,"href":"https:\/\/apocalipsis.pe\/index.php?rest_route=\/wp\/v2\/product\/28344\/revisions\/28692"}],"wp:featuredmedia":[{"embeddable":true,"href":"https:\/\/apocalipsis.pe\/index.php?rest_route=\/wp\/v2\/media\/28348"}],"wp:attachment":[{"href":"https:\/\/apocalipsis.pe\/index.php?rest_route=%2Fwp%2Fv2%2Fmedia&parent=28344"}],"wp:term":[{"taxonomy":"product_cat","embeddable":true,"href":"https:\/\/apocalipsis.pe\/index.php?rest_route=%2Fwp%2Fv2%2Fproduct_cat&post=28344"},{"taxonomy":"product_tag","embeddable":true,"href":"https:\/\/apocalipsis.pe\/index.php?rest_route=%2Fwp%2Fv2%2Fproduct_tag&post=28344"}],"curies":[{"name":"wp","href":"https:\/\/api.w.org\/{rel}","templated":true}]}}