{"id":28341,"date":"2024-08-22T19:55:56","date_gmt":"2024-08-22T19:55:56","guid":{"rendered":"https:\/\/apocalipsis.pe\/?post_type=product&#038;p=28341"},"modified":"2024-09-04T21:42:43","modified_gmt":"2024-09-04T21:42:43","slug":"glutamina-250gr","status":"publish","type":"product","link":"https:\/\/apocalipsis.pe\/?product=glutamina-250gr","title":{"rendered":"Glutamina 250Gr"},"content":{"rendered":"<p><strong>La glutamina<\/strong>\u00a0es uno de los amino\u00e1cidos naturales m\u00e1s populares. Al ser el amino\u00e1cido m\u00e1s abundante del organismo y del musculo se convierte en uno de los m\u00e1s importante para los atletas. El principal beneficio de la glutamina es que ayuda a reconstruir y reparar el musculo, por ello la glutamina es importante para alcanzar tus metas corporales y de entrenamiento.<\/p>\n<p>La glutamina es un amino\u00e1cido semi-escencial (es decir que es producido por el organismo, pero no en cantidades suficientes para cubrir los requerimientos por eso debe consumirse en la dieta. Este suplemento es de f\u00e1cil diluci\u00f3n y se mezcla con agua y otros suplementos.<br \/>\nEste amino\u00e1cido se encuentra de manera natural en carne, huevo, pescado, pero no de manera aislada. La glutamina en polvo es super conveniente, econ\u00f3mico y f\u00e1cil de integrar a tu dieta.<\/p>\n<h3>\u00bfC\u00f3mo consumir\u00a0<strong>L-glutamine Myprotein<\/strong>?<\/h3>\n<p>Para conseguir beneficios de la glutamina debe consumir 1 scoop y medio de glutamina diluidos en 240ml de agua (8 onzas) o bebida de su preferencia.<\/p>\n","protected":false},"excerpt":{"rendered":"<p>L-Glutamina de grado farmac\u00e9utico<\/p>\n<p>BENEFICIOS:<\/p>\n<ul>\n<li>Disminuye el catabolismo muscular<\/li>\n<li>Disminuye los dolores post entrenamiento<\/li>\n<li>Favorece la reconstrucci\u00f3n y recuperaci\u00f3n muscular r\u00e1pida.<\/li>\n<li>Evita el deterioro muscular que ocurre durante la edad avanzada<\/li>\n<li>Tiene efectos beneficiosos en la flora intestinal y sistema inmune.<\/li>\n<\/ul>\n","protected":false},"featured_media":28340,"comment_status":"open","ping_status":"closed","template":"","meta":[],"product_cat":[34,20],"product_tag":[],"aioseo_notices":[],"_links":{"self":[{"href":"https:\/\/apocalipsis.pe\/index.php?rest_route=\/wp\/v2\/product\/28341"}],"collection":[{"href":"https:\/\/apocalipsis.pe\/index.php?rest_route=\/wp\/v2\/product"}],"about":[{"href":"https:\/\/apocalipsis.pe\/index.php?rest_route=\/wp\/v2\/types\/product"}],"replies":[{"embeddable":true,"href":"https:\/\/apocalipsis.pe\/index.php?rest_route=%2Fwp%2Fv2%2Fcomments&post=28341"}],"version-history":[{"count":2,"href":"https:\/\/apocalipsis.pe\/index.php?rest_route=\/wp\/v2\/product\/28341\/revisions"}],"predecessor-version":[{"id":28693,"href":"https:\/\/apocalipsis.pe\/index.php?rest_route=\/wp\/v2\/product\/28341\/revisions\/28693"}],"wp:featuredmedia":[{"embeddable":true,"href":"https:\/\/apocalipsis.pe\/index.php?rest_route=\/wp\/v2\/media\/28340"}],"wp:attachment":[{"href":"https:\/\/apocalipsis.pe\/index.php?rest_route=%2Fwp%2Fv2%2Fmedia&parent=28341"}],"wp:term":[{"taxonomy":"product_cat","embeddable":true,"href":"https:\/\/apocalipsis.pe\/index.php?rest_route=%2Fwp%2Fv2%2Fproduct_cat&post=28341"},{"taxonomy":"product_tag","embeddable":true,"href":"https:\/\/apocalipsis.pe\/index.php?rest_route=%2Fwp%2Fv2%2Fproduct_tag&post=28341"}],"curies":[{"name":"wp","href":"https:\/\/api.w.org\/{rel}","templated":true}]}}