{"id":28318,"date":"2024-08-22T19:27:34","date_gmt":"2024-08-22T19:27:34","guid":{"rendered":"https:\/\/apocalipsis.pe\/?post_type=product&#038;p=28318"},"modified":"2024-09-03T02:34:11","modified_gmt":"2024-09-03T02:34:11","slug":"hydrolysed-5lb-copia","status":"publish","type":"product","link":"https:\/\/apocalipsis.pe\/?product=hydrolysed-5lb-copia","title":{"rendered":"Gold Standard Isolate 5Lb"},"content":{"rendered":"<ul>\n<li>Prote\u00edna de suero de leche 100% hidrolizado<\/li>\n<li>Ideal para intolerantes a la lactosa<\/li>\n<li>Prote\u00edna de f\u00e1cil y r\u00e1pida absorci\u00f3n<\/li>\n<li>25g de prote\u00ednas por scoop<\/li>\n<li>5.5g de BCAAs<\/li>\n<li>Certificaci\u00f3n \u201c\u201dInformed choice\u201d\u201d<\/li>\n<\/ul>\n","protected":false},"excerpt":{"rendered":"<ul>\n<li>Ideal para complementar tu nutrici\u00f3n<\/li>\n<li>Contribuye al aumento de la masa muscular<\/li>\n<li>Ideal para la etapa de definici\u00f3n muscular<\/li>\n<\/ul>\n","protected":false},"featured_media":28608,"comment_status":"open","ping_status":"closed","template":"","meta":[],"product_cat":[17,36],"product_tag":[],"aioseo_notices":[],"_links":{"self":[{"href":"https:\/\/apocalipsis.pe\/index.php?rest_route=\/wp\/v2\/product\/28318"}],"collection":[{"href":"https:\/\/apocalipsis.pe\/index.php?rest_route=\/wp\/v2\/product"}],"about":[{"href":"https:\/\/apocalipsis.pe\/index.php?rest_route=\/wp\/v2\/types\/product"}],"replies":[{"embeddable":true,"href":"https:\/\/apocalipsis.pe\/index.php?rest_route=%2Fwp%2Fv2%2Fcomments&post=28318"}],"version-history":[{"count":4,"href":"https:\/\/apocalipsis.pe\/index.php?rest_route=\/wp\/v2\/product\/28318\/revisions"}],"predecessor-version":[{"id":28427,"href":"https:\/\/apocalipsis.pe\/index.php?rest_route=\/wp\/v2\/product\/28318\/revisions\/28427"}],"wp:featuredmedia":[{"embeddable":true,"href":"https:\/\/apocalipsis.pe\/index.php?rest_route=\/wp\/v2\/media\/28608"}],"wp:attachment":[{"href":"https:\/\/apocalipsis.pe\/index.php?rest_route=%2Fwp%2Fv2%2Fmedia&parent=28318"}],"wp:term":[{"taxonomy":"product_cat","embeddable":true,"href":"https:\/\/apocalipsis.pe\/index.php?rest_route=%2Fwp%2Fv2%2Fproduct_cat&post=28318"},{"taxonomy":"product_tag","embeddable":true,"href":"https:\/\/apocalipsis.pe\/index.php?rest_route=%2Fwp%2Fv2%2Fproduct_tag&post=28318"}],"curies":[{"name":"wp","href":"https:\/\/api.w.org\/{rel}","templated":true}]}}