{"id":28308,"date":"2024-08-22T19:14:18","date_gmt":"2024-08-22T19:14:18","guid":{"rendered":"https:\/\/apocalipsis.pe\/?post_type=product&#038;p=28308"},"modified":"2024-09-05T04:04:11","modified_gmt":"2024-09-05T04:04:11","slug":"pre-advanced-400gr","status":"publish","type":"product","link":"https:\/\/apocalipsis.pe\/?product=pre-advanced-400gr","title":{"rendered":"Pre Advanced 400 gr 20 servicios"},"content":{"rendered":"<p>Est\u00e1 dise\u00f1ado para ayudarte a liberar energ\u00eda intensa, bombeos y rendimiento para que puedas alcanzar la cima de tu juego y aplastar tu siguiente serie.<\/p>\n","protected":false},"excerpt":{"rendered":"<p>Para energ\u00eda intensa, rendimiento y resistencia<\/p>\n","protected":false},"featured_media":28316,"comment_status":"closed","ping_status":"closed","template":"","meta":[],"product_cat":[17,35],"product_tag":[],"aioseo_notices":[],"_links":{"self":[{"href":"https:\/\/apocalipsis.pe\/index.php?rest_route=\/wp\/v2\/product\/28308"}],"collection":[{"href":"https:\/\/apocalipsis.pe\/index.php?rest_route=\/wp\/v2\/product"}],"about":[{"href":"https:\/\/apocalipsis.pe\/index.php?rest_route=\/wp\/v2\/types\/product"}],"replies":[{"embeddable":true,"href":"https:\/\/apocalipsis.pe\/index.php?rest_route=%2Fwp%2Fv2%2Fcomments&post=28308"}],"version-history":[{"count":5,"href":"https:\/\/apocalipsis.pe\/index.php?rest_route=\/wp\/v2\/product\/28308\/revisions"}],"predecessor-version":[{"id":28739,"href":"https:\/\/apocalipsis.pe\/index.php?rest_route=\/wp\/v2\/product\/28308\/revisions\/28739"}],"wp:featuredmedia":[{"embeddable":true,"href":"https:\/\/apocalipsis.pe\/index.php?rest_route=\/wp\/v2\/media\/28316"}],"wp:attachment":[{"href":"https:\/\/apocalipsis.pe\/index.php?rest_route=%2Fwp%2Fv2%2Fmedia&parent=28308"}],"wp:term":[{"taxonomy":"product_cat","embeddable":true,"href":"https:\/\/apocalipsis.pe\/index.php?rest_route=%2Fwp%2Fv2%2Fproduct_cat&post=28308"},{"taxonomy":"product_tag","embeddable":true,"href":"https:\/\/apocalipsis.pe\/index.php?rest_route=%2Fwp%2Fv2%2Fproduct_tag&post=28308"}],"curies":[{"name":"wp","href":"https:\/\/api.w.org\/{rel}","templated":true}]}}