{"id":28300,"date":"2024-08-22T19:05:12","date_gmt":"2024-08-22T19:05:12","guid":{"rendered":"https:\/\/apocalipsis.pe\/?post_type=product&#038;p=28300"},"modified":"2024-09-03T00:24:00","modified_gmt":"2024-09-03T00:24:00","slug":"nectar-2lb","status":"publish","type":"product","link":"https:\/\/apocalipsis.pe\/?product=nectar-2lb","title":{"rendered":"Nectar 2lb"},"content":{"rendered":"<p class=\"Style1\">Imag\u00ednese qu\u00e9 suceder\u00eda si el nombre Nectar\u00ae, y la calidad y el sabor superiores que simboliza, se fusionaran con las delicias gourmet dulces y deliciosas que una persona podr\u00eda encontrar en una pasteler\u00eda o tienda de golosinas de alta gama. El resultado ser\u00eda un batido de prote\u00ednas irresistible que ser\u00eda un absoluto placer consumir.<\/p>\n<p class=\"Style1\">\u00a1Ya tenemos buenas noticias! \u00a1Ya no tienes que imaginar! Hemos tomado todas las grandes ventajas de la l\u00ednea de productos Nectar\u00ae y las hemos combinado con sabores dulces incre\u00edbles que son incre\u00edblemente deliciosos. Perm\u00edtenos presentarte Nectar\u00ae Sweets&#8230; el ep\u00edtome del sabor gourmet en forma de la bebida proteica m\u00e1s saludable jam\u00e1s creada.<\/p>\n<p class=\"Style1\">Al igual que con toda la l\u00ednea Nectar\u00ae, con Nectar\u00ae Sweets podr\u00e1 disfrutar de sabores gourmet exquisitos y con mucho cuerpo; podr\u00e1 mezclarlos al instante con solo una cuchara; podr\u00e1 disfrutar de suero nativo de la m\u00e1s alta calidad que proviene de vacas libres de rBST que se alimentan de pasto y forraje; y podr\u00e1 disfrutar de una experiencia que lo har\u00e1 sentir como si estuviera en la cima del mundo.<\/p>\n","protected":false},"excerpt":{"rendered":"<ul>\n<li><em>Se mezcla instant\u00e1neamente<\/em><\/li>\n<li><em>Cero carbohidratos, cero grasas, 100 mg de cafe\u00edna*<br \/>\n<\/em><\/li>\n<li><em>Aislado de suero Promina\u2122<\/em><\/li>\n<li><em>Sabor robusto a caf\u00e9 con leche<\/em><\/li>\n<li><em>Sin lactosa y sin gluten<\/em><\/li>\n<\/ul>\n","protected":false},"featured_media":28520,"comment_status":"open","ping_status":"closed","template":"","meta":[],"product_cat":[36,158],"product_tag":[],"aioseo_notices":[],"_links":{"self":[{"href":"https:\/\/apocalipsis.pe\/index.php?rest_route=\/wp\/v2\/product\/28300"}],"collection":[{"href":"https:\/\/apocalipsis.pe\/index.php?rest_route=\/wp\/v2\/product"}],"about":[{"href":"https:\/\/apocalipsis.pe\/index.php?rest_route=\/wp\/v2\/types\/product"}],"replies":[{"embeddable":true,"href":"https:\/\/apocalipsis.pe\/index.php?rest_route=%2Fwp%2Fv2%2Fcomments&post=28300"}],"version-history":[{"count":5,"href":"https:\/\/apocalipsis.pe\/index.php?rest_route=\/wp\/v2\/product\/28300\/revisions"}],"predecessor-version":[{"id":28522,"href":"https:\/\/apocalipsis.pe\/index.php?rest_route=\/wp\/v2\/product\/28300\/revisions\/28522"}],"wp:featuredmedia":[{"embeddable":true,"href":"https:\/\/apocalipsis.pe\/index.php?rest_route=\/wp\/v2\/media\/28520"}],"wp:attachment":[{"href":"https:\/\/apocalipsis.pe\/index.php?rest_route=%2Fwp%2Fv2%2Fmedia&parent=28300"}],"wp:term":[{"taxonomy":"product_cat","embeddable":true,"href":"https:\/\/apocalipsis.pe\/index.php?rest_route=%2Fwp%2Fv2%2Fproduct_cat&post=28300"},{"taxonomy":"product_tag","embeddable":true,"href":"https:\/\/apocalipsis.pe\/index.php?rest_route=%2Fwp%2Fv2%2Fproduct_tag&post=28300"}],"curies":[{"name":"wp","href":"https:\/\/api.w.org\/{rel}","templated":true}]}}