{"id":28293,"date":"2024-08-22T19:01:04","date_gmt":"2024-08-22T19:01:04","guid":{"rendered":"https:\/\/apocalipsis.pe\/?post_type=product&#038;p=28293"},"modified":"2024-09-03T00:17:03","modified_gmt":"2024-09-03T00:17:03","slug":"matrix-5lb","status":"publish","type":"product","link":"https:\/\/apocalipsis.pe\/?product=matrix-5lb","title":{"rendered":"Matrix 5lb"},"content":{"rendered":"<ul>\n<li>Prote\u00edna a base de suero de leche (Whey), alb\u00famina de clara de huevo y case\u00edna micelar<\/li>\n<li>Prote\u00edna de 3 tipos de asimilaci\u00f3n<\/li>\n<li>23g de prote\u00ednas por scoop<\/li>\n<\/ul>\n","protected":false},"excerpt":{"rendered":"<ul>\n<li>Ideal para complementar tu nutrici\u00f3n<\/li>\n<li>Contribuye al aumento de la masa muscular<\/li>\n<li>Recuperaci\u00f3n post-entrenamiento<\/li>\n<\/ul>\n","protected":false},"featured_media":28295,"comment_status":"open","ping_status":"closed","template":"","meta":[],"product_cat":[36,158],"product_tag":[],"aioseo_notices":[],"_links":{"self":[{"href":"https:\/\/apocalipsis.pe\/index.php?rest_route=\/wp\/v2\/product\/28293"}],"collection":[{"href":"https:\/\/apocalipsis.pe\/index.php?rest_route=\/wp\/v2\/product"}],"about":[{"href":"https:\/\/apocalipsis.pe\/index.php?rest_route=\/wp\/v2\/types\/product"}],"replies":[{"embeddable":true,"href":"https:\/\/apocalipsis.pe\/index.php?rest_route=%2Fwp%2Fv2%2Fcomments&post=28293"}],"version-history":[{"count":1,"href":"https:\/\/apocalipsis.pe\/index.php?rest_route=\/wp\/v2\/product\/28293\/revisions"}],"predecessor-version":[{"id":28299,"href":"https:\/\/apocalipsis.pe\/index.php?rest_route=\/wp\/v2\/product\/28293\/revisions\/28299"}],"wp:featuredmedia":[{"embeddable":true,"href":"https:\/\/apocalipsis.pe\/index.php?rest_route=\/wp\/v2\/media\/28295"}],"wp:attachment":[{"href":"https:\/\/apocalipsis.pe\/index.php?rest_route=%2Fwp%2Fv2%2Fmedia&parent=28293"}],"wp:term":[{"taxonomy":"product_cat","embeddable":true,"href":"https:\/\/apocalipsis.pe\/index.php?rest_route=%2Fwp%2Fv2%2Fproduct_cat&post=28293"},{"taxonomy":"product_tag","embeddable":true,"href":"https:\/\/apocalipsis.pe\/index.php?rest_route=%2Fwp%2Fv2%2Fproduct_tag&post=28293"}],"curies":[{"name":"wp","href":"https:\/\/api.w.org\/{rel}","templated":true}]}}