{"id":28283,"date":"2024-08-22T18:46:20","date_gmt":"2024-08-22T18:46:20","guid":{"rendered":"https:\/\/apocalipsis.pe\/?post_type=product&#038;p=28283"},"modified":"2024-08-27T21:23:08","modified_gmt":"2024-08-27T21:23:08","slug":"vitamina-c-1000","status":"publish","type":"product","link":"https:\/\/apocalipsis.pe\/?product=vitamina-c-1000","title":{"rendered":"Vitamina C 1000"},"content":{"rendered":"<p>SUPLEMENTO NUTRICIONAL: No debe utilizarse como sustituto de una dieta equilibrada. Utilice este producto como un suplemento diet\u00e9tico \u00fanicamente. Este producto no est\u00e1 indicado para el diagn\u00f3stico, tratamiento, curaci\u00f3n ni prevenci\u00f3n de alguna enfermedad.<\/p>\n","protected":false},"excerpt":{"rendered":"<div class=\"col-lg-6 col-12 col-md-6 product-images\">\n<div class=\"woocommerce-product-gallery woocommerce-product-gallery--with-images woocommerce-product-gallery--columns-4 images wd-has-thumb thumbs-position-left wd-thumbs-wrap images image-action-popup\">\n<div class=\"wd-carousel-container wd-gallery-thumb\">\n<div class=\"wd-carousel-inner\">\n<div class=\"wd-nav-arrows wd-thumb-nav wd-custom-style wd-pos-sep wd-icon-1\"><\/div>\n<\/div>\n<\/div>\n<\/div>\n<\/div>\n<div class=\"col-lg-6 col-12 col-md-6 text-left summary entry-summary\">\n<div class=\"summary-inner set-mb-l reset-last-child\">\n<form class=\"cart\" action=\"https:\/\/nutripoint.com.pe\/producto\/zinc-gluconato-100-tabletas-windmill\/\" enctype=\"multipart\/form-data\" method=\"post\">\n<div class=\"col-lg-6 col-12 col-md-6 text-left summary entry-summary\">\n<div class=\"summary-inner set-mb-l reset-last-child\">\n<div class=\"woocommerce-tabs wc-tabs-wrapper tabs-layout-accordion wd-accordion wd-style-default wd-inited\" data-state=\"first\" data-layout=\"accordion\">\n<div class=\"wd-accordion-item\">\n<div id=\"tab-item-title-nutripoint_objetivos\" class=\"wd-accordion-title wd-opener-pos-right tab-title-nutripoint_objetivos wd-active\" data-accordion-index=\"nutripoint_objetivos\">\n<div class=\"wd-accordion-title-text\">La Vitamina C de liberaci\u00f3n sostenida de WINDMILL proporciona 1000mg de \u00e1cido asc\u00f3rbico por tableta que se libera durante un per\u00edodo prolongado de tiempo.<\/div>\n<\/div>\n<div id=\"tab-nutripoint_objetivos\" class=\"entry-content woocommerce-Tabs-panel woocommerce-Tabs-panel--nutripoint_objetivos wd-scroll wd-accordion-content wd-active\" role=\"tabpanel\" aria-labelledby=\"tab-title-nutripoint_objetivos\" data-accordion-index=\"nutripoint_objetivos\">\n<div class=\"wc-tab-inner wd-scroll-content\">\n<div class=\"nutripoint-tab\">\n<ul>\n<li>La vitamina C contribuye a la protecci\u00f3n de las c\u00e9lulas frente al da\u00f1o oxidativo.<\/li>\n<li>La vitamina C contribuye al funcionamiento normal del sistema inmunitario durante el ejercicio f\u00edsico intenso y despu\u00e9s de este.<\/li>\n<li>La vitamina C ayuda a disminuir el cansancio y la fatiga.<\/li>\n<\/ul>\n<\/div>\n<\/div>\n<\/div>\n<\/div>\n<\/div>\n<\/div>\n<\/div>\n<\/form>\n<\/div>\n<\/div>\n","protected":false},"featured_media":28285,"comment_status":"closed","ping_status":"closed","template":"","meta":[],"product_cat":[38,154],"product_tag":[],"aioseo_notices":[],"_links":{"self":[{"href":"https:\/\/apocalipsis.pe\/index.php?rest_route=\/wp\/v2\/product\/28283"}],"collection":[{"href":"https:\/\/apocalipsis.pe\/index.php?rest_route=\/wp\/v2\/product"}],"about":[{"href":"https:\/\/apocalipsis.pe\/index.php?rest_route=\/wp\/v2\/types\/product"}],"replies":[{"embeddable":true,"href":"https:\/\/apocalipsis.pe\/index.php?rest_route=%2Fwp%2Fv2%2Fcomments&post=28283"}],"version-history":[{"count":3,"href":"https:\/\/apocalipsis.pe\/index.php?rest_route=\/wp\/v2\/product\/28283\/revisions"}],"predecessor-version":[{"id":28502,"href":"https:\/\/apocalipsis.pe\/index.php?rest_route=\/wp\/v2\/product\/28283\/revisions\/28502"}],"wp:featuredmedia":[{"embeddable":true,"href":"https:\/\/apocalipsis.pe\/index.php?rest_route=\/wp\/v2\/media\/28285"}],"wp:attachment":[{"href":"https:\/\/apocalipsis.pe\/index.php?rest_route=%2Fwp%2Fv2%2Fmedia&parent=28283"}],"wp:term":[{"taxonomy":"product_cat","embeddable":true,"href":"https:\/\/apocalipsis.pe\/index.php?rest_route=%2Fwp%2Fv2%2Fproduct_cat&post=28283"},{"taxonomy":"product_tag","embeddable":true,"href":"https:\/\/apocalipsis.pe\/index.php?rest_route=%2Fwp%2Fv2%2Fproduct_tag&post=28283"}],"curies":[{"name":"wp","href":"https:\/\/api.w.org\/{rel}","templated":true}]}}