{"id":28278,"date":"2024-08-22T18:36:33","date_gmt":"2024-08-22T18:36:33","guid":{"rendered":"https:\/\/apocalipsis.pe\/?post_type=product&#038;p=28278"},"modified":"2024-08-27T21:26:00","modified_gmt":"2024-08-27T21:26:00","slug":"zinc-gluconato-100-tab","status":"publish","type":"product","link":"https:\/\/apocalipsis.pe\/?product=zinc-gluconato-100-tab","title":{"rendered":"Zinc Gluconato-100 Tab"},"content":{"rendered":"<ul>\n<li>El zinc contribuye al metabolismo normal de los hidratos de carbono.<\/li>\n<li>El zinc contribuye a la funci\u00f3n cognitiva normal.<\/li>\n<li>El zinc contribuye a la s\u00edntesis prote\u00ednica normal.<\/li>\n<li>El zinc contribuye al mantenimiento de los huesos en condiciones normales.<\/li>\n<\/ul>\n<p>SUPLEMENTO NUTRICIONAL: No debe utilizarse como sustituto de una dieta equilibrada. Este producto no est\u00e1 indicado para el diagn\u00f3stico, tratamiento, curaci\u00f3n ni prevenci\u00f3n de alguna enfermedad.<\/p>\n","protected":false},"excerpt":{"rendered":"<div class=\"col-lg-6 col-12 col-md-6 product-images\">\n<div class=\"woocommerce-product-gallery woocommerce-product-gallery--with-images woocommerce-product-gallery--columns-4 images wd-has-thumb thumbs-position-left wd-thumbs-wrap images image-action-popup\">\n<div class=\"wd-carousel-container wd-gallery-thumb\">\n<div class=\"wd-carousel-inner\">\n<div class=\"wd-nav-arrows wd-thumb-nav wd-custom-style wd-pos-sep wd-icon-1\">\n<div class=\"wd-btn-arrow wd-prev wd-disabled wd-lock\"><\/div>\n<\/div>\n<\/div>\n<\/div>\n<\/div>\n<\/div>\n<div class=\"col-lg-6 col-12 col-md-6 text-left summary entry-summary\">\n<div class=\"summary-inner set-mb-l reset-last-child\">\n<form class=\"cart\" action=\"https:\/\/nutripoint.com.pe\/producto\/zinc-gluconato-100-tabletas-windmill\/\" enctype=\"multipart\/form-data\" method=\"post\">La vitamina Zinc Gluconato de WINDMILL proporciona 50 mg de Gluconato de Zinc por tableta. El zinc es un mineral esencial, que contribuye al metabolismo normal de los macronutrientes<\/form>\n<\/div>\n<\/div>\n","protected":false},"featured_media":28280,"comment_status":"closed","ping_status":"closed","template":"","meta":[],"product_cat":[38,154],"product_tag":[],"aioseo_notices":[],"_links":{"self":[{"href":"https:\/\/apocalipsis.pe\/index.php?rest_route=\/wp\/v2\/product\/28278"}],"collection":[{"href":"https:\/\/apocalipsis.pe\/index.php?rest_route=\/wp\/v2\/product"}],"about":[{"href":"https:\/\/apocalipsis.pe\/index.php?rest_route=\/wp\/v2\/types\/product"}],"replies":[{"embeddable":true,"href":"https:\/\/apocalipsis.pe\/index.php?rest_route=%2Fwp%2Fv2%2Fcomments&post=28278"}],"version-history":[{"count":1,"href":"https:\/\/apocalipsis.pe\/index.php?rest_route=\/wp\/v2\/product\/28278\/revisions"}],"predecessor-version":[{"id":28282,"href":"https:\/\/apocalipsis.pe\/index.php?rest_route=\/wp\/v2\/product\/28278\/revisions\/28282"}],"wp:featuredmedia":[{"embeddable":true,"href":"https:\/\/apocalipsis.pe\/index.php?rest_route=\/wp\/v2\/media\/28280"}],"wp:attachment":[{"href":"https:\/\/apocalipsis.pe\/index.php?rest_route=%2Fwp%2Fv2%2Fmedia&parent=28278"}],"wp:term":[{"taxonomy":"product_cat","embeddable":true,"href":"https:\/\/apocalipsis.pe\/index.php?rest_route=%2Fwp%2Fv2%2Fproduct_cat&post=28278"},{"taxonomy":"product_tag","embeddable":true,"href":"https:\/\/apocalipsis.pe\/index.php?rest_route=%2Fwp%2Fv2%2Fproduct_tag&post=28278"}],"curies":[{"name":"wp","href":"https:\/\/api.w.org\/{rel}","templated":true}]}}