{"id":28261,"date":"2024-08-22T17:14:04","date_gmt":"2024-08-22T17:14:04","guid":{"rendered":"https:\/\/apocalipsis.pe\/?post_type=product&#038;p=28261"},"modified":"2024-08-23T21:24:16","modified_gmt":"2024-08-23T21:24:16","slug":"arginina-power-800mg","status":"publish","type":"product","link":"https:\/\/apocalipsis.pe\/?product=arginina-power-800mg","title":{"rendered":"Arginina Power 800mg"},"content":{"rendered":"<p>Este suplemento de arginina destaca por su inmejorable calidad y su atractivo precio. Experimente el poder de la mejora del flujo sangu\u00edneo y el aporte de nutrientes, todo ello mientras disfruta de sus m\u00faltiples beneficios. Con Ultimate Nutrition\u00ae, est\u00e1 invirtiendo en el futuro de su salud. Aproveche los beneficios; alim\u00e9ntese con lo mejor.<\/p>\n","protected":false},"excerpt":{"rendered":"<p>M\u00e1s que un simple amino\u00e1cido que ayuda al cuerpo a construir prote\u00ednas. Sum\u00e9rgete en los beneficios de la L-Arginina para hombres, potenciando el rendimiento y la vitalidad muscular.<\/p>\n","protected":false},"featured_media":28263,"comment_status":"open","ping_status":"closed","template":"","meta":[],"product_cat":[18,38],"product_tag":[],"aioseo_notices":[],"_links":{"self":[{"href":"https:\/\/apocalipsis.pe\/index.php?rest_route=\/wp\/v2\/product\/28261"}],"collection":[{"href":"https:\/\/apocalipsis.pe\/index.php?rest_route=\/wp\/v2\/product"}],"about":[{"href":"https:\/\/apocalipsis.pe\/index.php?rest_route=\/wp\/v2\/types\/product"}],"replies":[{"embeddable":true,"href":"https:\/\/apocalipsis.pe\/index.php?rest_route=%2Fwp%2Fv2%2Fcomments&post=28261"}],"version-history":[{"count":1,"href":"https:\/\/apocalipsis.pe\/index.php?rest_route=\/wp\/v2\/product\/28261\/revisions"}],"predecessor-version":[{"id":28265,"href":"https:\/\/apocalipsis.pe\/index.php?rest_route=\/wp\/v2\/product\/28261\/revisions\/28265"}],"wp:featuredmedia":[{"embeddable":true,"href":"https:\/\/apocalipsis.pe\/index.php?rest_route=\/wp\/v2\/media\/28263"}],"wp:attachment":[{"href":"https:\/\/apocalipsis.pe\/index.php?rest_route=%2Fwp%2Fv2%2Fmedia&parent=28261"}],"wp:term":[{"taxonomy":"product_cat","embeddable":true,"href":"https:\/\/apocalipsis.pe\/index.php?rest_route=%2Fwp%2Fv2%2Fproduct_cat&post=28261"},{"taxonomy":"product_tag","embeddable":true,"href":"https:\/\/apocalipsis.pe\/index.php?rest_route=%2Fwp%2Fv2%2Fproduct_tag&post=28261"}],"curies":[{"name":"wp","href":"https:\/\/api.w.org\/{rel}","templated":true}]}}