{"id":28245,"date":"2024-08-18T06:41:56","date_gmt":"2024-08-18T06:41:56","guid":{"rendered":"https:\/\/apocalipsis.pe\/?post_type=product&#038;p=28245"},"modified":"2024-09-04T22:05:26","modified_gmt":"2024-09-04T22:05:26","slug":"iso-100-3lb-dymatize","status":"publish","type":"product","link":"https:\/\/apocalipsis.pe\/?product=iso-100-3lb-dymatize","title":{"rendered":"Iso 100 3Lb"},"content":{"rendered":"<p><strong>Objetivos:<\/strong><\/p>\n<ul>\n<li>Ideal para complementar tu nutrici\u00f3n<\/li>\n<li>Contribuye al aumento de la masa muscular<\/li>\n<li>Ideal para la etapa de definici\u00f3n muscular<\/li>\n<\/ul>\n<p>&nbsp;<\/p>\n<p><strong>Presentaci\u00f3n y duraci\u00f3n:<\/strong><\/p>\n<ul>\n<li>Sabor Gourmet Chocolate: 71 servicios<\/li>\n<li>Sabor Gourmet vainilla: 76 servicios<\/li>\n<li>La tabla nutricional var\u00eda de acuerdo al sabor<\/li>\n<li>Presentaci\u00f3n ISO 100 de 3lb<\/li>\n<\/ul>\n<p>&nbsp;<\/p>\n<p><strong>Caracter\u00edsiticas:<\/strong><\/p>\n<ul>\n<li>Prote\u00edna de suero de leche 100% hidrolizado<\/li>\n<li>*Ideal para intolerantes a la lactosa<\/li>\n<li>Prote\u00edna de f\u00e1cil y r\u00e1pida absorci\u00f3n<\/li>\n<li>25g de prote\u00ednas por scoop<\/li>\n<li>5.5 g de BCAA<\/li>\n<li>2.6 g Leucina<\/li>\n<li>Certificaci\u00f3n &#8220;Informed choice&#8221;<\/li>\n<\/ul>\n<p>&nbsp;<\/p>\n<p><strong>Modo de empleo:<\/strong><\/p>\n<ul>\n<li>1 scoop disuelto de 250ml o 300ml con agua a tiempo<\/li>\n<li>En caso de entrenar consumirlo al finalizar su rutina<\/li>\n<li>Los d\u00edas de no entrenamiento tomar un scoop en las ma\u00f1anas (desayunos) ya sea en agua, batido de frutas o pancakes.<\/li>\n<\/ul>\n<p>&nbsp;<\/p>\n<p><strong>Advertencias y precauciones:<\/strong><\/p>\n<ul>\n<li>Iso 100 Hydrolyzed Gourmet Vanilla (DE-3031), Iso 100 Hydrolyzed Gourmet Chocolate (DE-3037) Suplemento Nutricional. No superar la dosis diaria recomendada para suplementos diet\u00e9ticos.\u00a0No debe utilizarse como sustituto de una dieta equilibrada.\u00a0Si experimenta erupci\u00f3n cut\u00e1nea u otra reacci\u00f3n al\u00e9rgica, suspenda su uso y consulte a su m\u00e9dico.\u00a0No se recomienda usar en menores de 18 a\u00f1os.<\/li>\n<li>*Cada persona tiene diferente grado de intolerancia a la lactosa, la mayor\u00eda de personas con intolerancia a la lactosa pueden tolerar hasta 12g de lactosa al d\u00eda, otros con menos de 6g al d\u00eda ya sienten malestar.<\/li>\n<\/ul>\n","protected":false},"excerpt":{"rendered":"<ul>\n<li>Prote\u00edna de suero de leche 100% hidrolizado<\/li>\n<li>*Ideal para intolerantes a la lactosa<\/li>\n<li>Prote\u00edna de f\u00e1cil y r\u00e1pida absorci\u00f3n<\/li>\n<li>25g de prote\u00ednas por scoop<\/li>\n<li>5.5 g de BCAA<\/li>\n<li>2.6 g Leucina<\/li>\n<li>Certificaci\u00f3n &#8220;Informed choice&#8221;<\/li>\n<\/ul>\n","protected":false},"featured_media":28581,"comment_status":"open","ping_status":"closed","template":"","meta":[],"product_cat":[27,36],"product_tag":[],"aioseo_notices":[],"_links":{"self":[{"href":"https:\/\/apocalipsis.pe\/index.php?rest_route=\/wp\/v2\/product\/28245"}],"collection":[{"href":"https:\/\/apocalipsis.pe\/index.php?rest_route=\/wp\/v2\/product"}],"about":[{"href":"https:\/\/apocalipsis.pe\/index.php?rest_route=\/wp\/v2\/types\/product"}],"replies":[{"embeddable":true,"href":"https:\/\/apocalipsis.pe\/index.php?rest_route=%2Fwp%2Fv2%2Fcomments&post=28245"}],"version-history":[{"count":4,"href":"https:\/\/apocalipsis.pe\/index.php?rest_route=\/wp\/v2\/product\/28245\/revisions"}],"predecessor-version":[{"id":28704,"href":"https:\/\/apocalipsis.pe\/index.php?rest_route=\/wp\/v2\/product\/28245\/revisions\/28704"}],"wp:featuredmedia":[{"embeddable":true,"href":"https:\/\/apocalipsis.pe\/index.php?rest_route=\/wp\/v2\/media\/28581"}],"wp:attachment":[{"href":"https:\/\/apocalipsis.pe\/index.php?rest_route=%2Fwp%2Fv2%2Fmedia&parent=28245"}],"wp:term":[{"taxonomy":"product_cat","embeddable":true,"href":"https:\/\/apocalipsis.pe\/index.php?rest_route=%2Fwp%2Fv2%2Fproduct_cat&post=28245"},{"taxonomy":"product_tag","embeddable":true,"href":"https:\/\/apocalipsis.pe\/index.php?rest_route=%2Fwp%2Fv2%2Fproduct_tag&post=28245"}],"curies":[{"name":"wp","href":"https:\/\/api.w.org\/{rel}","templated":true}]}}