{"id":28240,"date":"2024-08-18T06:41:15","date_gmt":"2024-08-18T06:41:15","guid":{"rendered":"https:\/\/apocalipsis.pe\/?post_type=product&#038;p=28240"},"modified":"2024-09-04T20:09:55","modified_gmt":"2024-09-04T20:09:55","slug":"amino-x-eaas","status":"publish","type":"product","link":"https:\/\/apocalipsis.pe\/?product=amino-x-eaas","title":{"rendered":"Amino X EAAs"},"content":{"rendered":"<ul>\n<li>10 g de amino\u00e1cidos esenciales por cucharada<\/li>\n<li>5 g de BCAA (2:1:1 Leucina, Isoleucina, Valina)<\/li>\n<li>BCAA 1:1 a otros EAA<\/li>\n<li>Cero az\u00facar<\/li>\n<li>Sin cafe\u00edna<\/li>\n<li>Sabor Watermelon Smash: 25 servicios (375g)<\/li>\n<li>10g de los 9 amino\u00e1cidos esenciales. Formulado en PhD para imitar el perfil de amino\u00e1cidos de la prote\u00edna de suero de leche para apoyar la s\u00edntesis de prote\u00ednas musculares.<\/li>\n<li>F\u00f3rmula dise\u00f1ada con precisi\u00f3n para la s\u00edntesis, recuperaci\u00f3n y resistencia de prote\u00ednas musculares.<\/li>\n<\/ul>\n<p>&nbsp;<\/p>\n<p><strong><u>MODO DE EMPLEO<\/u><\/strong><\/p>\n<ul>\n<li>Consumir antes, durante o despu\u00e9s de tu entrenamiento.<\/li>\n<li>Mezcle 1 cucharada con 6-8 onzas l\u00edquidas de agua fr\u00eda o cualquier bebida de su elecci\u00f3n.<\/li>\n<\/ul>\n","protected":false},"excerpt":{"rendered":"<ul>\n<li>10 g de amino\u00e1cidos esenciales por cucharada<\/li>\n<li>5 g de BCAA (2:1:1 Leucina, Isoleucina, Valina)<\/li>\n<li>BCAA 1:1 a otros EAA<\/li>\n<li>Cero az\u00facar<\/li>\n<li>Sin cafe\u00edna<\/li>\n<li>Sabor Watermelon Smash: 25 servicios (375g)<\/li>\n<li>10g de los 9 amino\u00e1cidos esenciales. Formulado en PhD para imitar el perfil de amino\u00e1cidos de la prote\u00edna de suero de leche para apoyar la s\u00edntesis de prote\u00ednas musculares.<\/li>\n<li>F\u00f3rmula dise\u00f1ada con precisi\u00f3n para la s\u00edntesis, recuperaci\u00f3n y resistencia de prote\u00ednas musculares.<\/li>\n<\/ul>\n","protected":false},"featured_media":28418,"comment_status":"open","ping_status":"closed","template":"","meta":[],"product_cat":[31,63],"product_tag":[],"aioseo_notices":[],"_links":{"self":[{"href":"https:\/\/apocalipsis.pe\/index.php?rest_route=\/wp\/v2\/product\/28240"}],"collection":[{"href":"https:\/\/apocalipsis.pe\/index.php?rest_route=\/wp\/v2\/product"}],"about":[{"href":"https:\/\/apocalipsis.pe\/index.php?rest_route=\/wp\/v2\/types\/product"}],"replies":[{"embeddable":true,"href":"https:\/\/apocalipsis.pe\/index.php?rest_route=%2Fwp%2Fv2%2Fcomments&post=28240"}],"version-history":[{"count":2,"href":"https:\/\/apocalipsis.pe\/index.php?rest_route=\/wp\/v2\/product\/28240\/revisions"}],"predecessor-version":[{"id":28653,"href":"https:\/\/apocalipsis.pe\/index.php?rest_route=\/wp\/v2\/product\/28240\/revisions\/28653"}],"wp:featuredmedia":[{"embeddable":true,"href":"https:\/\/apocalipsis.pe\/index.php?rest_route=\/wp\/v2\/media\/28418"}],"wp:attachment":[{"href":"https:\/\/apocalipsis.pe\/index.php?rest_route=%2Fwp%2Fv2%2Fmedia&parent=28240"}],"wp:term":[{"taxonomy":"product_cat","embeddable":true,"href":"https:\/\/apocalipsis.pe\/index.php?rest_route=%2Fwp%2Fv2%2Fproduct_cat&post=28240"},{"taxonomy":"product_tag","embeddable":true,"href":"https:\/\/apocalipsis.pe\/index.php?rest_route=%2Fwp%2Fv2%2Fproduct_tag&post=28240"}],"curies":[{"name":"wp","href":"https:\/\/api.w.org\/{rel}","templated":true}]}}