{"id":28235,"date":"2024-08-18T06:35:27","date_gmt":"2024-08-18T06:35:27","guid":{"rendered":"https:\/\/apocalipsis.pe\/?post_type=product&#038;p=28235"},"modified":"2024-09-04T18:07:43","modified_gmt":"2024-09-04T18:07:43","slug":"abe-30-servicios","status":"publish","type":"product","link":"https:\/\/apocalipsis.pe\/?product=abe-30-servicios","title":{"rendered":"ABE 30 servicios"},"content":{"rendered":"<p>PRE ENTRENO potente, de \u00faltima generaci\u00f3n y con una combinaci\u00f3n \u00fanica a la que a\u00f1ade beta alanina, creatina monohidrato, creatina etil \u00e9ster y creatina HCL, cafe\u00edna y citrulina malato para garantizar un buen entrenamiento.<\/p>\n<p><span style=\"font-style: inherit; font-weight: inherit;\">ABE es una marca consolida en la elaboraci\u00f3n de pre-entrenos fuertes, es un suplemento pre-workout inteligente y excepcionalmente fuerte, dise\u00f1ado y pensando para el atleta hardcore. Al combinar todos los ingredientes m\u00e1s impresionantes en una f\u00f3rmula segura y efectiva.<\/span><\/p>\n<ul>\n<li><span style=\"font-style: inherit; font-weight: inherit;\">Presentaci\u00f3n: 315gr<\/span><\/li>\n<li><span style=\"font-style: inherit; font-weight: inherit;\">Servicios: 30<\/span><\/li>\n<li style=\"font-style: inherit; font-weight: inherit;\"><span style=\"font-style: inherit; font-weight: inherit;\">Mayor resistencia<\/span><\/li>\n<li style=\"font-style: inherit; font-weight: inherit;\"><span style=\"font-style: inherit; font-weight: inherit;\">Aumento de rendimiento f\u00edsico<\/span><\/li>\n<li style=\"font-style: inherit; font-weight: inherit;\"><span style=\"font-style: inherit; font-weight: inherit;\">Reducci\u00f3n del cansancio y la fatiga<\/span><\/li>\n<li style=\"font-style: inherit; font-weight: inherit;\"><span style=\"font-style: inherit; font-weight: inherit;\">Recuperaci\u00f3n acelerada<\/span><\/li>\n<li style=\"font-style: inherit; font-weight: inherit;\"><span style=\"font-style: inherit; font-weight: inherit;\">Seguro para atletas de alto rendimiento.<\/span><\/li>\n<li style=\"font-style: inherit; font-weight: inherit;\"><span style=\"font-style: inherit; font-weight: inherit;\">Incrementa y potencia tu fuerza<\/span><\/li>\n<li style=\"font-style: inherit; font-weight: inherit;\"><span style=\"font-style: inherit; font-weight: inherit;\">Aptos Para veganos<\/span><\/li>\n<\/ul>\n","protected":false},"excerpt":{"rendered":"<ul>\n<li><span style=\"font-style: inherit; font-weight: inherit;\">Presentaci\u00f3n: 315gr<\/span><\/li>\n<li><span style=\"font-style: inherit; font-weight: inherit;\">Servicios: 30<\/span><\/li>\n<li style=\"font-style: inherit; font-weight: inherit;\"><span style=\"font-style: inherit; font-weight: inherit;\">Mayor resistencia<\/span><\/li>\n<li style=\"font-style: inherit; font-weight: inherit;\"><span style=\"font-style: inherit; font-weight: inherit;\">Aumento de rendimiento f\u00edsico<\/span><\/li>\n<li style=\"font-style: inherit; font-weight: inherit;\"><span style=\"font-style: inherit; font-weight: inherit;\">Reducci\u00f3n del cansancio y la fatiga<\/span><\/li>\n<li style=\"font-style: inherit; font-weight: inherit;\"><span style=\"font-style: inherit; font-weight: inherit;\">Recuperaci\u00f3n acelerada<\/span><\/li>\n<li style=\"font-style: inherit; font-weight: inherit;\"><span style=\"font-style: inherit; font-weight: inherit;\">Seguro para atletas de alto rendimiento.<\/span><\/li>\n<li style=\"font-style: inherit; font-weight: inherit;\"><span style=\"font-style: inherit; font-weight: inherit;\">Incrementa y potencia tu fuerza<\/span><\/li>\n<li style=\"font-style: inherit; font-weight: inherit;\"><span style=\"font-style: inherit; font-weight: inherit;\">Aptos Para veganos<\/span><\/li>\n<\/ul>\n","protected":false},"featured_media":28413,"comment_status":"open","ping_status":"closed","template":"","meta":[],"product_cat":[23,35],"product_tag":[],"aioseo_notices":[],"_links":{"self":[{"href":"https:\/\/apocalipsis.pe\/index.php?rest_route=\/wp\/v2\/product\/28235"}],"collection":[{"href":"https:\/\/apocalipsis.pe\/index.php?rest_route=\/wp\/v2\/product"}],"about":[{"href":"https:\/\/apocalipsis.pe\/index.php?rest_route=\/wp\/v2\/types\/product"}],"replies":[{"embeddable":true,"href":"https:\/\/apocalipsis.pe\/index.php?rest_route=%2Fwp%2Fv2%2Fcomments&post=28235"}],"version-history":[{"count":3,"href":"https:\/\/apocalipsis.pe\/index.php?rest_route=\/wp\/v2\/product\/28235\/revisions"}],"predecessor-version":[{"id":28647,"href":"https:\/\/apocalipsis.pe\/index.php?rest_route=\/wp\/v2\/product\/28235\/revisions\/28647"}],"wp:featuredmedia":[{"embeddable":true,"href":"https:\/\/apocalipsis.pe\/index.php?rest_route=\/wp\/v2\/media\/28413"}],"wp:attachment":[{"href":"https:\/\/apocalipsis.pe\/index.php?rest_route=%2Fwp%2Fv2%2Fmedia&parent=28235"}],"wp:term":[{"taxonomy":"product_cat","embeddable":true,"href":"https:\/\/apocalipsis.pe\/index.php?rest_route=%2Fwp%2Fv2%2Fproduct_cat&post=28235"},{"taxonomy":"product_tag","embeddable":true,"href":"https:\/\/apocalipsis.pe\/index.php?rest_route=%2Fwp%2Fv2%2Fproduct_tag&post=28235"}],"curies":[{"name":"wp","href":"https:\/\/api.w.org\/{rel}","templated":true}]}}