{"id":28212,"date":"2024-08-17T15:39:44","date_gmt":"2024-08-17T15:39:44","guid":{"rendered":"https:\/\/apocalipsis.pe\/?post_type=product&#038;p=28212"},"modified":"2024-09-04T22:06:22","modified_gmt":"2024-09-04T22:06:22","slug":"iso-cool-2lb","status":"publish","type":"product","link":"https:\/\/apocalipsis.pe\/?product=iso-cool-2lb","title":{"rendered":"Iso Cool 2lb"},"content":{"rendered":"<ul>\n<li>Ideal para complementar tu nutrici\u00f3n y para la etapa de definici\u00f3n muscular<\/li>\n<li>Contribuye al aumento de la masa muscular<\/li>\n<\/ul>\n","protected":false},"excerpt":{"rendered":"<ul>\n<li>Prote\u00edna aislado de suero de leche<\/li>\n<li>Ideal para intolerantes a la lactosa<\/li>\n<li>Prote\u00edna de f\u00e1cil y r\u00e1pida absorci\u00f3n<\/li>\n<li>23g de prote\u00ednas por scoop<\/li>\n<li>0g de Carbohidratos<\/li>\n<li>0g de Az\u00facar<\/li>\n<li>0g de grasa<\/li>\n<\/ul>\n","protected":false},"featured_media":28508,"comment_status":"open","ping_status":"closed","template":"","meta":[],"product_cat":[36,18],"product_tag":[],"aioseo_notices":[],"_links":{"self":[{"href":"https:\/\/apocalipsis.pe\/index.php?rest_route=\/wp\/v2\/product\/28212"}],"collection":[{"href":"https:\/\/apocalipsis.pe\/index.php?rest_route=\/wp\/v2\/product"}],"about":[{"href":"https:\/\/apocalipsis.pe\/index.php?rest_route=\/wp\/v2\/types\/product"}],"replies":[{"embeddable":true,"href":"https:\/\/apocalipsis.pe\/index.php?rest_route=%2Fwp%2Fv2%2Fcomments&post=28212"}],"version-history":[{"count":3,"href":"https:\/\/apocalipsis.pe\/index.php?rest_route=\/wp\/v2\/product\/28212\/revisions"}],"predecessor-version":[{"id":28707,"href":"https:\/\/apocalipsis.pe\/index.php?rest_route=\/wp\/v2\/product\/28212\/revisions\/28707"}],"wp:featuredmedia":[{"embeddable":true,"href":"https:\/\/apocalipsis.pe\/index.php?rest_route=\/wp\/v2\/media\/28508"}],"wp:attachment":[{"href":"https:\/\/apocalipsis.pe\/index.php?rest_route=%2Fwp%2Fv2%2Fmedia&parent=28212"}],"wp:term":[{"taxonomy":"product_cat","embeddable":true,"href":"https:\/\/apocalipsis.pe\/index.php?rest_route=%2Fwp%2Fv2%2Fproduct_cat&post=28212"},{"taxonomy":"product_tag","embeddable":true,"href":"https:\/\/apocalipsis.pe\/index.php?rest_route=%2Fwp%2Fv2%2Fproduct_tag&post=28212"}],"curies":[{"name":"wp","href":"https:\/\/api.w.org\/{rel}","templated":true}]}}